{"id":792,"date":"2025-05-12T12:42:28","date_gmt":"2025-05-12T12:42:28","guid":{"rendered":"https:\/\/epic-elion.213-167-227-117.plesk.page\/?page_id=792"},"modified":"2025-07-16T09:18:52","modified_gmt":"2025-07-16T09:18:52","slug":"27-loch-anlage","status":"publish","type":"page","link":"https:\/\/epic-elion.213-167-227-117.plesk.page\/index.php\/27-loch-anlage\/","title":{"rendered":"27-Loch-Anlage"},"content":{"rendered":"<div class=\"wpb-content-wrapper\"><p>[vc_row css_animation=&#8220;fadeInUp&#8220;][vc_column width=&#8220;2\/3&#8243; css=&#8220;.vc_custom_1742572467967{padding-top: 60px !important;}&#8220;][vc_column_text css=&#8220;&#8220;]<\/p>\n<h1>27-Loch-Anlage<\/h1>\n<h2>Golf inmitten der einzigartigen<br \/>\n\u00abTumalandschaft\u00bb von Domat\/Ems<\/h2>\n<p>[\/vc_column_text][\/vc_column][vc_column width=&#8220;1\/3&#8243;][\/vc_column][\/vc_row][vc_row css_animation=&#8220;fadeInUp&#8220;][vc_column width=&#8220;1\/3&#8243;][\/vc_column][vc_column width=&#8220;2\/3&#8243;][vc_column_text css=&#8220;&#8220;]<\/p>\n<div class=\"csc-header csc-header-n2\">\n<p>Abwechslung garantiert! Unsere gesamte Golfanlage erstreckt sich um eine schweizweit einzigartige Tumalandschaft. \u00abTuma\u00bb \u2013 das romanische Wort f\u00fcr H\u00fcgel \u2013 beschreibt die sanft geschwungene Topografie unserer H\u00fcgel, die dem Platz seinen unverwechselbaren Charakter verleihen. Eingebettet in besonderer Naturkulisse, bietet die 27-Loch-Anlage nicht nur sportliche Abwechslung, sondern auch Ruhe fernab des Alltags.<\/p>\n<p>Mit ihrer sorgf\u00e4ltig gestalteten Architektur, der hohen Pflegequalit\u00e4t und der besonderen Lage z\u00e4hlt unsere Anlage zu einem der beliebtesten Golfpl\u00e4tze der Schweiz \u2013 gesch\u00e4tzt von Einsteigerinnen ebenso wie von erfahrenen Golfern.<\/p>\n<\/div>\n<p>[\/vc_column_text][\/vc_column][\/vc_row][vc_row css_animation=&#8220;fadeInUp&#8220;][vc_column][vc_separator css=&#8220;&#8220;][\/vc_column][\/vc_row][vc_row css_animation=&#8220;fadeInUp&#8220; css=&#8220;.vc_custom_1742810638472{margin-top: 0px !important;margin-right: 0px !important;margin-bottom: 0px !important;margin-left: 0px !important;border-top-width: 0px !important;border-right-width: 0px !important;border-bottom-width: 0px !important;border-left-width: 0px !important;padding-top: 0px !important;padding-right: 0px !important;padding-bottom: 0px !important;padding-left: 0px !important;}&#8220;][vc_column css=&#8220;.vc_custom_1742808076561{margin-top: 0px !important;margin-right: 0px !important;margin-bottom: 0px !important;margin-left: 0px !important;border-top-width: 0px !important;border-right-width: 0px !important;border-bottom-width: 0px !important;border-left-width: 0px !important;padding-top: 0px !important;padding-right: 0px !important;padding-bottom: 0px !important;padding-left: 0px !important;}&#8220;]<div class=\"ult-content-box-container \" >\t<a class=\"ult-content-box-anchor\" href=\"https:\/\/epic-elion.213-167-227-117.plesk.page\/index.php\/red-course\/\" >\t\t<div class=\"ult-content-box\" style=\"background-color:#00000000;box-shadow: px px px px none;padding:0px;-webkit-transition: all 700ms ease;-moz-transition: all 700ms ease;-ms-transition: all 700ms ease;-o-transition: all 700ms ease;transition: all 700ms ease;\"  data-hover_bg_color=\"#F2F2F2\"  data-hover_box_shadow=\"none\"   data-responsive_margins=\"margin:0px;\"    data-bg=\"#00000000\" >[vc_row_inner gap=&#8220;35&#8243; css=&#8220;.vc_custom_1742808207893{margin-top: 0px !important;margin-right: 0px !important;margin-bottom: 0px !important;margin-left: 0px !important;border-top-width: 0px !important;border-right-width: 0px !important;border-bottom-width: 0px !important;border-left-width: 0px !important;padding-top: 0px !important;padding-right: 0px !important;padding-bottom: 0px !important;padding-left: 0px !important;}&#8220;][vc_column_inner width=&#8220;1\/3&#8243; css=&#8220;.vc_custom_1751377602100{margin-top: 0px !important;margin-right: 0px !important;margin-bottom: 0px !important;margin-left: 0px !important;border-top-width: 0px !important;border-right-width: 0px !important;border-bottom-width: 0px !important;border-left-width: 0px !important;padding-top: 0px !important;padding-right: 0px !important;padding-bottom: 0px !important;padding-left: 0px !important;}&#8220; offset=&#8220;vc_hidden-md vc_hidden-sm&#8220;][vc_single_image image=&#8220;1638&#8243; img_size=&#8220;full&#8220; alignment=&#8220;right&#8220; css=&#8220;.vc_custom_1752480518257{margin-top: 0px !important;margin-right: 0px !important;margin-bottom: 0px !important;margin-left: 0px !important;border-top-width: 0px !important;border-right-width: 0px !important;border-bottom-width: 0px !important;border-left-width: 0px !important;padding-top: 0px !important;padding-right: 0px !important;padding-bottom: 0px !important;padding-left: 0px !important;}&#8220; image_hovers=&#8220;false&#8220;][\/vc_column_inner][vc_column_inner width=&#8220;2\/3&#8243;][vc_column_text css=&#8220;.vc_custom_1752479969459{margin-top: 0px !important;margin-right: 0px !important;margin-bottom: 0px !important;margin-left: 0px !important;border-top-width: 0px !important;border-right-width: 0px !important;border-bottom-width: 0px !important;border-left-width: 0px !important;padding-top: 0px !important;padding-right: 0px !important;padding-bottom: 0px !important;padding-left: 0px !important;}&#8220;]<\/p>\n<h3>YELLOW COURSE<\/h3>\n<p class=\"\" data-start=\"297\" data-end=\"461\">Die ersten 9 Loch unseres Championship Course zeichnen sich durch abwechslungsreiche Fairways mit attraktiven Wasserhindernissen und gutm\u00fctigen Potbunkern aus.<\/p>\n<p><span style=\"font-size: 10pt;\"><a href=\"https:\/\/epic-elion.213-167-227-117.plesk.page\/index.php\/yellow-course\/\">Mehr erfahren<\/a><\/span>[\/vc_column_text][\/vc_column_inner][\/vc_row_inner]\t\t<\/div>\t<\/a><\/div>[\/vc_column][\/vc_row][vc_row css_animation=&#8220;fadeInUp&#8220;][vc_column][vc_separator css=&#8220;&#8220;][\/vc_column][\/vc_row][vc_row css_animation=&#8220;fadeInUp&#8220; css=&#8220;.vc_custom_1742810638472{margin-top: 0px !important;margin-right: 0px !important;margin-bottom: 0px !important;margin-left: 0px !important;border-top-width: 0px !important;border-right-width: 0px !important;border-bottom-width: 0px !important;border-left-width: 0px !important;padding-top: 0px !important;padding-right: 0px !important;padding-bottom: 0px !important;padding-left: 0px !important;}&#8220;][vc_column css=&#8220;.vc_custom_1742808076561{margin-top: 0px !important;margin-right: 0px !important;margin-bottom: 0px !important;margin-left: 0px !important;border-top-width: 0px !important;border-right-width: 0px !important;border-bottom-width: 0px !important;border-left-width: 0px !important;padding-top: 0px !important;padding-right: 0px !important;padding-bottom: 0px !important;padding-left: 0px !important;}&#8220;]<div class=\"ult-content-box-container \" >\t<a class=\"ult-content-box-anchor\" href=\"https:\/\/epic-elion.213-167-227-117.plesk.page\/index.php\/red-course\/\" >\t\t<div class=\"ult-content-box\" style=\"background-color:#00000000;box-shadow: px px px px none;padding:0px;-webkit-transition: all 700ms ease;-moz-transition: all 700ms ease;-ms-transition: all 700ms ease;-o-transition: all 700ms ease;transition: all 700ms ease;\"  data-hover_bg_color=\"#F2F2F2\"  data-hover_box_shadow=\"none\"   data-responsive_margins=\"margin:0px;\"    data-bg=\"#00000000\" >[vc_row_inner gap=&#8220;35&#8243; css=&#8220;.vc_custom_1742808207893{margin-top: 0px !important;margin-right: 0px !important;margin-bottom: 0px !important;margin-left: 0px !important;border-top-width: 0px !important;border-right-width: 0px !important;border-bottom-width: 0px !important;border-left-width: 0px !important;padding-top: 0px !important;padding-right: 0px !important;padding-bottom: 0px !important;padding-left: 0px !important;}&#8220;][vc_column_inner width=&#8220;1\/3&#8243; css=&#8220;.vc_custom_1751377602100{margin-top: 0px !important;margin-right: 0px !important;margin-bottom: 0px !important;margin-left: 0px !important;border-top-width: 0px !important;border-right-width: 0px !important;border-bottom-width: 0px !important;border-left-width: 0px !important;padding-top: 0px !important;padding-right: 0px !important;padding-bottom: 0px !important;padding-left: 0px !important;}&#8220; offset=&#8220;vc_hidden-md vc_hidden-sm&#8220;][vc_single_image image=&#8220;250&#8243; img_size=&#8220;full&#8220; alignment=&#8220;right&#8220; css=&#8220;.vc_custom_1752480550820{margin-top: 0px !important;margin-right: 0px !important;margin-bottom: 0px !important;margin-left: 0px !important;border-top-width: 0px !important;border-right-width: 0px !important;border-bottom-width: 0px !important;border-left-width: 0px !important;padding-top: 0px !important;padding-right: 0px !important;padding-bottom: 0px !important;padding-left: 0px !important;}&#8220; image_hovers=&#8220;false&#8220;][\/vc_column_inner][vc_column_inner width=&#8220;2\/3&#8243;][vc_column_text css=&#8220;.vc_custom_1752480216796{margin-top: 0px !important;margin-right: 0px !important;margin-bottom: 0px !important;margin-left: 0px !important;border-top-width: 0px !important;border-right-width: 0px !important;border-bottom-width: 0px !important;border-left-width: 0px !important;padding-top: 0px !important;padding-right: 0px !important;padding-bottom: 0px !important;padding-left: 0px !important;}&#8220;]<\/p>\n<h3>RED COURSE<\/h3>\n<p class=\"\" data-start=\"297\" data-end=\"461\">Ebenfalls zum Championship Course geh\u00f6rend. Grossz\u00fcgige Fairways, ondulierte Greens und das wundersch\u00f6ne Inselgreen machen jede Runde besonders.<\/p>\n<p><span style=\"font-size: 10pt;\"><a href=\"https:\/\/epic-elion.213-167-227-117.plesk.page\/index.php\/red-course\/\">Mehr erfahren<\/a><\/span>[\/vc_column_text][\/vc_column_inner][\/vc_row_inner]\t\t<\/div>\t<\/a><\/div>[\/vc_column][\/vc_row][vc_row css_animation=&#8220;fadeInUp&#8220;][vc_column][vc_separator css=&#8220;&#8220;][\/vc_column][\/vc_row][vc_row css_animation=&#8220;fadeInUp&#8220; css=&#8220;.vc_custom_1742810638472{margin-top: 0px !important;margin-right: 0px !important;margin-bottom: 0px !important;margin-left: 0px !important;border-top-width: 0px !important;border-right-width: 0px !important;border-bottom-width: 0px !important;border-left-width: 0px !important;padding-top: 0px !important;padding-right: 0px !important;padding-bottom: 0px !important;padding-left: 0px !important;}&#8220;][vc_column css=&#8220;.vc_custom_1742808076561{margin-top: 0px !important;margin-right: 0px !important;margin-bottom: 0px !important;margin-left: 0px !important;border-top-width: 0px !important;border-right-width: 0px !important;border-bottom-width: 0px !important;border-left-width: 0px !important;padding-top: 0px !important;padding-right: 0px !important;padding-bottom: 0px !important;padding-left: 0px !important;}&#8220;]<div class=\"ult-content-box-container \" >\t<a class=\"ult-content-box-anchor\" href=\"https:\/\/epic-elion.213-167-227-117.plesk.page\/index.php\/blue-course\/\" >\t\t<div class=\"ult-content-box\" style=\"background-color:#00000000;box-shadow: px px px px none;padding:0px;-webkit-transition: all 700ms ease;-moz-transition: all 700ms ease;-ms-transition: all 700ms ease;-o-transition: all 700ms ease;transition: all 700ms ease;\"  data-hover_bg_color=\"#F2F2F2\"  data-hover_box_shadow=\"none\"   data-responsive_margins=\"margin:0px;\"    data-bg=\"#00000000\" >[vc_row_inner gap=&#8220;35&#8243; css=&#8220;.vc_custom_1742808207893{margin-top: 0px !important;margin-right: 0px !important;margin-bottom: 0px !important;margin-left: 0px !important;border-top-width: 0px !important;border-right-width: 0px !important;border-bottom-width: 0px !important;border-left-width: 0px !important;padding-top: 0px !important;padding-right: 0px !important;padding-bottom: 0px !important;padding-left: 0px !important;}&#8220;][vc_column_inner width=&#8220;1\/3&#8243; css=&#8220;.vc_custom_1751377608936{margin-top: 0px !important;margin-right: 0px !important;margin-bottom: 0px !important;margin-left: 0px !important;border-top-width: 0px !important;border-right-width: 0px !important;border-bottom-width: 0px !important;border-left-width: 0px !important;padding-top: 0px !important;padding-right: 0px !important;padding-bottom: 0px !important;padding-left: 0px !important;}&#8220; offset=&#8220;vc_hidden-md vc_hidden-sm&#8220;][vc_single_image image=&#8220;2098&#8243; img_size=&#8220;full&#8220; alignment=&#8220;right&#8220; css=&#8220;.vc_custom_1751036553853{margin-top: 0px !important;margin-right: 0px !important;margin-bottom: 0px !important;margin-left: 0px !important;border-top-width: 0px !important;border-right-width: 0px !important;border-bottom-width: 0px !important;border-left-width: 0px !important;padding-top: 0px !important;padding-right: 0px !important;padding-bottom: 0px !important;padding-left: 0px !important;}&#8220; image_hovers=&#8220;false&#8220;][\/vc_column_inner][vc_column_inner width=&#8220;2\/3&#8243;][vc_column_text css=&#8220;.vc_custom_1752480170112{margin-top: 0px !important;margin-right: 0px !important;margin-bottom: 0px !important;margin-left: 0px !important;border-top-width: 0px !important;border-right-width: 0px !important;border-bottom-width: 0px !important;border-left-width: 0px !important;padding-top: 0px !important;padding-right: 0px !important;padding-bottom: 0px !important;padding-left: 0px !important;}&#8220;]<\/p>\n<h3>BLUE COURSE<\/h3>\n<p class=\"\" data-start=\"463\" data-end=\"638\">Etwas sanfter im Layout und ideal f\u00fcr alle Spielst\u00e4rken. Flachere Greens, spannende Wasserhindernisse und ein spektakul\u00e4rer Inselabschlag sorgen f\u00fcr Spielfreude.<\/p>\n<p><span style=\"font-size: 10pt;\"><a href=\"https:\/\/epic-elion.213-167-227-117.plesk.page\/index.php\/blue-course\/\">Mehr erfahren<\/a><\/span><\/p>\n<p>[\/vc_column_text][\/vc_column_inner][\/vc_row_inner]\t\t<\/div>\t<\/a><\/div>[\/vc_column][\/vc_row][vc_row css_animation=&#8220;fadeInUp&#8220;][vc_column][vc_separator css=&#8220;&#8220;][\/vc_column][\/vc_row][vc_row][vc_column css=&#8220;.vc_custom_1742823621486{padding-top: 100px !important;}&#8220;]\n\t\t\t\t<p class=\"rs-p-wp-fix\"><\/p>\n\t\t\t\t<sr7-module data-alias=\"slider-2\" data-id=\"6\" id=\"SR7_6_1\" class=\"rs-ov-hidden\" data-version=\"6.7.29\">\n\t\t\t\t\t<sr7-adjuster><\/sr7-adjuster>\n\t\t\t\t\t<sr7-content>\n\t\t\t\t\t\t<sr7-slide id=\"SR7_6_1-19\" data-key=\"19\">\n\t\t\t\t\t\t<\/sr7-slide>\n\t\t\t\t\t\t<sr7-slide id=\"SR7_6_1-23\" data-key=\"23\">\n\t\t\t\t\t\t<\/sr7-slide>\n\t\t\t\t\t\t<sr7-slide id=\"SR7_6_1-24\" data-key=\"24\">\n\t\t\t\t\t\t<\/sr7-slide>\n\t\t\t\t\t\t<sr7-slide id=\"SR7_6_1-37\" data-key=\"37\">\n\t\t\t\t\t\t<\/sr7-slide>\n\t\t\t\t\t\t<sr7-slide id=\"SR7_6_1-38\" data-key=\"38\">\n\t\t\t\t\t\t<\/sr7-slide>\n\t\t\t\t\t\t<sr7-slide id=\"SR7_6_1-39\" data-key=\"39\">\n\t\t\t\t\t\t<\/sr7-slide>\n\t\t\t\t\t\t<sr7-slide id=\"SR7_6_1-40\" data-key=\"40\">\n\t\t\t\t\t\t<\/sr7-slide>\n\t\t\t\t\t\t<sr7-slide id=\"SR7_6_1-41\" data-key=\"41\">\n\t\t\t\t\t\t<\/sr7-slide>\n\t\t\t\t\t\t<sr7-slide id=\"SR7_6_1-42\" data-key=\"42\">\n\t\t\t\t\t\t<\/sr7-slide>\n\t\t\t\t\t\t<sr7-slide id=\"SR7_6_1-43\" data-key=\"43\">\n\t\t\t\t\t\t<\/sr7-slide>\n\t\t\t\t\t\t<sr7-slide id=\"SR7_6_1-44\" data-key=\"44\">\n\t\t\t\t\t\t<\/sr7-slide>\n\t\t\t\t\t\t<sr7-slide id=\"SR7_6_1-45\" data-key=\"45\">\n\t\t\t\t\t\t<\/sr7-slide>\n\t\t\t\t\t\t<sr7-slide id=\"SR7_6_1-48\" data-key=\"48\">\n\t\t\t\t\t\t<\/sr7-slide>\n\t\t\t\t\t\t<sr7-slide id=\"SR7_6_1-49\" data-key=\"49\">\n\t\t\t\t\t\t<\/sr7-slide>\n\t\t\t\t\t\t<sr7-slide id=\"SR7_6_1-50\" data-key=\"50\">\n\t\t\t\t\t\t<\/sr7-slide>\n\t\t\t\t\t\t<sr7-slide id=\"SR7_6_1-51\" data-key=\"51\">\n\t\t\t\t\t\t<\/sr7-slide>\n\t\t\t\t\t\t<sr7-slide id=\"SR7_6_1-52\" data-key=\"52\">\n\t\t\t\t\t\t<\/sr7-slide>\n\t\t\t\t\t\t<sr7-slide id=\"SR7_6_1-53\" data-key=\"53\">\n\t\t\t\t\t\t<\/sr7-slide>\n\t\t\t\t\t\t<sr7-slide id=\"SR7_6_1-54\" data-key=\"54\">\n\t\t\t\t\t\t<\/sr7-slide>\n\t\t\t\t\t\t<sr7-slide id=\"SR7_6_1-55\" data-key=\"55\">\n\t\t\t\t\t\t<\/sr7-slide>\n\t\t\t\t\t\t<sr7-slide id=\"SR7_6_1-20\" data-key=\"20\">\n\t\t\t\t\t\t<\/sr7-slide>\n\t\t\t\t\t<\/sr7-content>\n\t\t\t\t\t<image_lists style=\"display:none\">\n\t\t\t\t\t\t<img data-src=\"\/\/epic-elion.213-167-227-117.plesk.page\/wp-content\/uploads\/2025\/06\/L1000760-scaled.jpg\" data-libid=\"1526\" data-lib=\"medialibrary\" width=\"0\" height=\"0\" data-dbsrc=\"Ly9lcGljLWVsaW9uLjIxMy0xNjctMjI3LTExNy5wbGVzay5wYWdlL3dwLWNvbnRlbnQvdXBsb2Fkcy8yMDI1LzA2L0wxMDAwNzYwLXNjYWxlZC5qcGc=\"\/>\n\t\t\t\t\t\t<img data-src=\"\/\/epic-elion.213-167-227-117.plesk.page\/wp-content\/uploads\/2025\/06\/L1000733-scaled.jpg\" data-libid=\"1525\" data-lib=\"medialibrary\" width=\"0\" height=\"0\" data-dbsrc=\"Ly9lcGljLWVsaW9uLjIxMy0xNjctMjI3LTExNy5wbGVzay5wYWdlL3dwLWNvbnRlbnQvdXBsb2Fkcy8yMDI1LzA2L0wxMDAwNzMzLXNjYWxlZC5qcGc=\"\/>\n\t\t\t\t\t\t<img data-src=\"\/\/epic-elion.213-167-227-117.plesk.page\/wp-content\/uploads\/2025\/06\/L1000268-scaled.jpg\" data-libid=\"1524\" data-lib=\"medialibrary\" width=\"0\" height=\"0\" data-dbsrc=\"Ly9lcGljLWVsaW9uLjIxMy0xNjctMjI3LTExNy5wbGVzay5wYWdlL3dwLWNvbnRlbnQvdXBsb2Fkcy8yMDI1LzA2L0wxMDAwMjY4LXNjYWxlZC5qcGc=\"\/>\n\t\t\t\t\t\t<img data-src=\"\/\/epic-elion.213-167-227-117.plesk.page\/wp-content\/uploads\/2025\/06\/L1000216-scaled.jpg\" data-libid=\"1534\" data-lib=\"medialibrary\" width=\"0\" height=\"0\" data-dbsrc=\"Ly9lcGljLWVsaW9uLjIxMy0xNjctMjI3LTExNy5wbGVzay5wYWdlL3dwLWNvbnRlbnQvdXBsb2Fkcy8yMDI1LzA2L0wxMDAwMjE2LXNjYWxlZC5qcGc=\"\/>\n\t\t\t\t\t\t<img data-src=\"\/\/epic-elion.213-167-227-117.plesk.page\/wp-content\/uploads\/2025\/06\/L1000964-scaled.jpg\" data-libid=\"1644\" data-lib=\"medialibrary\" width=\"0\" height=\"0\" data-dbsrc=\"Ly9lcGljLWVsaW9uLjIxMy0xNjctMjI3LTExNy5wbGVzay5wYWdlL3dwLWNvbnRlbnQvdXBsb2Fkcy8yMDI1LzA2L0wxMDAwOTY0LXNjYWxlZC5qcGc=\"\/>\n\t\t\t\t\t\t<img data-src=\"\/\/epic-elion.213-167-227-117.plesk.page\/wp-content\/uploads\/2025\/06\/L1000245-scaled.jpg\" data-libid=\"1536\" data-lib=\"medialibrary\" width=\"0\" height=\"0\" data-dbsrc=\"Ly9lcGljLWVsaW9uLjIxMy0xNjctMjI3LTExNy5wbGVzay5wYWdlL3dwLWNvbnRlbnQvdXBsb2Fkcy8yMDI1LzA2L0wxMDAwMjQ1LXNjYWxlZC5qcGc=\"\/>\n\t\t\t\t\t\t<img data-src=\"\/\/epic-elion.213-167-227-117.plesk.page\/wp-content\/uploads\/2025\/06\/L1000654-scaled.jpg\" data-libid=\"1537\" data-lib=\"medialibrary\" width=\"0\" height=\"0\" data-dbsrc=\"Ly9lcGljLWVsaW9uLjIxMy0xNjctMjI3LTExNy5wbGVzay5wYWdlL3dwLWNvbnRlbnQvdXBsb2Fkcy8yMDI1LzA2L0wxMDAwNjU0LXNjYWxlZC5qcGc=\"\/>\n\t\t\t\t\t\t<img data-src=\"\/\/epic-elion.213-167-227-117.plesk.page\/wp-content\/uploads\/2025\/06\/L1010194-scaled.jpg\" data-libid=\"1538\" data-lib=\"medialibrary\" title=\"L1010194\" width=\"0\" height=\"0\" data-dbsrc=\"Ly9lcGljLWVsaW9uLjIxMy0xNjctMjI3LTExNy5wbGVzay5wYWdlL3dwLWNvbnRlbnQvdXBsb2Fkcy8yMDI1LzA2L0wxMDEwMTk0LXNjYWxlZC5qcGc=\"\/>\n\t\t\t\t\t\t<img data-src=\"\/\/epic-elion.213-167-227-117.plesk.page\/wp-content\/uploads\/2025\/06\/L1000174-scaled.jpg\" data-libid=\"1540\" data-lib=\"medialibrary\" width=\"0\" height=\"0\" data-dbsrc=\"Ly9lcGljLWVsaW9uLjIxMy0xNjctMjI3LTExNy5wbGVzay5wYWdlL3dwLWNvbnRlbnQvdXBsb2Fkcy8yMDI1LzA2L0wxMDAwMTc0LXNjYWxlZC5qcGc=\"\/>\n\t\t\t\t\t\t<img data-src=\"\/\/epic-elion.213-167-227-117.plesk.page\/wp-content\/uploads\/2025\/06\/L1000410-scaled.jpg\" data-libid=\"1541\" data-lib=\"medialibrary\" title=\"L1000410\" width=\"0\" height=\"0\" data-dbsrc=\"Ly9lcGljLWVsaW9uLjIxMy0xNjctMjI3LTExNy5wbGVzay5wYWdlL3dwLWNvbnRlbnQvdXBsb2Fkcy8yMDI1LzA2L0wxMDAwNDEwLXNjYWxlZC5qcGc=\"\/>\n\t\t\t\t\t\t<img data-src=\"\/\/epic-elion.213-167-227-117.plesk.page\/wp-content\/uploads\/2025\/06\/L1000954-scaled.jpg\" data-libid=\"1639\" data-lib=\"medialibrary\" width=\"0\" height=\"0\" data-dbsrc=\"Ly9lcGljLWVsaW9uLjIxMy0xNjctMjI3LTExNy5wbGVzay5wYWdlL3dwLWNvbnRlbnQvdXBsb2Fkcy8yMDI1LzA2L0wxMDAwOTU0LXNjYWxlZC5qcGc=\"\/>\n\t\t\t\t\t\t<img data-src=\"\/\/epic-elion.213-167-227-117.plesk.page\/wp-content\/uploads\/2025\/06\/AC_2613-scaled.jpg\" data-libid=\"1539\" data-lib=\"medialibrary\" width=\"0\" height=\"0\" data-dbsrc=\"Ly9lcGljLWVsaW9uLjIxMy0xNjctMjI3LTExNy5wbGVzay5wYWdlL3dwLWNvbnRlbnQvdXBsb2Fkcy8yMDI1LzA2L0FDXzI2MTMtc2NhbGVkLmpwZw==\"\/>\n\t\t\t\t\t\t<img data-src=\"\/\/epic-elion.213-167-227-117.plesk.page\/wp-content\/uploads\/2025\/06\/L1000943-scaled.jpg\" data-libid=\"1638\" data-lib=\"medialibrary\" title=\"L1000943\" width=\"0\" height=\"0\" data-dbsrc=\"Ly9lcGljLWVsaW9uLjIxMy0xNjctMjI3LTExNy5wbGVzay5wYWdlL3dwLWNvbnRlbnQvdXBsb2Fkcy8yMDI1LzA2L0wxMDAwOTQzLXNjYWxlZC5qcGc=\"\/>\n\t\t\t\t\t\t<img data-src=\"\/\/epic-elion.213-167-227-117.plesk.page\/wp-content\/uploads\/2025\/06\/L1000932-scaled.jpg\" data-libid=\"1637\" data-lib=\"medialibrary\" width=\"0\" height=\"0\" data-dbsrc=\"Ly9lcGljLWVsaW9uLjIxMy0xNjctMjI3LTExNy5wbGVzay5wYWdlL3dwLWNvbnRlbnQvdXBsb2Fkcy8yMDI1LzA2L0wxMDAwOTMyLXNjYWxlZC5qcGc=\"\/>\n\t\t\t\t\t\t<img data-src=\"\/\/epic-elion.213-167-227-117.plesk.page\/wp-content\/uploads\/2025\/06\/L1000925-scaled.jpg\" data-libid=\"1636\" data-lib=\"medialibrary\" width=\"0\" height=\"0\" data-dbsrc=\"Ly9lcGljLWVsaW9uLjIxMy0xNjctMjI3LTExNy5wbGVzay5wYWdlL3dwLWNvbnRlbnQvdXBsb2Fkcy8yMDI1LzA2L0wxMDAwOTI1LXNjYWxlZC5qcGc=\"\/>\n\t\t\t\t\t\t<img data-src=\"\/\/epic-elion.213-167-227-117.plesk.page\/wp-content\/uploads\/2025\/06\/L1000911-scaled.jpg\" data-libid=\"1635\" data-lib=\"medialibrary\" title=\"L1000911\" width=\"0\" height=\"0\" data-dbsrc=\"Ly9lcGljLWVsaW9uLjIxMy0xNjctMjI3LTExNy5wbGVzay5wYWdlL3dwLWNvbnRlbnQvdXBsb2Fkcy8yMDI1LzA2L0wxMDAwOTExLXNjYWxlZC5qcGc=\"\/>\n\t\t\t\t\t\t<img data-src=\"\/\/epic-elion.213-167-227-117.plesk.page\/wp-content\/uploads\/2025\/06\/DSC02752.jpg\" data-libid=\"1640\" data-lib=\"medialibrary\" width=\"0\" height=\"0\" data-dbsrc=\"Ly9lcGljLWVsaW9uLjIxMy0xNjctMjI3LTExNy5wbGVzay5wYWdlL3dwLWNvbnRlbnQvdXBsb2Fkcy8yMDI1LzA2L0RTQzAyNzUyLmpwZw==\"\/>\n\t\t\t\t\t\t<img data-src=\"\/\/epic-elion.213-167-227-117.plesk.page\/wp-content\/uploads\/2025\/06\/L1000655-scaled.jpg\" data-libid=\"1645\" data-lib=\"medialibrary\" width=\"0\" height=\"0\" data-dbsrc=\"Ly9lcGljLWVsaW9uLjIxMy0xNjctMjI3LTExNy5wbGVzay5wYWdlL3dwLWNvbnRlbnQvdXBsb2Fkcy8yMDI1LzA2L0wxMDAwNjU1LXNjYWxlZC5qcGc=\"\/>\n\t\t\t\t\t\t<img data-src=\"\/\/epic-elion.213-167-227-117.plesk.page\/wp-content\/uploads\/2025\/06\/L1000267-scaled.jpg\" data-libid=\"1642\" data-lib=\"medialibrary\" width=\"0\" height=\"0\" data-dbsrc=\"Ly9lcGljLWVsaW9uLjIxMy0xNjctMjI3LTExNy5wbGVzay5wYWdlL3dwLWNvbnRlbnQvdXBsb2Fkcy8yMDI1LzA2L0wxMDAwMjY3LXNjYWxlZC5qcGc=\"\/>\n\t\t\t\t\t\t<img data-src=\"\/\/epic-elion.213-167-227-117.plesk.page\/wp-content\/uploads\/2025\/06\/L1010365-scaled.jpg\" data-libid=\"1643\" data-lib=\"medialibrary\" width=\"0\" height=\"0\" data-dbsrc=\"Ly9lcGljLWVsaW9uLjIxMy0xNjctMjI3LTExNy5wbGVzay5wYWdlL3dwLWNvbnRlbnQvdXBsb2Fkcy8yMDI1LzA2L0wxMDEwMzY1LXNjYWxlZC5qcGc=\"\/>\n\t\t\t\t\t<\/image_lists>\n\t\t\t\t<\/sr7-module>\n\t\t\t\t<script>\n\t\t\t\t\tSR7.PMH ??={}; SR7.PMH[\"SR7_6_1\"] = {cn:100,state:false,fn: function() { if (_tpt!==undefined && _tpt.prepareModuleHeight !== undefined) {  _tpt.prepareModuleHeight({id:\"SR7_6_1\",el:[600,600,600,600,250],type:'standard',shdw:'0',gh:[600,600,600,600,250],gw:[2000,2000,2000,2000,480],vpt:['-100px&#039;,&#039;-100px&#039;,&#039;-100px&#039;,&#039;-100px&#039;,&#039;-100px'],size:{fullWidth:true, fullHeight:false},mh:'0',onh:0,onw:0,bg:{color:'{\"orig\":\"transparent\",\"type\":\"solid\",\"string\":\"transparent\"}'}});   SR7.PMH[\"SR7_6_1\"].state=true;} else if(SR7.PMH[\"SR7_6_1\"].cn-->0)\tsetTimeout( SR7.PMH[\"SR7_6_1\"].fn,19);}};SR7.PMH[\"SR7_6_1\" ].fn();\n\t\t\t\t<\/script>\n[\/vc_column][\/vc_row]<\/p>\n<\/div>","protected":false},"excerpt":{"rendered":"<p>[vc_row css_animation=&#8220;fadeInUp&#8220;][vc_column width=&#8220;2\/3&#8243; css=&#8220;.vc_custom_1742572467967{padding-top: 60px !important;}&#8220;][vc_column_text css=&#8220;&#8220;] 27-Loch-Anlage Golf inmitten der einzigartigen \u00abTumalandschaft\u00bb von Domat\/Ems [\/vc_column_text][\/vc_column][vc_column width=&#8220;1\/3&#8243;][\/vc_column][\/vc_row][vc_row css_animation=&#8220;fadeInUp&#8220;][vc_column width=&#8220;1\/3&#8243;][\/vc_column][vc_column width=&#8220;2\/3&#8243;][vc_column_text css=&#8220;&#8220;] Abwechslung garantiert! Unsere gesamte Golfanlage erstreckt sich um eine schweizweit einzigartige Tumalandschaft. \u00abTuma\u00bb \u2013 das romanische Wort f\u00fcr H\u00fcgel \u2013 beschreibt die sanft geschwungene Topografie unserer H\u00fcgel, die dem Platz seinen unverwechselbaren Charakter verleihen.&hellip;<\/p>\n","protected":false},"author":1,"featured_media":0,"parent":0,"menu_order":0,"comment_status":"closed","ping_status":"closed","template":"","meta":{"_acf_changed":false,"om_disable_all_campaigns":false,"footnotes":""},"class_list":["post-792","page","type-page","status-publish","hentry","description-off"],"acf":[],"_links":{"self":[{"href":"https:\/\/epic-elion.213-167-227-117.plesk.page\/index.php\/wp-json\/wp\/v2\/pages\/792","targetHints":{"allow":["GET"]}}],"collection":[{"href":"https:\/\/epic-elion.213-167-227-117.plesk.page\/index.php\/wp-json\/wp\/v2\/pages"}],"about":[{"href":"https:\/\/epic-elion.213-167-227-117.plesk.page\/index.php\/wp-json\/wp\/v2\/types\/page"}],"author":[{"embeddable":true,"href":"https:\/\/epic-elion.213-167-227-117.plesk.page\/index.php\/wp-json\/wp\/v2\/users\/1"}],"replies":[{"embeddable":true,"href":"https:\/\/epic-elion.213-167-227-117.plesk.page\/index.php\/wp-json\/wp\/v2\/comments?post=792"}],"version-history":[{"count":28,"href":"https:\/\/epic-elion.213-167-227-117.plesk.page\/index.php\/wp-json\/wp\/v2\/pages\/792\/revisions"}],"predecessor-version":[{"id":2622,"href":"https:\/\/epic-elion.213-167-227-117.plesk.page\/index.php\/wp-json\/wp\/v2\/pages\/792\/revisions\/2622"}],"wp:attachment":[{"href":"https:\/\/epic-elion.213-167-227-117.plesk.page\/index.php\/wp-json\/wp\/v2\/media?parent=792"}],"curies":[{"name":"wp","href":"https:\/\/api.w.org\/{rel}","templated":true}]}}