{"id":2114,"date":"2025-06-30T07:25:13","date_gmt":"2025-06-30T07:25:13","guid":{"rendered":"https:\/\/epic-elion.213-167-227-117.plesk.page\/?page_id=2114"},"modified":"2025-07-17T14:01:06","modified_gmt":"2025-07-17T14:01:06","slug":"datenschutz","status":"publish","type":"page","link":"https:\/\/epic-elion.213-167-227-117.plesk.page\/index.php\/datenschutz\/","title":{"rendered":"Datenschutz"},"content":{"rendered":"<div class=\"wpb-content-wrapper\"><p>[vc_row][vc_column width=&#8220;2\/3&#8243;][vc_column_text css=&#8220;&#8220;]<\/p>\n<h1 class=\"csc-firstHeader\">Datenschutzerkl\u00e4rung Golf Club Domat Ems<\/h1>\n<p>[\/vc_column_text][\/vc_column][vc_column width=&#8220;1\/3&#8243;][\/vc_column][\/vc_row][vc_row css_animation=&#8220;fadeInUp&#8220; css=&#8220;.vc_custom_1751268070415{margin-top: 50px !important;}&#8220;][vc_column width=&#8220;2\/3&#8243;][vc_column_text css=&#8220;&#8220;]<\/p>\n<h3>1. Grundsatz<\/h3>\n<p class=\"bodytext\">Der Schutz Ihrer Privatsph\u00e4re ist uns ein wichtiges Anliegen. Mit der folgenden<br \/>\nDatenschutzerkl\u00e4rung erl\u00e4utern wir Ihnen, welche Personendaten wir von Ihnen zu<br \/>\nwelchem Zweck bearbeiten, wenn Sie unsere Website besuchen oder Sie Mitglied in<br \/>\nunserem Verein sind.<\/p>\n<p>&nbsp;<\/p>\n<h3><\/h3>\n<h3>2. Verantwortlicher<\/h3>\n<p class=\"bodytext\">Verantwortlich f\u00fcr die Einhaltung der geltenden Datenschutzbestimmungen ist:<\/p>\n<p class=\"bodytext\">Golf Club Domat Ems<br \/>\nVogelsang<br \/>\nCH-7013 Domat Ems<br \/>\nRenato Tosio<br \/>\nE-Mail: renato.tosio@golfdomatems.ch<br \/>\nTel. 081 \/ 650.35.00<\/p>\n<p>&nbsp;<\/p>\n<h3><\/h3>\n<h3>3. Bearbeitung von Personendaten<\/h3>\n<p class=\"bodytext\">Wir bearbeiten diejenigen Personendaten, die Sieuns zur Verf\u00fcgung stellen zu<br \/>\nVereinszwecken. In diesem Rahmen bearbeiten wir insbesondere Angaben, die Sie<br \/>\nuns selbst bei der Kontaktaufnahme (beispielsweise per Briefpost, E-Mail,<br \/>\nKontaktformular, Social Media oder Telefon), bei der Registrierung f\u00fcr ein<br \/>\nNutzerkonto oder bei der Einschreibung als Vereinsmitglied freiwillig \u00fcbermitteln.<\/p>\n<p>Namentlich werden Ihre Personendaten zu folgenden Zwecken bearbeitet:<\/p>\n<ul>\n<li>Verwaltung Ihrer Mitgliedschaft und Club-Zugang\/Zugriffe<\/li>\n<li>F\u00fchrung einer Mitgliederliste<\/li>\n<li>Rechnungsstellung und Bezahlung der Mitgliedsbeitr\u00e4ge<\/li>\n<li>Bestellung und Verwaltung der Swiss Golf Card<\/li>\n<li>Anmeldung zu Turnieren<\/li>\n<li>Organisation von Schulungen und Trainingslagern<\/li>\n<li>Versand von Korrespondenz<\/li>\n<li>Versand des Magazins durch Swiss Golf<\/li>\n<\/ul>\n<p>&nbsp;<\/p>\n<h3>4. Personendaten von Dritten<\/h3>\n<p class=\"bodytext\">Sofern Sie Personendaten von Dritten an uns \u00fcbermitteln, sind Sie verpflichtet, den<br \/>\nDatenschutz gegen\u00fcber den Dritten zu gew\u00e4hrleisten sowie die Richtigkeit der<br \/>\nPersonendaten sicherzustellen.<\/p>\n<p>&nbsp;<\/p>\n<h3><\/h3>\n<p>&nbsp;<\/p>\n<h3>5. Bearbeitung von Personendaten durch Dritte<\/h3>\n<p class=\"bodytext\">Wir k\u00f6nnen Personendaten durch beauftragte Dritte bearbeiten lassen oder<br \/>\ngemeinsam mit Dritten sowie mit Hilfe von Dritten bearbeiten oder an Dritte<br \/>\n\u00fcbermitteln. Bei den Dritten handelt es sich um Anbieter, deren Leistungen wir in<br \/>\nAnspruch nehmen. Wir gew\u00e4hrleisten auch bei solchen Dritten einen angemessenen<br \/>\nDatenschutz.<\/p>\n<p>Ihre Personendaten werden an folgende Personen \u00fcbermittelt, einschliesslich solche<br \/>\nim Ausland:<\/p>\n<table class=\"contenttable\">\n<thead>\n<tr>\n<th scope=\"col\">Empf\u00e4nger und Ort<\/th>\n<th scope=\"col\">Garantieren<\/th>\n<\/tr>\n<\/thead>\n<tbody>\n<tr>\n<td>\n<p class=\"bodytext\">Swiss Golf (Schweizer Golfverband)<\/p>\n<p>f\u00fcr die Produktion der Swiss Golf<\/p>\n<p>Card, die Registrierung von Scores,<\/p>\n<p>die Verwaltung des Handicap-Index,<\/p>\n<p>die Reservierung von Startzeiten und<\/p>\n<p>die Anmeldung zu Turnieren in<\/p>\n<p>anderen Clubs, den Versand des<\/p>\n<p>Swiss Golf Magazins und von<\/p>\n<p>Newsletter.<\/td>\n<td>Datenschutzerkl\u00e4rung von Swiss Golf<\/td>\n<\/tr>\n<tr>\n<td>\n<p class=\"bodytext\">Anbieter der Datenverwaltungssoftware, wenn sie<\/p>\n<p>bei ihm gespeichert sind.<\/td>\n<td><\/td>\n<\/tr>\n<\/tbody>\n<\/table>\n<h3><\/h3>\n<p>&nbsp;<\/p>\n<h3>\u00a06. Datensicherheit<\/h3>\n<p class=\"bodytext\">Wir treffen angemessene und geeignete technische und organisatorische<br \/>\nMassnahmen, um den Datenschutz und insbesondere die Datensicherheit zu<br \/>\ngew\u00e4hrleisten.<\/p>\n<p>&nbsp;<\/p>\n<h3><\/h3>\n<h3>7. Nutzung der Website (Cookies und Server-Logdateien)<\/h3>\n<p class=\"bodytext\">Wir k\u00f6nnen Cookies f\u00fcr unsere Website verwenden. Bei Cookies \u2013 bei eigenen<br \/>\nCookies (First-Party-Cookies) als auch bei Cookies von Dritten, deren Dienste wir<br \/>\nnutzen (Third-Party-Cookies) \u2013 handelt es sich um Daten, die in Ihrem Browser<br \/>\ngespeichert werden. Solche gespeicherten Daten m\u00fcssen nicht auf traditionelle<br \/>\nCookies in Textform beschr\u00e4nkt sein.<\/p>\n<p>Cookies k\u00f6nnen beim Besuch unserer Website in Ihrem Browser tempor\u00e4r als<br \/>\n\u00abSession Cookies\u00bb oder f\u00fcr einen bestimmten Zeitraum als sogenannte permanente<br \/>\nCookies gespeichert werden. \u00abSession Cookies\u00bb werden automatisch gel\u00f6scht,<br \/>\nwenn Sie Ihren Browser schliessen. Permanente Cookies haben eine bestimmte<br \/>\nSpeicherdauer. Sie erm\u00f6glichen insbesondere, Ihren Browser beim n\u00e4chsten Besuch<br \/>\nunserer Website wiederzuerkennen und dadurch beispielsweise die Reichweite<br \/>\nunserer Website zu messen. Permanente Cookies k\u00f6nnen auch f\u00fcr Online-Marketing<br \/>\nverwendet werden.<\/p>\n<p>Sie k\u00f6nnen Cookies in Ihren Browser-Einstellungen jederzeit ganz oder teilweise<br \/>\ndeaktivieren sowie l\u00f6schen.<\/p>\n<p>Wir k\u00f6nnen f\u00fcr jeden Zugriff auf unsere Website nachfolgende Angaben erfassen,<br \/>\nsofern diese von Ihrem Browser an unsere Server-Infrastruktur \u00fcbermittelt werden<br \/>\noder von unserem Webserver ermittelt werden k\u00f6nnen: Datum und Zeit<br \/>\neinschliesslich Zeitzone, IP-Adresse, Zugriffsstatur. Betriebssystem einschliesslich<br \/>\nBenutzeroberfl\u00e4che und Version, Browser einschliesslich Sprache und Version,<br \/>\naufgerufene einzelne Unter-Seite unserer Website einschliesslich \u00fcbertragener<br \/>\nDatenmenge, schliesslich im gleichen Browser-Fenster aufgerufene Website.<\/p>\n<p>Wir speichern solche Angaben, die auch Personendaten darstellen k\u00f6nnen, in<br \/>\nServer-Logdateien. Die Angaben sind erforderlich, um unser Online-Angebot<br \/>\ndauerhaft, nutzerfreundlich und zuverl\u00e4ssig bereitstellen sowie um die<br \/>\nDatensicherheit und damit insbesondere den Schutz von Personendaten<br \/>\nsicherstellen zu k\u00f6nnen \u2013 auch durch Dritte oder mit Hilfe von Dritten.<\/p>\n<h3><\/h3>\n<p>&nbsp;<\/p>\n<h3>8. Benachrichtigungen und Mitteilungen<\/h3>\n<p class=\"bodytext\">Wir versenden Benachrichtigungen und Mitteilungen wie beispielsweise Newsletter<br \/>\nper E-Mail und \u00fcber andere Kommunikationskan\u00e4le wie beispielsweise Instant<br \/>\nMessaging.<\/p>\n<p>Benachrichtigungen und Mitteilungen k\u00f6nnen Weblinks oder Z\u00e4hlpixel enthalten, die<br \/>\nerfassen, ob eine Mitteilung ge\u00f6ffnet wurde und welche Weblinks dabei angeklickt<br \/>\nwurden. Solche Weblinks und Z\u00e4hlpixel k\u00f6nnen die Nutzung von Benachrichtigungen<br \/>\nund Mitteilungen auch personenbezogen erfassen. Wir ben\u00f6tigen diese statistische<br \/>\nErfassung der Nutzung f\u00fcr die Erfolgs- und Reichweitenmessung, um<br \/>\nBenachrichtigungen und Mitteilungen aufgrund der Bed\u00fcrfnisse und<br \/>\nLesegewohnheiten der Empf\u00e4ngerinnen und Empf\u00e4nger effektiv und nutzerfreundlich<br \/>\nsowie dauerhaft, sicher und zuverl\u00e4ssig anbieten zu k\u00f6nnen.<\/p>\n<h3><\/h3>\n<p>&nbsp;<\/p>\n<h3>9. Anfragen betroffener Personen<\/h3>\n<p class=\"bodytext\">Unsere Mitglieder und weitere Personen haben als betroffene Personen gewisse<br \/>\nRechte, welche wir gew\u00e4hrleisten m\u00fcssen. Insbesondere stehen ihnen folgende<br \/>\nRechte zu:<\/p>\n<ul>\n<li>Auskunftsrecht: Die betroffene Person kann Auskunft dar\u00fcber verlangen, ob<br \/>\nPersonendaten \u00fcber sie bearbeitet werden.<\/li>\n<li>Recht auf Datenherausgabe oder -\u00fcbertragung: Die betroffene Person kann<br \/>\ndie Herausgabe ihrer Personendaten verlangen.<\/li>\n<li>Berichtigungsrecht: Die betroffene Person kann verlangen, dass unrichtige<br \/>\nPersonendaten berichtigt werden.<\/li>\n<\/ul>\n<p class=\"bodytext\">Wir garantieren, dass jede erhaltene Anfragen von betroffenen Personen innert 24<br \/>\nStunden an die f\u00fcr den Datenschutz verantwortliche Person weitergeleitet wird. Mit<br \/>\nder Anfrage ist auch die Best\u00e4tigung mitzuteilen, dass die Identit\u00e4t der anfragenden<br \/>\nPerson festgestellt wurde.<\/p>\n<p>&nbsp;<\/p>\n<h3><\/h3>\n<h3>10. Schlussbestimmungen<\/h3>\n<p class=\"bodytext\">Wir k\u00f6nnen diese Datenschutzerkl\u00e4rung jederzeit anpassen und erg\u00e4nzen. Wir<br \/>\nwerden \u00fcber solche Anpassungen und Erg\u00e4nzungen in geeigneter Form informieren,<br \/>\ninsbesondere durch Ver\u00f6ffentlichung der jeweils aktuellen Datenschutzerkl\u00e4rung auf<br \/>\nunserer Website.<\/p>\n<p>&nbsp;<\/p>\n<p>Chur, 2025[\/vc_column_text][\/vc_column][vc_column width=&#8220;1\/3&#8243;][\/vc_column][\/vc_row][vc_row full_width=&#8220;stretch_row_content&#8220; css_animation=&#8220;fadeInUp&#8220; parallax_content=&#8220;parallax_content_value&#8220; parallax_content_sense=&#8220;30&#8243; css=&#8220;.vc_custom_1742823234082{margin-bottom: 0px !important;border-bottom-width: 0px !important;padding-top: 100px !important;padding-bottom: 0px !important;}&#8220;][vc_column css=&#8220;.vc_custom_1742822866296{margin-bottom: 0px !important;border-bottom-width: 0px !important;padding-bottom: 0px !important;}&#8220;]\n\t\t\t\t<p class=\"rs-p-wp-fix\"><\/p>\n\t\t\t\t<sr7-module data-alias=\"slider-2\" data-id=\"6\" id=\"SR7_6_1\" class=\"rs-ov-hidden\" data-version=\"6.7.29\">\n\t\t\t\t\t<sr7-adjuster><\/sr7-adjuster>\n\t\t\t\t\t<sr7-content>\n\t\t\t\t\t\t<sr7-slide id=\"SR7_6_1-19\" data-key=\"19\">\n\t\t\t\t\t\t<\/sr7-slide>\n\t\t\t\t\t\t<sr7-slide id=\"SR7_6_1-23\" data-key=\"23\">\n\t\t\t\t\t\t<\/sr7-slide>\n\t\t\t\t\t\t<sr7-slide id=\"SR7_6_1-24\" data-key=\"24\">\n\t\t\t\t\t\t<\/sr7-slide>\n\t\t\t\t\t\t<sr7-slide id=\"SR7_6_1-37\" data-key=\"37\">\n\t\t\t\t\t\t<\/sr7-slide>\n\t\t\t\t\t\t<sr7-slide id=\"SR7_6_1-38\" data-key=\"38\">\n\t\t\t\t\t\t<\/sr7-slide>\n\t\t\t\t\t\t<sr7-slide id=\"SR7_6_1-39\" data-key=\"39\">\n\t\t\t\t\t\t<\/sr7-slide>\n\t\t\t\t\t\t<sr7-slide id=\"SR7_6_1-40\" data-key=\"40\">\n\t\t\t\t\t\t<\/sr7-slide>\n\t\t\t\t\t\t<sr7-slide id=\"SR7_6_1-41\" data-key=\"41\">\n\t\t\t\t\t\t<\/sr7-slide>\n\t\t\t\t\t\t<sr7-slide id=\"SR7_6_1-42\" data-key=\"42\">\n\t\t\t\t\t\t<\/sr7-slide>\n\t\t\t\t\t\t<sr7-slide id=\"SR7_6_1-43\" data-key=\"43\">\n\t\t\t\t\t\t<\/sr7-slide>\n\t\t\t\t\t\t<sr7-slide id=\"SR7_6_1-44\" data-key=\"44\">\n\t\t\t\t\t\t<\/sr7-slide>\n\t\t\t\t\t\t<sr7-slide id=\"SR7_6_1-45\" data-key=\"45\">\n\t\t\t\t\t\t<\/sr7-slide>\n\t\t\t\t\t\t<sr7-slide id=\"SR7_6_1-48\" data-key=\"48\">\n\t\t\t\t\t\t<\/sr7-slide>\n\t\t\t\t\t\t<sr7-slide id=\"SR7_6_1-49\" data-key=\"49\">\n\t\t\t\t\t\t<\/sr7-slide>\n\t\t\t\t\t\t<sr7-slide id=\"SR7_6_1-50\" data-key=\"50\">\n\t\t\t\t\t\t<\/sr7-slide>\n\t\t\t\t\t\t<sr7-slide id=\"SR7_6_1-51\" data-key=\"51\">\n\t\t\t\t\t\t<\/sr7-slide>\n\t\t\t\t\t\t<sr7-slide id=\"SR7_6_1-52\" data-key=\"52\">\n\t\t\t\t\t\t<\/sr7-slide>\n\t\t\t\t\t\t<sr7-slide id=\"SR7_6_1-53\" data-key=\"53\">\n\t\t\t\t\t\t<\/sr7-slide>\n\t\t\t\t\t\t<sr7-slide id=\"SR7_6_1-54\" data-key=\"54\">\n\t\t\t\t\t\t<\/sr7-slide>\n\t\t\t\t\t\t<sr7-slide id=\"SR7_6_1-55\" data-key=\"55\">\n\t\t\t\t\t\t<\/sr7-slide>\n\t\t\t\t\t\t<sr7-slide id=\"SR7_6_1-20\" data-key=\"20\">\n\t\t\t\t\t\t<\/sr7-slide>\n\t\t\t\t\t<\/sr7-content>\n\t\t\t\t\t<image_lists style=\"display:none\">\n\t\t\t\t\t\t<img data-src=\"\/\/epic-elion.213-167-227-117.plesk.page\/wp-content\/uploads\/2025\/06\/L1000760-scaled.jpg\" data-libid=\"1526\" data-lib=\"medialibrary\" width=\"0\" height=\"0\" data-dbsrc=\"Ly9lcGljLWVsaW9uLjIxMy0xNjctMjI3LTExNy5wbGVzay5wYWdlL3dwLWNvbnRlbnQvdXBsb2Fkcy8yMDI1LzA2L0wxMDAwNzYwLXNjYWxlZC5qcGc=\"\/>\n\t\t\t\t\t\t<img data-src=\"\/\/epic-elion.213-167-227-117.plesk.page\/wp-content\/uploads\/2025\/06\/L1000733-scaled.jpg\" data-libid=\"1525\" data-lib=\"medialibrary\" width=\"0\" height=\"0\" data-dbsrc=\"Ly9lcGljLWVsaW9uLjIxMy0xNjctMjI3LTExNy5wbGVzay5wYWdlL3dwLWNvbnRlbnQvdXBsb2Fkcy8yMDI1LzA2L0wxMDAwNzMzLXNjYWxlZC5qcGc=\"\/>\n\t\t\t\t\t\t<img data-src=\"\/\/epic-elion.213-167-227-117.plesk.page\/wp-content\/uploads\/2025\/06\/L1000268-scaled.jpg\" data-libid=\"1524\" data-lib=\"medialibrary\" width=\"0\" height=\"0\" data-dbsrc=\"Ly9lcGljLWVsaW9uLjIxMy0xNjctMjI3LTExNy5wbGVzay5wYWdlL3dwLWNvbnRlbnQvdXBsb2Fkcy8yMDI1LzA2L0wxMDAwMjY4LXNjYWxlZC5qcGc=\"\/>\n\t\t\t\t\t\t<img data-src=\"\/\/epic-elion.213-167-227-117.plesk.page\/wp-content\/uploads\/2025\/06\/L1000216-scaled.jpg\" data-libid=\"1534\" data-lib=\"medialibrary\" width=\"0\" height=\"0\" data-dbsrc=\"Ly9lcGljLWVsaW9uLjIxMy0xNjctMjI3LTExNy5wbGVzay5wYWdlL3dwLWNvbnRlbnQvdXBsb2Fkcy8yMDI1LzA2L0wxMDAwMjE2LXNjYWxlZC5qcGc=\"\/>\n\t\t\t\t\t\t<img data-src=\"\/\/epic-elion.213-167-227-117.plesk.page\/wp-content\/uploads\/2025\/06\/L1000964-scaled.jpg\" data-libid=\"1644\" data-lib=\"medialibrary\" width=\"0\" height=\"0\" data-dbsrc=\"Ly9lcGljLWVsaW9uLjIxMy0xNjctMjI3LTExNy5wbGVzay5wYWdlL3dwLWNvbnRlbnQvdXBsb2Fkcy8yMDI1LzA2L0wxMDAwOTY0LXNjYWxlZC5qcGc=\"\/>\n\t\t\t\t\t\t<img data-src=\"\/\/epic-elion.213-167-227-117.plesk.page\/wp-content\/uploads\/2025\/06\/L1000245-scaled.jpg\" data-libid=\"1536\" data-lib=\"medialibrary\" width=\"0\" height=\"0\" data-dbsrc=\"Ly9lcGljLWVsaW9uLjIxMy0xNjctMjI3LTExNy5wbGVzay5wYWdlL3dwLWNvbnRlbnQvdXBsb2Fkcy8yMDI1LzA2L0wxMDAwMjQ1LXNjYWxlZC5qcGc=\"\/>\n\t\t\t\t\t\t<img data-src=\"\/\/epic-elion.213-167-227-117.plesk.page\/wp-content\/uploads\/2025\/06\/L1000654-scaled.jpg\" data-libid=\"1537\" data-lib=\"medialibrary\" width=\"0\" height=\"0\" data-dbsrc=\"Ly9lcGljLWVsaW9uLjIxMy0xNjctMjI3LTExNy5wbGVzay5wYWdlL3dwLWNvbnRlbnQvdXBsb2Fkcy8yMDI1LzA2L0wxMDAwNjU0LXNjYWxlZC5qcGc=\"\/>\n\t\t\t\t\t\t<img data-src=\"\/\/epic-elion.213-167-227-117.plesk.page\/wp-content\/uploads\/2025\/06\/L1010194-scaled.jpg\" data-libid=\"1538\" data-lib=\"medialibrary\" title=\"L1010194\" width=\"0\" height=\"0\" data-dbsrc=\"Ly9lcGljLWVsaW9uLjIxMy0xNjctMjI3LTExNy5wbGVzay5wYWdlL3dwLWNvbnRlbnQvdXBsb2Fkcy8yMDI1LzA2L0wxMDEwMTk0LXNjYWxlZC5qcGc=\"\/>\n\t\t\t\t\t\t<img data-src=\"\/\/epic-elion.213-167-227-117.plesk.page\/wp-content\/uploads\/2025\/06\/L1000174-scaled.jpg\" data-libid=\"1540\" data-lib=\"medialibrary\" width=\"0\" height=\"0\" data-dbsrc=\"Ly9lcGljLWVsaW9uLjIxMy0xNjctMjI3LTExNy5wbGVzay5wYWdlL3dwLWNvbnRlbnQvdXBsb2Fkcy8yMDI1LzA2L0wxMDAwMTc0LXNjYWxlZC5qcGc=\"\/>\n\t\t\t\t\t\t<img data-src=\"\/\/epic-elion.213-167-227-117.plesk.page\/wp-content\/uploads\/2025\/06\/L1000410-scaled.jpg\" data-libid=\"1541\" data-lib=\"medialibrary\" title=\"L1000410\" width=\"0\" height=\"0\" data-dbsrc=\"Ly9lcGljLWVsaW9uLjIxMy0xNjctMjI3LTExNy5wbGVzay5wYWdlL3dwLWNvbnRlbnQvdXBsb2Fkcy8yMDI1LzA2L0wxMDAwNDEwLXNjYWxlZC5qcGc=\"\/>\n\t\t\t\t\t\t<img data-src=\"\/\/epic-elion.213-167-227-117.plesk.page\/wp-content\/uploads\/2025\/06\/L1000954-scaled.jpg\" data-libid=\"1639\" data-lib=\"medialibrary\" width=\"0\" height=\"0\" data-dbsrc=\"Ly9lcGljLWVsaW9uLjIxMy0xNjctMjI3LTExNy5wbGVzay5wYWdlL3dwLWNvbnRlbnQvdXBsb2Fkcy8yMDI1LzA2L0wxMDAwOTU0LXNjYWxlZC5qcGc=\"\/>\n\t\t\t\t\t\t<img data-src=\"\/\/epic-elion.213-167-227-117.plesk.page\/wp-content\/uploads\/2025\/06\/AC_2613-scaled.jpg\" data-libid=\"1539\" data-lib=\"medialibrary\" width=\"0\" height=\"0\" data-dbsrc=\"Ly9lcGljLWVsaW9uLjIxMy0xNjctMjI3LTExNy5wbGVzay5wYWdlL3dwLWNvbnRlbnQvdXBsb2Fkcy8yMDI1LzA2L0FDXzI2MTMtc2NhbGVkLmpwZw==\"\/>\n\t\t\t\t\t\t<img data-src=\"\/\/epic-elion.213-167-227-117.plesk.page\/wp-content\/uploads\/2025\/06\/L1000943-scaled.jpg\" data-libid=\"1638\" data-lib=\"medialibrary\" title=\"L1000943\" width=\"0\" height=\"0\" data-dbsrc=\"Ly9lcGljLWVsaW9uLjIxMy0xNjctMjI3LTExNy5wbGVzay5wYWdlL3dwLWNvbnRlbnQvdXBsb2Fkcy8yMDI1LzA2L0wxMDAwOTQzLXNjYWxlZC5qcGc=\"\/>\n\t\t\t\t\t\t<img data-src=\"\/\/epic-elion.213-167-227-117.plesk.page\/wp-content\/uploads\/2025\/06\/L1000932-scaled.jpg\" data-libid=\"1637\" data-lib=\"medialibrary\" width=\"0\" height=\"0\" data-dbsrc=\"Ly9lcGljLWVsaW9uLjIxMy0xNjctMjI3LTExNy5wbGVzay5wYWdlL3dwLWNvbnRlbnQvdXBsb2Fkcy8yMDI1LzA2L0wxMDAwOTMyLXNjYWxlZC5qcGc=\"\/>\n\t\t\t\t\t\t<img data-src=\"\/\/epic-elion.213-167-227-117.plesk.page\/wp-content\/uploads\/2025\/06\/L1000925-scaled.jpg\" data-libid=\"1636\" data-lib=\"medialibrary\" width=\"0\" height=\"0\" data-dbsrc=\"Ly9lcGljLWVsaW9uLjIxMy0xNjctMjI3LTExNy5wbGVzay5wYWdlL3dwLWNvbnRlbnQvdXBsb2Fkcy8yMDI1LzA2L0wxMDAwOTI1LXNjYWxlZC5qcGc=\"\/>\n\t\t\t\t\t\t<img data-src=\"\/\/epic-elion.213-167-227-117.plesk.page\/wp-content\/uploads\/2025\/06\/L1000911-scaled.jpg\" data-libid=\"1635\" data-lib=\"medialibrary\" title=\"L1000911\" width=\"0\" height=\"0\" data-dbsrc=\"Ly9lcGljLWVsaW9uLjIxMy0xNjctMjI3LTExNy5wbGVzay5wYWdlL3dwLWNvbnRlbnQvdXBsb2Fkcy8yMDI1LzA2L0wxMDAwOTExLXNjYWxlZC5qcGc=\"\/>\n\t\t\t\t\t\t<img data-src=\"\/\/epic-elion.213-167-227-117.plesk.page\/wp-content\/uploads\/2025\/06\/DSC02752.jpg\" data-libid=\"1640\" data-lib=\"medialibrary\" width=\"0\" height=\"0\" data-dbsrc=\"Ly9lcGljLWVsaW9uLjIxMy0xNjctMjI3LTExNy5wbGVzay5wYWdlL3dwLWNvbnRlbnQvdXBsb2Fkcy8yMDI1LzA2L0RTQzAyNzUyLmpwZw==\"\/>\n\t\t\t\t\t\t<img data-src=\"\/\/epic-elion.213-167-227-117.plesk.page\/wp-content\/uploads\/2025\/06\/L1000655-scaled.jpg\" data-libid=\"1645\" data-lib=\"medialibrary\" width=\"0\" height=\"0\" data-dbsrc=\"Ly9lcGljLWVsaW9uLjIxMy0xNjctMjI3LTExNy5wbGVzay5wYWdlL3dwLWNvbnRlbnQvdXBsb2Fkcy8yMDI1LzA2L0wxMDAwNjU1LXNjYWxlZC5qcGc=\"\/>\n\t\t\t\t\t\t<img data-src=\"\/\/epic-elion.213-167-227-117.plesk.page\/wp-content\/uploads\/2025\/06\/L1000267-scaled.jpg\" data-libid=\"1642\" data-lib=\"medialibrary\" width=\"0\" height=\"0\" data-dbsrc=\"Ly9lcGljLWVsaW9uLjIxMy0xNjctMjI3LTExNy5wbGVzay5wYWdlL3dwLWNvbnRlbnQvdXBsb2Fkcy8yMDI1LzA2L0wxMDAwMjY3LXNjYWxlZC5qcGc=\"\/>\n\t\t\t\t\t\t<img data-src=\"\/\/epic-elion.213-167-227-117.plesk.page\/wp-content\/uploads\/2025\/06\/L1010365-scaled.jpg\" data-libid=\"1643\" data-lib=\"medialibrary\" width=\"0\" height=\"0\" data-dbsrc=\"Ly9lcGljLWVsaW9uLjIxMy0xNjctMjI3LTExNy5wbGVzay5wYWdlL3dwLWNvbnRlbnQvdXBsb2Fkcy8yMDI1LzA2L0wxMDEwMzY1LXNjYWxlZC5qcGc=\"\/>\n\t\t\t\t\t<\/image_lists>\n\t\t\t\t<\/sr7-module>\n\t\t\t\t<script>\n\t\t\t\t\tSR7.PMH ??={}; SR7.PMH[\"SR7_6_1\"] = {cn:100,state:false,fn: function() { if (_tpt!==undefined && _tpt.prepareModuleHeight !== undefined) {  _tpt.prepareModuleHeight({id:\"SR7_6_1\",el:[600,600,600,600,250],type:'standard',shdw:'0',gh:[600,600,600,600,250],gw:[2000,2000,2000,2000,480],vpt:['-100px&#039;,&#039;-100px&#039;,&#039;-100px&#039;,&#039;-100px&#039;,&#039;-100px'],size:{fullWidth:true, fullHeight:false},mh:'0',onh:0,onw:0,bg:{color:'{\"orig\":\"transparent\",\"type\":\"solid\",\"string\":\"transparent\"}'}});   SR7.PMH[\"SR7_6_1\"].state=true;} else if(SR7.PMH[\"SR7_6_1\"].cn-->0)\tsetTimeout( SR7.PMH[\"SR7_6_1\"].fn,19);}};SR7.PMH[\"SR7_6_1\" ].fn();\n\t\t\t\t<\/script>\n[\/vc_column][\/vc_row]<\/p>\n<\/div>","protected":false},"excerpt":{"rendered":"<p>[vc_row][vc_column width=&#8220;2\/3&#8243;][vc_column_text css=&#8220;&#8220;] Datenschutzerkl\u00e4rung Golf Club Domat Ems [\/vc_column_text][\/vc_column][vc_column width=&#8220;1\/3&#8243;][\/vc_column][\/vc_row][vc_row css_animation=&#8220;fadeInUp&#8220; css=&#8220;.vc_custom_1751268070415{margin-top: 50px !important;}&#8220;][vc_column width=&#8220;2\/3&#8243;][vc_column_text css=&#8220;&#8220;] 1. Grundsatz Der Schutz Ihrer Privatsph\u00e4re ist uns ein wichtiges Anliegen. Mit der folgenden Datenschutzerkl\u00e4rung erl\u00e4utern wir Ihnen, welche Personendaten wir von Ihnen zu welchem Zweck bearbeiten, wenn Sie unsere Website besuchen oder Sie Mitglied in unserem Verein sind.&hellip;<\/p>\n","protected":false},"author":1,"featured_media":0,"parent":0,"menu_order":0,"comment_status":"closed","ping_status":"closed","template":"","meta":{"_acf_changed":false,"om_disable_all_campaigns":false,"footnotes":""},"class_list":["post-2114","page","type-page","status-publish","hentry","description-off"],"acf":[],"_links":{"self":[{"href":"https:\/\/epic-elion.213-167-227-117.plesk.page\/index.php\/wp-json\/wp\/v2\/pages\/2114","targetHints":{"allow":["GET"]}}],"collection":[{"href":"https:\/\/epic-elion.213-167-227-117.plesk.page\/index.php\/wp-json\/wp\/v2\/pages"}],"about":[{"href":"https:\/\/epic-elion.213-167-227-117.plesk.page\/index.php\/wp-json\/wp\/v2\/types\/page"}],"author":[{"embeddable":true,"href":"https:\/\/epic-elion.213-167-227-117.plesk.page\/index.php\/wp-json\/wp\/v2\/users\/1"}],"replies":[{"embeddable":true,"href":"https:\/\/epic-elion.213-167-227-117.plesk.page\/index.php\/wp-json\/wp\/v2\/comments?post=2114"}],"version-history":[{"count":7,"href":"https:\/\/epic-elion.213-167-227-117.plesk.page\/index.php\/wp-json\/wp\/v2\/pages\/2114\/revisions"}],"predecessor-version":[{"id":2751,"href":"https:\/\/epic-elion.213-167-227-117.plesk.page\/index.php\/wp-json\/wp\/v2\/pages\/2114\/revisions\/2751"}],"wp:attachment":[{"href":"https:\/\/epic-elion.213-167-227-117.plesk.page\/index.php\/wp-json\/wp\/v2\/media?parent=2114"}],"curies":[{"name":"wp","href":"https:\/\/api.w.org\/{rel}","templated":true}]}}