{"id":2110,"date":"2025-06-30T07:20:13","date_gmt":"2025-06-30T07:20:13","guid":{"rendered":"https:\/\/epic-elion.213-167-227-117.plesk.page\/?page_id=2110"},"modified":"2025-07-17T14:02:32","modified_gmt":"2025-07-17T14:02:32","slug":"impressum","status":"publish","type":"page","link":"https:\/\/epic-elion.213-167-227-117.plesk.page\/index.php\/impressum\/","title":{"rendered":"impressum"},"content":{"rendered":"<div class=\"wpb-content-wrapper\"><p>[vc_row][vc_column width=&#8220;2\/3&#8243;][vc_column_text css=&#8220;&#8220;]<\/p>\n<h1>Impressum<\/h1>\n<p>[\/vc_column_text][\/vc_column][vc_column width=&#8220;1\/3&#8243;][\/vc_column][\/vc_row][vc_row css_animation=&#8220;fadeInUp&#8220; css=&#8220;.vc_custom_1751268070415{margin-top: 50px !important;}&#8220;][vc_column width=&#8220;1\/2&#8243;][vc_column_text css=&#8220;&#8220;]<\/p>\n<h3 data-start=\"0\" data-end=\"217\">Inhalt<\/h3>\n<p>Vogelsang<br \/>\nPostfach 107<br \/>\nCH \u2013 7013 Domat\/Ems<br \/>\n<a href=\"telto: 41 650 35 00\">T. +41 650 35 00<\/a><br \/>\n<a href=\"mailto:info@golfdomatems.ch\">info@golfdomatems.ch<\/a>[\/vc_column_text][\/vc_column][vc_column width=&#8220;1\/2&#8243;][vc_column_text css=&#8220;&#8220;]<\/p>\n<h3 data-start=\"0\" data-end=\"217\">Design &amp; Umsetzung<\/h3>\n<p>sehenswert Werbeagentur GmbH<br \/>\nTittwiesenstrasse 25<br \/>\n7000 Chur<br \/>\n<a href=\"telto:+81 525 89 29\">T. 081 525 89 29<\/a><br \/>\n<a href=\"http:\/\/sehenswert.ch\/\" target=\"_blank\" rel=\"noopener\">sehenswert.ch<\/a>[\/vc_column_text][\/vc_column][\/vc_row][vc_row css_animation=&#8220;fadeInUp&#8220; css=&#8220;.vc_custom_1751268070415{margin-top: 50px !important;}&#8220;][vc_column][vc_column_text css=&#8220;&#8220;]<strong>Haftungsausschluss<\/strong><br \/>\nDer Golfclub Domat\/Ems \u00fcbernimmt keine Gew\u00e4hr f\u00fcr die inhaltliche Richtigkeit, Genauigkeit, Aktualit\u00e4t, Zuverl\u00e4ssigkeit und Vollst\u00e4ndigkeit der bereitgestellten Informationen.<\/p>\n<p>Haftungsanspr\u00fcche gegen den Golfclub Domat\/Ems wegen Sch\u00e4den materieller oder immaterieller Art, welche durch den Zugriff oder die Nutzung bzw. Nichtnutzung der ver\u00f6ffentlichten Informationen, durch Missbrauch der Verbindung oder durch technische St\u00f6rungen entstanden sind, werden ausgeschlossen.<\/p>\n<p>Alle Angebote sind unverbindlich. Der Golfclub Domat\/Ems beh\u00e4lt sich ausdr\u00fccklich vor, Teile der Seiten oder das gesamte Angebot ohne Ank\u00fcndigung zu ver\u00e4ndern, zu erg\u00e4nzen, zu l\u00f6schen oder die Ver\u00f6ffentlichung zeitweise oder endg\u00fcltig einzustellen.<\/p>\n<p>&nbsp;<\/p>\n<p><strong>Haftung f\u00fcr Links<\/strong><br \/>\nVerweise und Links auf Webseiten Dritter liegen ausserhalb unseres Verantwortungsbereichs. Jegliche Verantwortung f\u00fcr solche Webseiten wird abgelehnt. Der Zugriff und die Nutzung erfolgen auf eigene Gefahr der Nutzerin oder des Nutzers.<\/p>\n<p>&nbsp;<\/p>\n<p><strong>Urheberrechte<\/strong><br \/>\nDie Urheber- und alle anderen Rechte an Inhalten, Bildern, Fotos oder anderen Dateien auf dieser Website geh\u00f6ren ausschliesslich dem Golfclub Domat\/Ems oder den jeweils speziell genannten Rechteinhaberinnen und Rechteinhabern. F\u00fcr die Reproduktion jeglicher Elemente ist die schriftliche Zustimmung der Urheberrechtstr\u00e4ger im Voraus einzuholen.<\/p>\n<p>&nbsp;<\/p>\n<p><strong>Datenschutzerkl\u00e4rung<\/strong><br \/>\nInformationen zum Datenschutz finden Sie in unserer separaten Datenschutzerkl\u00e4rung, welche beschreibt, wie wir personenbezogene Daten bearbeiten und sch\u00fctzen.[\/vc_column_text][\/vc_column][\/vc_row][vc_row full_width=&#8220;stretch_row_content&#8220; css_animation=&#8220;fadeInUp&#8220; parallax_content=&#8220;parallax_content_value&#8220; parallax_content_sense=&#8220;30&#8243; css=&#8220;.vc_custom_1742823234082{margin-bottom: 0px !important;border-bottom-width: 0px !important;padding-top: 100px !important;padding-bottom: 0px !important;}&#8220;][vc_column css=&#8220;.vc_custom_1742822866296{margin-bottom: 0px !important;border-bottom-width: 0px !important;padding-bottom: 0px !important;}&#8220;]\n\t\t\t\t<p class=\"rs-p-wp-fix\"><\/p>\n\t\t\t\t<sr7-module data-alias=\"slider-2\" data-id=\"6\" id=\"SR7_6_1\" class=\"rs-ov-hidden\" data-version=\"6.7.29\">\n\t\t\t\t\t<sr7-adjuster><\/sr7-adjuster>\n\t\t\t\t\t<sr7-content>\n\t\t\t\t\t\t<sr7-slide id=\"SR7_6_1-19\" data-key=\"19\">\n\t\t\t\t\t\t<\/sr7-slide>\n\t\t\t\t\t\t<sr7-slide id=\"SR7_6_1-23\" data-key=\"23\">\n\t\t\t\t\t\t<\/sr7-slide>\n\t\t\t\t\t\t<sr7-slide id=\"SR7_6_1-24\" data-key=\"24\">\n\t\t\t\t\t\t<\/sr7-slide>\n\t\t\t\t\t\t<sr7-slide id=\"SR7_6_1-37\" data-key=\"37\">\n\t\t\t\t\t\t<\/sr7-slide>\n\t\t\t\t\t\t<sr7-slide id=\"SR7_6_1-38\" data-key=\"38\">\n\t\t\t\t\t\t<\/sr7-slide>\n\t\t\t\t\t\t<sr7-slide id=\"SR7_6_1-39\" data-key=\"39\">\n\t\t\t\t\t\t<\/sr7-slide>\n\t\t\t\t\t\t<sr7-slide id=\"SR7_6_1-40\" data-key=\"40\">\n\t\t\t\t\t\t<\/sr7-slide>\n\t\t\t\t\t\t<sr7-slide id=\"SR7_6_1-41\" data-key=\"41\">\n\t\t\t\t\t\t<\/sr7-slide>\n\t\t\t\t\t\t<sr7-slide id=\"SR7_6_1-42\" data-key=\"42\">\n\t\t\t\t\t\t<\/sr7-slide>\n\t\t\t\t\t\t<sr7-slide id=\"SR7_6_1-43\" data-key=\"43\">\n\t\t\t\t\t\t<\/sr7-slide>\n\t\t\t\t\t\t<sr7-slide id=\"SR7_6_1-44\" data-key=\"44\">\n\t\t\t\t\t\t<\/sr7-slide>\n\t\t\t\t\t\t<sr7-slide id=\"SR7_6_1-45\" data-key=\"45\">\n\t\t\t\t\t\t<\/sr7-slide>\n\t\t\t\t\t\t<sr7-slide id=\"SR7_6_1-48\" data-key=\"48\">\n\t\t\t\t\t\t<\/sr7-slide>\n\t\t\t\t\t\t<sr7-slide id=\"SR7_6_1-49\" data-key=\"49\">\n\t\t\t\t\t\t<\/sr7-slide>\n\t\t\t\t\t\t<sr7-slide id=\"SR7_6_1-50\" data-key=\"50\">\n\t\t\t\t\t\t<\/sr7-slide>\n\t\t\t\t\t\t<sr7-slide id=\"SR7_6_1-51\" data-key=\"51\">\n\t\t\t\t\t\t<\/sr7-slide>\n\t\t\t\t\t\t<sr7-slide id=\"SR7_6_1-52\" data-key=\"52\">\n\t\t\t\t\t\t<\/sr7-slide>\n\t\t\t\t\t\t<sr7-slide id=\"SR7_6_1-53\" data-key=\"53\">\n\t\t\t\t\t\t<\/sr7-slide>\n\t\t\t\t\t\t<sr7-slide id=\"SR7_6_1-54\" data-key=\"54\">\n\t\t\t\t\t\t<\/sr7-slide>\n\t\t\t\t\t\t<sr7-slide id=\"SR7_6_1-55\" data-key=\"55\">\n\t\t\t\t\t\t<\/sr7-slide>\n\t\t\t\t\t\t<sr7-slide id=\"SR7_6_1-20\" data-key=\"20\">\n\t\t\t\t\t\t<\/sr7-slide>\n\t\t\t\t\t<\/sr7-content>\n\t\t\t\t\t<image_lists style=\"display:none\">\n\t\t\t\t\t\t<img data-src=\"\/\/epic-elion.213-167-227-117.plesk.page\/wp-content\/uploads\/2025\/06\/L1000760-scaled.jpg\" data-libid=\"1526\" data-lib=\"medialibrary\" width=\"0\" height=\"0\" data-dbsrc=\"Ly9lcGljLWVsaW9uLjIxMy0xNjctMjI3LTExNy5wbGVzay5wYWdlL3dwLWNvbnRlbnQvdXBsb2Fkcy8yMDI1LzA2L0wxMDAwNzYwLXNjYWxlZC5qcGc=\"\/>\n\t\t\t\t\t\t<img data-src=\"\/\/epic-elion.213-167-227-117.plesk.page\/wp-content\/uploads\/2025\/06\/L1000733-scaled.jpg\" data-libid=\"1525\" data-lib=\"medialibrary\" width=\"0\" height=\"0\" data-dbsrc=\"Ly9lcGljLWVsaW9uLjIxMy0xNjctMjI3LTExNy5wbGVzay5wYWdlL3dwLWNvbnRlbnQvdXBsb2Fkcy8yMDI1LzA2L0wxMDAwNzMzLXNjYWxlZC5qcGc=\"\/>\n\t\t\t\t\t\t<img data-src=\"\/\/epic-elion.213-167-227-117.plesk.page\/wp-content\/uploads\/2025\/06\/L1000268-scaled.jpg\" data-libid=\"1524\" data-lib=\"medialibrary\" width=\"0\" height=\"0\" data-dbsrc=\"Ly9lcGljLWVsaW9uLjIxMy0xNjctMjI3LTExNy5wbGVzay5wYWdlL3dwLWNvbnRlbnQvdXBsb2Fkcy8yMDI1LzA2L0wxMDAwMjY4LXNjYWxlZC5qcGc=\"\/>\n\t\t\t\t\t\t<img data-src=\"\/\/epic-elion.213-167-227-117.plesk.page\/wp-content\/uploads\/2025\/06\/L1000216-scaled.jpg\" data-libid=\"1534\" data-lib=\"medialibrary\" width=\"0\" height=\"0\" data-dbsrc=\"Ly9lcGljLWVsaW9uLjIxMy0xNjctMjI3LTExNy5wbGVzay5wYWdlL3dwLWNvbnRlbnQvdXBsb2Fkcy8yMDI1LzA2L0wxMDAwMjE2LXNjYWxlZC5qcGc=\"\/>\n\t\t\t\t\t\t<img data-src=\"\/\/epic-elion.213-167-227-117.plesk.page\/wp-content\/uploads\/2025\/06\/L1000964-scaled.jpg\" data-libid=\"1644\" data-lib=\"medialibrary\" width=\"0\" height=\"0\" data-dbsrc=\"Ly9lcGljLWVsaW9uLjIxMy0xNjctMjI3LTExNy5wbGVzay5wYWdlL3dwLWNvbnRlbnQvdXBsb2Fkcy8yMDI1LzA2L0wxMDAwOTY0LXNjYWxlZC5qcGc=\"\/>\n\t\t\t\t\t\t<img data-src=\"\/\/epic-elion.213-167-227-117.plesk.page\/wp-content\/uploads\/2025\/06\/L1000245-scaled.jpg\" data-libid=\"1536\" data-lib=\"medialibrary\" width=\"0\" height=\"0\" data-dbsrc=\"Ly9lcGljLWVsaW9uLjIxMy0xNjctMjI3LTExNy5wbGVzay5wYWdlL3dwLWNvbnRlbnQvdXBsb2Fkcy8yMDI1LzA2L0wxMDAwMjQ1LXNjYWxlZC5qcGc=\"\/>\n\t\t\t\t\t\t<img data-src=\"\/\/epic-elion.213-167-227-117.plesk.page\/wp-content\/uploads\/2025\/06\/L1000654-scaled.jpg\" data-libid=\"1537\" data-lib=\"medialibrary\" width=\"0\" height=\"0\" data-dbsrc=\"Ly9lcGljLWVsaW9uLjIxMy0xNjctMjI3LTExNy5wbGVzay5wYWdlL3dwLWNvbnRlbnQvdXBsb2Fkcy8yMDI1LzA2L0wxMDAwNjU0LXNjYWxlZC5qcGc=\"\/>\n\t\t\t\t\t\t<img data-src=\"\/\/epic-elion.213-167-227-117.plesk.page\/wp-content\/uploads\/2025\/06\/L1010194-scaled.jpg\" data-libid=\"1538\" data-lib=\"medialibrary\" title=\"L1010194\" width=\"0\" height=\"0\" data-dbsrc=\"Ly9lcGljLWVsaW9uLjIxMy0xNjctMjI3LTExNy5wbGVzay5wYWdlL3dwLWNvbnRlbnQvdXBsb2Fkcy8yMDI1LzA2L0wxMDEwMTk0LXNjYWxlZC5qcGc=\"\/>\n\t\t\t\t\t\t<img data-src=\"\/\/epic-elion.213-167-227-117.plesk.page\/wp-content\/uploads\/2025\/06\/L1000174-scaled.jpg\" data-libid=\"1540\" data-lib=\"medialibrary\" width=\"0\" height=\"0\" data-dbsrc=\"Ly9lcGljLWVsaW9uLjIxMy0xNjctMjI3LTExNy5wbGVzay5wYWdlL3dwLWNvbnRlbnQvdXBsb2Fkcy8yMDI1LzA2L0wxMDAwMTc0LXNjYWxlZC5qcGc=\"\/>\n\t\t\t\t\t\t<img data-src=\"\/\/epic-elion.213-167-227-117.plesk.page\/wp-content\/uploads\/2025\/06\/L1000410-scaled.jpg\" data-libid=\"1541\" data-lib=\"medialibrary\" title=\"L1000410\" width=\"0\" height=\"0\" data-dbsrc=\"Ly9lcGljLWVsaW9uLjIxMy0xNjctMjI3LTExNy5wbGVzay5wYWdlL3dwLWNvbnRlbnQvdXBsb2Fkcy8yMDI1LzA2L0wxMDAwNDEwLXNjYWxlZC5qcGc=\"\/>\n\t\t\t\t\t\t<img data-src=\"\/\/epic-elion.213-167-227-117.plesk.page\/wp-content\/uploads\/2025\/06\/L1000954-scaled.jpg\" data-libid=\"1639\" data-lib=\"medialibrary\" width=\"0\" height=\"0\" data-dbsrc=\"Ly9lcGljLWVsaW9uLjIxMy0xNjctMjI3LTExNy5wbGVzay5wYWdlL3dwLWNvbnRlbnQvdXBsb2Fkcy8yMDI1LzA2L0wxMDAwOTU0LXNjYWxlZC5qcGc=\"\/>\n\t\t\t\t\t\t<img data-src=\"\/\/epic-elion.213-167-227-117.plesk.page\/wp-content\/uploads\/2025\/06\/AC_2613-scaled.jpg\" data-libid=\"1539\" data-lib=\"medialibrary\" width=\"0\" height=\"0\" data-dbsrc=\"Ly9lcGljLWVsaW9uLjIxMy0xNjctMjI3LTExNy5wbGVzay5wYWdlL3dwLWNvbnRlbnQvdXBsb2Fkcy8yMDI1LzA2L0FDXzI2MTMtc2NhbGVkLmpwZw==\"\/>\n\t\t\t\t\t\t<img data-src=\"\/\/epic-elion.213-167-227-117.plesk.page\/wp-content\/uploads\/2025\/06\/L1000943-scaled.jpg\" data-libid=\"1638\" data-lib=\"medialibrary\" title=\"L1000943\" width=\"0\" height=\"0\" data-dbsrc=\"Ly9lcGljLWVsaW9uLjIxMy0xNjctMjI3LTExNy5wbGVzay5wYWdlL3dwLWNvbnRlbnQvdXBsb2Fkcy8yMDI1LzA2L0wxMDAwOTQzLXNjYWxlZC5qcGc=\"\/>\n\t\t\t\t\t\t<img data-src=\"\/\/epic-elion.213-167-227-117.plesk.page\/wp-content\/uploads\/2025\/06\/L1000932-scaled.jpg\" data-libid=\"1637\" data-lib=\"medialibrary\" width=\"0\" height=\"0\" data-dbsrc=\"Ly9lcGljLWVsaW9uLjIxMy0xNjctMjI3LTExNy5wbGVzay5wYWdlL3dwLWNvbnRlbnQvdXBsb2Fkcy8yMDI1LzA2L0wxMDAwOTMyLXNjYWxlZC5qcGc=\"\/>\n\t\t\t\t\t\t<img data-src=\"\/\/epic-elion.213-167-227-117.plesk.page\/wp-content\/uploads\/2025\/06\/L1000925-scaled.jpg\" data-libid=\"1636\" data-lib=\"medialibrary\" width=\"0\" height=\"0\" data-dbsrc=\"Ly9lcGljLWVsaW9uLjIxMy0xNjctMjI3LTExNy5wbGVzay5wYWdlL3dwLWNvbnRlbnQvdXBsb2Fkcy8yMDI1LzA2L0wxMDAwOTI1LXNjYWxlZC5qcGc=\"\/>\n\t\t\t\t\t\t<img data-src=\"\/\/epic-elion.213-167-227-117.plesk.page\/wp-content\/uploads\/2025\/06\/L1000911-scaled.jpg\" data-libid=\"1635\" data-lib=\"medialibrary\" title=\"L1000911\" width=\"0\" height=\"0\" data-dbsrc=\"Ly9lcGljLWVsaW9uLjIxMy0xNjctMjI3LTExNy5wbGVzay5wYWdlL3dwLWNvbnRlbnQvdXBsb2Fkcy8yMDI1LzA2L0wxMDAwOTExLXNjYWxlZC5qcGc=\"\/>\n\t\t\t\t\t\t<img data-src=\"\/\/epic-elion.213-167-227-117.plesk.page\/wp-content\/uploads\/2025\/06\/DSC02752.jpg\" data-libid=\"1640\" data-lib=\"medialibrary\" width=\"0\" height=\"0\" data-dbsrc=\"Ly9lcGljLWVsaW9uLjIxMy0xNjctMjI3LTExNy5wbGVzay5wYWdlL3dwLWNvbnRlbnQvdXBsb2Fkcy8yMDI1LzA2L0RTQzAyNzUyLmpwZw==\"\/>\n\t\t\t\t\t\t<img data-src=\"\/\/epic-elion.213-167-227-117.plesk.page\/wp-content\/uploads\/2025\/06\/L1000655-scaled.jpg\" data-libid=\"1645\" data-lib=\"medialibrary\" width=\"0\" height=\"0\" data-dbsrc=\"Ly9lcGljLWVsaW9uLjIxMy0xNjctMjI3LTExNy5wbGVzay5wYWdlL3dwLWNvbnRlbnQvdXBsb2Fkcy8yMDI1LzA2L0wxMDAwNjU1LXNjYWxlZC5qcGc=\"\/>\n\t\t\t\t\t\t<img data-src=\"\/\/epic-elion.213-167-227-117.plesk.page\/wp-content\/uploads\/2025\/06\/L1000267-scaled.jpg\" data-libid=\"1642\" data-lib=\"medialibrary\" width=\"0\" height=\"0\" data-dbsrc=\"Ly9lcGljLWVsaW9uLjIxMy0xNjctMjI3LTExNy5wbGVzay5wYWdlL3dwLWNvbnRlbnQvdXBsb2Fkcy8yMDI1LzA2L0wxMDAwMjY3LXNjYWxlZC5qcGc=\"\/>\n\t\t\t\t\t\t<img data-src=\"\/\/epic-elion.213-167-227-117.plesk.page\/wp-content\/uploads\/2025\/06\/L1010365-scaled.jpg\" data-libid=\"1643\" data-lib=\"medialibrary\" width=\"0\" height=\"0\" data-dbsrc=\"Ly9lcGljLWVsaW9uLjIxMy0xNjctMjI3LTExNy5wbGVzay5wYWdlL3dwLWNvbnRlbnQvdXBsb2Fkcy8yMDI1LzA2L0wxMDEwMzY1LXNjYWxlZC5qcGc=\"\/>\n\t\t\t\t\t<\/image_lists>\n\t\t\t\t<\/sr7-module>\n\t\t\t\t<script>\n\t\t\t\t\tSR7.PMH ??={}; SR7.PMH[\"SR7_6_1\"] = {cn:100,state:false,fn: function() { if (_tpt!==undefined && _tpt.prepareModuleHeight !== undefined) {  _tpt.prepareModuleHeight({id:\"SR7_6_1\",el:[600,600,600,600,250],type:'standard',shdw:'0',gh:[600,600,600,600,250],gw:[2000,2000,2000,2000,480],vpt:['-100px&#039;,&#039;-100px&#039;,&#039;-100px&#039;,&#039;-100px&#039;,&#039;-100px'],size:{fullWidth:true, fullHeight:false},mh:'0',onh:0,onw:0,bg:{color:'{\"orig\":\"transparent\",\"type\":\"solid\",\"string\":\"transparent\"}'}});   SR7.PMH[\"SR7_6_1\"].state=true;} else if(SR7.PMH[\"SR7_6_1\"].cn-->0)\tsetTimeout( SR7.PMH[\"SR7_6_1\"].fn,19);}};SR7.PMH[\"SR7_6_1\" ].fn();\n\t\t\t\t<\/script>\n[\/vc_column][\/vc_row]<\/p>\n<\/div>","protected":false},"excerpt":{"rendered":"<p>[vc_row][vc_column width=&#8220;2\/3&#8243;][vc_column_text css=&#8220;&#8220;] Impressum [\/vc_column_text][\/vc_column][vc_column width=&#8220;1\/3&#8243;][\/vc_column][\/vc_row][vc_row css_animation=&#8220;fadeInUp&#8220; css=&#8220;.vc_custom_1751268070415{margin-top: 50px !important;}&#8220;][vc_column width=&#8220;1\/2&#8243;][vc_column_text css=&#8220;&#8220;] Inhalt Vogelsang Postfach 107 CH \u2013 7013 Domat\/Ems T. +41 650 35 00 info@golfdomatems.ch[\/vc_column_text][\/vc_column][vc_column width=&#8220;1\/2&#8243;][vc_column_text css=&#8220;&#8220;] Design &amp; Umsetzung sehenswert Werbeagentur GmbH Tittwiesenstrasse 25 7000 Chur T. 081 525 89 29 sehenswert.ch[\/vc_column_text][\/vc_column][\/vc_row][vc_row css_animation=&#8220;fadeInUp&#8220; css=&#8220;.vc_custom_1751268070415{margin-top: 50px !important;}&#8220;][vc_column][vc_column_text css=&#8220;&#8220;]Haftungsausschluss Der Golfclub Domat\/Ems \u00fcbernimmt keine Gew\u00e4hr&hellip;<\/p>\n","protected":false},"author":1,"featured_media":0,"parent":0,"menu_order":0,"comment_status":"closed","ping_status":"closed","template":"","meta":{"_acf_changed":false,"om_disable_all_campaigns":false,"footnotes":""},"class_list":["post-2110","page","type-page","status-publish","hentry","description-off"],"acf":[],"_links":{"self":[{"href":"https:\/\/epic-elion.213-167-227-117.plesk.page\/index.php\/wp-json\/wp\/v2\/pages\/2110","targetHints":{"allow":["GET"]}}],"collection":[{"href":"https:\/\/epic-elion.213-167-227-117.plesk.page\/index.php\/wp-json\/wp\/v2\/pages"}],"about":[{"href":"https:\/\/epic-elion.213-167-227-117.plesk.page\/index.php\/wp-json\/wp\/v2\/types\/page"}],"author":[{"embeddable":true,"href":"https:\/\/epic-elion.213-167-227-117.plesk.page\/index.php\/wp-json\/wp\/v2\/users\/1"}],"replies":[{"embeddable":true,"href":"https:\/\/epic-elion.213-167-227-117.plesk.page\/index.php\/wp-json\/wp\/v2\/comments?post=2110"}],"version-history":[{"count":5,"href":"https:\/\/epic-elion.213-167-227-117.plesk.page\/index.php\/wp-json\/wp\/v2\/pages\/2110\/revisions"}],"predecessor-version":[{"id":2753,"href":"https:\/\/epic-elion.213-167-227-117.plesk.page\/index.php\/wp-json\/wp\/v2\/pages\/2110\/revisions\/2753"}],"wp:attachment":[{"href":"https:\/\/epic-elion.213-167-227-117.plesk.page\/index.php\/wp-json\/wp\/v2\/media?parent=2110"}],"curies":[{"name":"wp","href":"https:\/\/api.w.org\/{rel}","templated":true}]}}