{"id":1885,"date":"2025-06-24T12:35:48","date_gmt":"2025-06-24T12:35:48","guid":{"rendered":"https:\/\/epic-elion.213-167-227-117.plesk.page\/?page_id=1885"},"modified":"2025-07-11T07:25:24","modified_gmt":"2025-07-11T07:25:24","slug":"teetime","status":"publish","type":"page","link":"https:\/\/epic-elion.213-167-227-117.plesk.page\/index.php\/teetime\/","title":{"rendered":"Teetime"},"content":{"rendered":"<div class=\"wpb-content-wrapper\"><p>[vc_row css_animation=&#8220;fadeInUp&#8220; css=&#8220;.vc_custom_1742802365095{padding-top: 70px !important;}&#8220;][vc_column width=&#8220;2\/3&#8243;][vc_column_text css=&#8220;&#8220;]<\/p>\n<h1>Teetime<\/h1>\n<h2>Buchen sie ihre Startzeit<\/h2>\n<p>[\/vc_column_text][\/vc_column][vc_column width=&#8220;1\/3&#8243;][\/vc_column][\/vc_row][vc_row css_animation=&#8220;fadeInUp&#8220; css=&#8220;.vc_custom_1750917291443{margin-bottom: 60px !important;}&#8220;][vc_column width=&#8220;1\/3&#8243;][\/vc_column][vc_column width=&#8220;2\/3&#8243;][vc_column_text css=&#8220;&#8220;]Reservieren Sie Ihre Startzeit einfach und bequem online. Unser 27-Loch-Platz bietet gen\u00fcgend Spielm\u00f6glichkeiten \u2013 ob f\u00fcr Mitglieder oder G\u00e4ste. Wir freuen uns auf Ihre Runde bei uns in Domat\/Ems![\/vc_column_text][\/vc_column][\/vc_row][vc_row css_animation=&#8220;fadeInUp&#8220;][vc_column][vc_accordion active_tab=&#8220;34444&#8243; collapsible=&#8220;yes&#8220; style=&#8220;2&#8243;][vc_accordion_tab title=&#8220;Buchungsanleitung&#8220;][vc_column_text css=&#8220;&#8220;]F\u00fcr die Teetime-Buchung \u00fcber PCCaddie ben\u00f6tigen Sie eine g\u00fcltige Platzreife und einen Account bei PCCaddie. Sollten Sie diesen nicht haben, bitten wir Sie um eine Buchung per Telefon <a href=\"telto:+41 81 650 35 00\">+41 81 650 35 00<\/a> oder E-Mail <a href=\"mailto:info@golfdomatems.ch\">info@golfdomatems.ch<\/a>.<\/p>\n<p>\u00dcber PCCaddie k\u00f6nnen Sie Tag und Course w\u00e4hlen. Nach einem Klick auf Anzeigen erhalten Sie die freien Spielzeiten. Mit einem Klick auf die Spielzeit k\u00f6nnen Sie den Flight f\u00fcr sich und Ihre Spielpartner reservieren. Teetimes sind f\u00fcr Mitglieder 4.5 Tage im Voraus buchbar, G\u00e4ste k\u00f6nnen 3.5 Tage vor Startzeit buchen.[\/vc_column_text][\/vc_accordion_tab][\/vc_accordion][\/vc_column][\/vc_row][vc_row][vc_column][vc_column_text css=&#8220;&#8220;]<iframe style=\"border: 0;\" data-src=\"https:\/\/www.pccaddie.net\/clubs\/0410042\/app.php?cat=tt_timetable_course\" width=\"100%\" height=\"1300\" frameborder=\"0\" allowfullscreen=\"allowfullscreen\" src=\"data:image\/svg+xml;base64,PHN2ZyB3aWR0aD0iMSIgaGVpZ2h0PSIxIiB4bWxucz0iaHR0cDovL3d3dy53My5vcmcvMjAwMC9zdmciPjwvc3ZnPg==\" class=\"lazyload\" data-load-mode=\"1\"><br \/>\n<\/iframe>[\/vc_column_text][\/vc_column][\/vc_row]<\/p>\n<\/div>","protected":false},"excerpt":{"rendered":"<p>[vc_row css_animation=&#8220;fadeInUp&#8220; css=&#8220;.vc_custom_1742802365095{padding-top: 70px !important;}&#8220;][vc_column width=&#8220;2\/3&#8243;][vc_column_text css=&#8220;&#8220;] Teetime Buchen sie ihre Startzeit [\/vc_column_text][\/vc_column][vc_column width=&#8220;1\/3&#8243;][\/vc_column][\/vc_row][vc_row css_animation=&#8220;fadeInUp&#8220; css=&#8220;.vc_custom_1750917291443{margin-bottom: 60px !important;}&#8220;][vc_column width=&#8220;1\/3&#8243;][\/vc_column][vc_column width=&#8220;2\/3&#8243;][vc_column_text css=&#8220;&#8220;]Reservieren Sie Ihre Startzeit einfach und bequem online. Unser 27-Loch-Platz bietet gen\u00fcgend Spielm\u00f6glichkeiten \u2013 ob f\u00fcr Mitglieder oder G\u00e4ste. Wir freuen uns auf Ihre Runde bei uns in Domat\/Ems![\/vc_column_text][\/vc_column][\/vc_row][vc_row css_animation=&#8220;fadeInUp&#8220;][vc_column][vc_accordion active_tab=&#8220;34444&#8243; collapsible=&#8220;yes&#8220; style=&#8220;2&#8243;][vc_accordion_tab title=&#8220;Buchungsanleitung&#8220;][vc_column_text css=&#8220;&#8220;]F\u00fcr&hellip;<\/p>\n","protected":false},"author":1,"featured_media":0,"parent":0,"menu_order":0,"comment_status":"closed","ping_status":"closed","template":"","meta":{"_acf_changed":false,"om_disable_all_campaigns":false,"footnotes":""},"class_list":["post-1885","page","type-page","status-publish","hentry","description-off"],"acf":[],"_links":{"self":[{"href":"https:\/\/epic-elion.213-167-227-117.plesk.page\/index.php\/wp-json\/wp\/v2\/pages\/1885","targetHints":{"allow":["GET"]}}],"collection":[{"href":"https:\/\/epic-elion.213-167-227-117.plesk.page\/index.php\/wp-json\/wp\/v2\/pages"}],"about":[{"href":"https:\/\/epic-elion.213-167-227-117.plesk.page\/index.php\/wp-json\/wp\/v2\/types\/page"}],"author":[{"embeddable":true,"href":"https:\/\/epic-elion.213-167-227-117.plesk.page\/index.php\/wp-json\/wp\/v2\/users\/1"}],"replies":[{"embeddable":true,"href":"https:\/\/epic-elion.213-167-227-117.plesk.page\/index.php\/wp-json\/wp\/v2\/comments?post=1885"}],"version-history":[{"count":8,"href":"https:\/\/epic-elion.213-167-227-117.plesk.page\/index.php\/wp-json\/wp\/v2\/pages\/1885\/revisions"}],"predecessor-version":[{"id":1954,"href":"https:\/\/epic-elion.213-167-227-117.plesk.page\/index.php\/wp-json\/wp\/v2\/pages\/1885\/revisions\/1954"}],"wp:attachment":[{"href":"https:\/\/epic-elion.213-167-227-117.plesk.page\/index.php\/wp-json\/wp\/v2\/media?parent=1885"}],"curies":[{"name":"wp","href":"https:\/\/api.w.org\/{rel}","templated":true}]}}