{"id":1560,"date":"2025-06-17T14:00:42","date_gmt":"2025-06-17T14:00:42","guid":{"rendered":"https:\/\/epic-elion.213-167-227-117.plesk.page\/?page_id=1560"},"modified":"2025-07-14T09:43:19","modified_gmt":"2025-07-14T09:43:19","slug":"mieten","status":"publish","type":"page","link":"https:\/\/epic-elion.213-167-227-117.plesk.page\/index.php\/mieten\/","title":{"rendered":"Mieten"},"content":{"rendered":"<div class=\"wpb-content-wrapper\"><p>[vc_row css_animation=&#8220;fadeInUp&#8220;][vc_column width=&#8220;2\/3&#8243; css=&#8220;.vc_custom_1742572467967{padding-top: 60px !important;}&#8220;][vc_column_text css=&#8220;&#8220;]<\/p>\n<h1>Mieten<\/h1>\n<h2>Top ausger\u00fcstet<\/h2>\n<h2><\/h2>\n<p>[\/vc_column_text][\/vc_column][vc_column width=&#8220;1\/3&#8243;][\/vc_column][\/vc_row][vc_row css_animation=&#8220;fadeInUp&#8220;][vc_column width=&#8220;1\/3&#8243;][\/vc_column][vc_column width=&#8220;2\/3&#8243;][vc_column_text css=&#8220;&#8220;]<\/p>\n<div class=\"csc-header csc-header-n2\">\n<p class=\"bodytext\">Haben Sie spontan Lust auf eine Runde Golf und nicht alles zum Golfspielen dabei, dann k\u00f6nnen wir Ihnen gerne aushelfen. Bei uns bzw. im Pro Shop \u00abThe Golfer&#8217;s\u00bb k\u00f6nnen Sie Trolleys, Carts oder Golfschl\u00e4ger mieten.<\/p>\n<p class=\"bodytext\">Ben\u00f6tigen Sie ein neues Set, empfehlen wir Ihnen gerne unseren Pro-Shop.<\/p>\n<\/div>\n<p>[\/vc_column_text][\/vc_column][\/vc_row][vc_row css=&#8220;.vc_custom_1747308686988{margin-top: 0px !important;margin-right: 0px !important;margin-bottom: 0px !important;margin-left: 0px !important;border-top-width: 0px !important;border-right-width: 0px !important;border-bottom-width: 0px !important;border-left-width: 0px !important;padding-top: 0px !important;padding-right: 0px !important;padding-bottom: 0px !important;padding-left: 0px !important;}&#8220;][vc_column][vc_column_text css=&#8220;&#8220;]<\/p>\n<h2><strong>Mietgegenstand<\/strong><\/h2>\n<p>[\/vc_column_text][vc_column_text css=&#8220;&#8220;]<\/p>\n<table style=\"height: auto; width: 100%;\">\n<tbody>\n<tr>\n<td><\/td>\n<td>Preise in CHF<\/td>\n<\/tr>\n<tr style=\"background-color: #f5f5f5;\">\n<td><strong>Trolley (Im Pro Shop)<\/strong><\/td>\n<td>5<\/td>\n<\/tr>\n<tr>\n<td><strong>Elektro-Trolley (bitte im Pro Shop vorreservieren)<\/strong><\/td>\n<td>25<\/td>\n<\/tr>\n<tr style=\"background-color: #f5f5f5;\">\n<td><strong>Clubcart (bitte im Sekretariat vorreservieren)<\/strong><\/td>\n<td>50<\/td>\n<\/tr>\n<tr>\n<td><strong>Schl\u00e4gerset inkl. Bag 9 \/ 18 Loch (bitte im Pro Shop vorreservieren)<\/strong><\/td>\n<td>25 \/ 40<\/td>\n<\/tr>\n<tr style=\"background-color: #f5f5f5;\">\n<td><strong>Caddie-Box<\/strong><\/td>\n<td>auf Anfrage<\/td>\n<\/tr>\n<\/tbody>\n<\/table>\n<p>[\/vc_column_text][\/vc_column][\/vc_row][vc_row][vc_column][\/vc_column][\/vc_row][vc_row css=&#8220;.vc_custom_1750169420251{padding-bottom: 100px !important;}&#8220;][vc_column]<style type=\"text\/css\" data-type=\"the7_shortcodes-inline-css\">.gallery-carousel-shortcode.gallery-carousel-shortcode-id-ee3d5fb5b62803c5078b473ba15532e7.owl-carousel .owl-nav div {\n  width: 36px;\n  height: 36px;\n  border-radius: 500px;\n}\n.dt-arrow-border-on.gallery-carousel-shortcode.gallery-carousel-shortcode-id-ee3d5fb5b62803c5078b473ba15532e7.owl-carousel .owl-nav div:not(:hover):before {\n  border-width: 0px;\n}\n.dt-arrow-hover-border-on.gallery-carousel-shortcode.gallery-carousel-shortcode-id-ee3d5fb5b62803c5078b473ba15532e7.owl-carousel .owl-nav div:hover:after {\n  border-width: 0px;\n}\n.gallery-carousel-shortcode.gallery-carousel-shortcode-id-ee3d5fb5b62803c5078b473ba15532e7.owl-carousel .owl-nav div.owl-prev {\n  top: 50%;\n  transform: translateY(calc(-50% + 0px));\n  left: -43px;\n}\n@media all and (-ms-high-contrast: none) {\n  .gallery-carousel-shortcode.gallery-carousel-shortcode-id-ee3d5fb5b62803c5078b473ba15532e7.owl-carousel .owl-nav div.owl-prev {\n    transform: translateY(-50%);\n    margin-top: 0px;\n  }\n}\n.gallery-carousel-shortcode.gallery-carousel-shortcode-id-ee3d5fb5b62803c5078b473ba15532e7.owl-carousel .owl-nav div.owl-prev i {\n  padding: 0px 0px 0px 0px;\n}\n.gallery-carousel-shortcode.gallery-carousel-shortcode-id-ee3d5fb5b62803c5078b473ba15532e7.owl-carousel .owl-nav div.owl-next {\n  top: 50%;\n  transform: translateY(calc(-50% + 0px));\n  right: -43px;\n}\n@media all and (-ms-high-contrast: none) {\n  .gallery-carousel-shortcode.gallery-carousel-shortcode-id-ee3d5fb5b62803c5078b473ba15532e7.owl-carousel .owl-nav div.owl-next {\n    transform: translateY(-50%);\n    margin-top: 0px;\n  }\n}\n.gallery-carousel-shortcode.gallery-carousel-shortcode-id-ee3d5fb5b62803c5078b473ba15532e7.owl-carousel .owl-nav div.owl-next i {\n  padding: 0px 0px 0px 0px;\n}\n.gallery-carousel-shortcode.gallery-carousel-shortcode-id-ee3d5fb5b62803c5078b473ba15532e7.owl-carousel .owl-nav i {\n  font-size: 18px;\n}\n.gallery-carousel-shortcode.gallery-carousel-shortcode-id-ee3d5fb5b62803c5078b473ba15532e7.owl-carousel .owl-nav div:not(:hover) i,\n.gallery-carousel-shortcode.gallery-carousel-shortcode-id-ee3d5fb5b62803c5078b473ba15532e7.owl-carousel .owl-nav div:not(:hover) i:before {\n  color: #1E73BE;\n  background: none;\n}\n.gallery-carousel-shortcode.gallery-carousel-shortcode-id-ee3d5fb5b62803c5078b473ba15532e7.owl-carousel .owl-nav div:hover i,\n.gallery-carousel-shortcode.gallery-carousel-shortcode-id-ee3d5fb5b62803c5078b473ba15532e7.owl-carousel .owl-nav div:hover i:before {\n  color: #000000;\n  background: none;\n}\n.gallery-carousel-shortcode.gallery-carousel-shortcode-id-ee3d5fb5b62803c5078b473ba15532e7 .owl-dots {\n  top: calc(100% + 20px);\n  left: 50%;\n  transform: translateX(calc(-50% + 0px));\n}\n@media all and (-ms-high-contrast: none) {\n  .gallery-carousel-shortcode.gallery-carousel-shortcode-id-ee3d5fb5b62803c5078b473ba15532e7 .owl-dots {\n    transform: translateX(-50%);\n    margin-left: 0px;\n  }\n}\n.gallery-carousel-shortcode.gallery-carousel-shortcode-id-ee3d5fb5b62803c5078b473ba15532e7 .owl-dot {\n  width: 10px;\n  height: 10px;\n  margin: 0 8px;\n}\n@media screen and (max-width: 778px) {\n  .gallery-carousel-shortcode.gallery-carousel-shortcode-id-ee3d5fb5b62803c5078b473ba15532e7.hide-arrows .owl-nav a {\n    display: none;\n  }\n}\n@media screen and (max-width: 778px) {\n  .gallery-carousel-shortcode.gallery-carousel-shortcode-id-ee3d5fb5b62803c5078b473ba15532e7.reposition-arrows .owl-nav .owl-prev {\n    top: 50%;\n    transform: translateY(calc(-50% + 0px));\n    left: 10px;\n  }\n  .gallery-carousel-shortcode.gallery-carousel-shortcode-id-ee3d5fb5b62803c5078b473ba15532e7.reposition-arrows .owl-nav .owl-next {\n    top: 50%;\n    transform: translateY(calc(-50% + 0px));\n    right: 10px;\n  }\n}\n@media screen and (max-width: 778px) and all and (-ms-high-contrast: none) {\n  .gallery-carousel-shortcode.gallery-carousel-shortcode-id-ee3d5fb5b62803c5078b473ba15532e7.reposition-arrows .owl-nav .owl-prev {\n    transform: translateY(-50%);\n    margin-top: 0px;\n  }\n}\n@media screen and (max-width: 778px) and all and (-ms-high-contrast: none) {\n  .gallery-carousel-shortcode.gallery-carousel-shortcode-id-ee3d5fb5b62803c5078b473ba15532e7.reposition-arrows .owl-nav .owl-next {\n    transform: translateY(-50%);\n    margin-top: 0px;\n  }\n}\n.gallery-carousel-shortcode.gallery-carousel-shortcode-id-ee3d5fb5b62803c5078b473ba15532e7 figure,\n.gallery-carousel-shortcode.gallery-carousel-shortcode-id-ee3d5fb5b62803c5078b473ba15532e7 .rollover,\n.gallery-carousel-shortcode.gallery-carousel-shortcode-id-ee3d5fb5b62803c5078b473ba15532e7 img,\n.gallery-carousel-shortcode.gallery-carousel-shortcode-id-ee3d5fb5b62803c5078b473ba15532e7 .gallery-rollover {\n  border-radius: 0px;\n}\n.gallery-carousel-shortcode.gallery-carousel-shortcode-id-ee3d5fb5b62803c5078b473ba15532e7.enable-bg-rollover .gallery-rollover {\n  background: #1E73BE40;\n  background: -webkit-linear-gradient();\n  background: linear-gradient();\n}\n.gallery-carousel-shortcode.gallery-carousel-shortcode-id-ee3d5fb5b62803c5078b473ba15532e7.enable-img-shadow .owl-stage-outer {\n  padding: 24px 0;\n}\n.gallery-carousel-shortcode.gallery-carousel-shortcode-id-ee3d5fb5b62803c5078b473ba15532e7.enable-bg-rollover.hover-scale figure .rollover:after {\n  background: #1E73BE40;\n  background: -webkit-linear-gradient();\n  background: linear-gradient();\n}\n.gallery-carousel-shortcode.gallery-carousel-shortcode-id-ee3d5fb5b62803c5078b473ba15532e7.gallery-shortcode .gallery-zoom-ico {\n  width: 44px;\n  height: 44px;\n  line-height: 44px;\n  border-radius: 100px;\n  margin: -22px 0 0 -22px;\n  border-width: 0px;\n}\n.dt-icon-bg-on.gallery-carousel-shortcode.gallery-carousel-shortcode-id-ee3d5fb5b62803c5078b473ba15532e7.gallery-shortcode .gallery-zoom-ico {\n  background: rgba(255,255,255,0.3);\n  box-shadow: none;\n}\n.gallery-carousel-shortcode.gallery-carousel-shortcode-id-ee3d5fb5b62803c5078b473ba15532e7.gallery-shortcode .gallery-zoom-ico:before,\n.gallery-carousel-shortcode.gallery-carousel-shortcode-id-ee3d5fb5b62803c5078b473ba15532e7.gallery-shortcode .gallery-zoom-ico span {\n  font-size: 32px;\n  line-height: 44px;\n  color: #ffffff;\n  background: none;\n}\n<\/style><div class=\"owl-carousel gallery-carousel-shortcode gallery-shortcode  dt-gallery-container dt-owl-carousel-call gallery-carousel-shortcode-id-ee3d5fb5b62803c5078b473ba15532e7 scale-img enable-bg-rollover meta-info-off bullets-small-dot-stroke reposition-arrows dt-icon-bg-off arrows-bg-off disable-arrows-hover-bg arrows-hover-bg-off  hover-fade \" data-scroll-mode=\"1\" data-col-num=\"3\" data-wide-col-num=\"3\" data-laptop-col=\"3\" data-h-tablet-columns-num=\"1\" data-v-tablet-columns-num=\"1\" data-phone-columns-num=\"1\" data-col-gap=\"20\" data-stage-padding=\"0\" data-speed=\"600\" data-autoplay=\"false\" data-autoplay_speed=\"6000\" data-arrows=\"true\" data-bullet=\"false\" data-next-icon=\"icon-ar-017-r\" data-prev-icon=\"icon-ar-017-l\" data-img-shadow-size=\"12px\" data-img-shadow-spread=\"3px\"><div data-post-id=\"1739\" data-date=\"2025-06-24T08:09:25+00:00\" data-name=\"_AC_3041\"><figure class=\"post\"><a href=\"https:\/\/epic-elion.213-167-227-117.plesk.page\/wp-content\/uploads\/2025\/06\/AC_3041.jpg\" class=\"rollover dt-pswp-item layzr-bg\" data-large_image_width=\"2048\" data-large_image_height=\"1365\" data-dt-img-description=\"\" ><img fetchpriority=\"high\" decoding=\"async\" class=\"preload-me owl-lazy-load aspect\" src=\"data:image\/svg+xml,%3Csvg%20xmlns%3D&#39;http%3A%2F%2Fwww.w3.org%2F2000%2Fsvg&#39;%20viewBox%3D&#39;0%200%202048%201365&#39;%2F%3E\" data-src=\"https:\/\/epic-elion.213-167-227-117.plesk.page\/wp-content\/uploads\/2025\/06\/AC_3041.jpg\" data-srcset=\"https:\/\/epic-elion.213-167-227-117.plesk.page\/wp-content\/uploads\/2025\/06\/AC_3041.jpg 2048w\" loading=\"eager\" style=\"--ratio: 2048 \/ 1365\" sizes=\"(max-width: 2048px) 100vw, 2048px\" alt=\"\" width=\"2048\" height=\"1365\"  \/><span class=\"gallery-rollover\"><\/span><\/a><\/figure><\/div><div data-post-id=\"1740\" data-date=\"2025-06-24T08:09:27+00:00\" data-name=\"\"><figure class=\"post\"><a href=\"https:\/\/epic-elion.213-167-227-117.plesk.page\/wp-content\/uploads\/2025\/06\/AC_3055.jpg\" class=\"rollover dt-pswp-item layzr-bg\" data-large_image_width=\"2048\" data-large_image_height=\"1365\" data-dt-img-description=\"\" ><img decoding=\"async\" class=\"preload-me owl-lazy-load aspect\" src=\"data:image\/svg+xml,%3Csvg%20xmlns%3D&#39;http%3A%2F%2Fwww.w3.org%2F2000%2Fsvg&#39;%20viewBox%3D&#39;0%200%202048%201365&#39;%2F%3E\" data-src=\"https:\/\/epic-elion.213-167-227-117.plesk.page\/wp-content\/uploads\/2025\/06\/AC_3055.jpg\" data-srcset=\"https:\/\/epic-elion.213-167-227-117.plesk.page\/wp-content\/uploads\/2025\/06\/AC_3055.jpg 2048w\" loading=\"eager\" style=\"--ratio: 2048 \/ 1365\" sizes=\"(max-width: 2048px) 100vw, 2048px\" alt=\"\" width=\"2048\" height=\"1365\"  \/><span class=\"gallery-rollover\"><\/span><\/a><\/figure><\/div><div data-post-id=\"1741\" data-date=\"2025-06-24T08:09:30+00:00\" data-name=\"\"><figure class=\"post\"><a href=\"https:\/\/epic-elion.213-167-227-117.plesk.page\/wp-content\/uploads\/2025\/06\/AC_3071.jpg\" class=\"rollover dt-pswp-item layzr-bg\" data-large_image_width=\"2048\" data-large_image_height=\"1365\" data-dt-img-description=\"\" ><img decoding=\"async\" class=\"preload-me owl-lazy-load aspect\" src=\"data:image\/svg+xml,%3Csvg%20xmlns%3D&#39;http%3A%2F%2Fwww.w3.org%2F2000%2Fsvg&#39;%20viewBox%3D&#39;0%200%202048%201365&#39;%2F%3E\" data-src=\"https:\/\/epic-elion.213-167-227-117.plesk.page\/wp-content\/uploads\/2025\/06\/AC_3071.jpg\" data-srcset=\"https:\/\/epic-elion.213-167-227-117.plesk.page\/wp-content\/uploads\/2025\/06\/AC_3071.jpg 2048w\" loading=\"eager\" style=\"--ratio: 2048 \/ 1365\" sizes=\"(max-width: 2048px) 100vw, 2048px\" alt=\"\" width=\"2048\" height=\"1365\"  \/><span class=\"gallery-rollover\"><\/span><\/a><\/figure><\/div><div data-post-id=\"1742\" data-date=\"2025-06-24T08:09:32+00:00\" data-name=\"\"><figure class=\"post\"><a href=\"https:\/\/epic-elion.213-167-227-117.plesk.page\/wp-content\/uploads\/2025\/06\/AC_3083.jpg\" class=\"rollover dt-pswp-item layzr-bg\" data-large_image_width=\"2048\" data-large_image_height=\"1365\" data-dt-img-description=\"\" ><img decoding=\"async\" class=\"preload-me owl-lazy-load aspect\" src=\"data:image\/svg+xml,%3Csvg%20xmlns%3D&#39;http%3A%2F%2Fwww.w3.org%2F2000%2Fsvg&#39;%20viewBox%3D&#39;0%200%202048%201365&#39;%2F%3E\" data-src=\"https:\/\/epic-elion.213-167-227-117.plesk.page\/wp-content\/uploads\/2025\/06\/AC_3083.jpg\" data-srcset=\"https:\/\/epic-elion.213-167-227-117.plesk.page\/wp-content\/uploads\/2025\/06\/AC_3083.jpg 2048w\" loading=\"eager\" style=\"--ratio: 2048 \/ 1365\" sizes=\"(max-width: 2048px) 100vw, 2048px\" alt=\"\" width=\"2048\" height=\"1365\"  \/><span class=\"gallery-rollover\"><\/span><\/a><\/figure><\/div><div data-post-id=\"1743\" data-date=\"2025-06-24T08:09:34+00:00\" data-name=\"\"><figure class=\"post\"><a href=\"https:\/\/epic-elion.213-167-227-117.plesk.page\/wp-content\/uploads\/2025\/06\/AC_3155.jpg\" class=\"rollover dt-pswp-item layzr-bg\" data-large_image_width=\"2048\" data-large_image_height=\"1365\" data-dt-img-description=\"\" ><img decoding=\"async\" class=\"preload-me owl-lazy-load aspect\" src=\"data:image\/svg+xml,%3Csvg%20xmlns%3D&#39;http%3A%2F%2Fwww.w3.org%2F2000%2Fsvg&#39;%20viewBox%3D&#39;0%200%202048%201365&#39;%2F%3E\" data-src=\"https:\/\/epic-elion.213-167-227-117.plesk.page\/wp-content\/uploads\/2025\/06\/AC_3155.jpg\" data-srcset=\"https:\/\/epic-elion.213-167-227-117.plesk.page\/wp-content\/uploads\/2025\/06\/AC_3155.jpg 2048w\" loading=\"eager\" style=\"--ratio: 2048 \/ 1365\" sizes=\"(max-width: 2048px) 100vw, 2048px\" alt=\"\" width=\"2048\" height=\"1365\"  \/><span class=\"gallery-rollover\"><\/span><\/a><\/figure><\/div><\/div>[\/vc_column][\/vc_row][vc_row][vc_column]\n\t\t\t\t<p class=\"rs-p-wp-fix\"><\/p>\n\t\t\t\t<sr7-module data-alias=\"slider-2\" data-id=\"6\" id=\"SR7_6_1\" class=\"rs-ov-hidden\" data-version=\"6.7.29\">\n\t\t\t\t\t<sr7-adjuster><\/sr7-adjuster>\n\t\t\t\t\t<sr7-content>\n\t\t\t\t\t\t<sr7-slide id=\"SR7_6_1-19\" data-key=\"19\">\n\t\t\t\t\t\t<\/sr7-slide>\n\t\t\t\t\t\t<sr7-slide id=\"SR7_6_1-23\" data-key=\"23\">\n\t\t\t\t\t\t<\/sr7-slide>\n\t\t\t\t\t\t<sr7-slide id=\"SR7_6_1-24\" data-key=\"24\">\n\t\t\t\t\t\t<\/sr7-slide>\n\t\t\t\t\t\t<sr7-slide id=\"SR7_6_1-37\" data-key=\"37\">\n\t\t\t\t\t\t<\/sr7-slide>\n\t\t\t\t\t\t<sr7-slide id=\"SR7_6_1-38\" data-key=\"38\">\n\t\t\t\t\t\t<\/sr7-slide>\n\t\t\t\t\t\t<sr7-slide id=\"SR7_6_1-39\" data-key=\"39\">\n\t\t\t\t\t\t<\/sr7-slide>\n\t\t\t\t\t\t<sr7-slide id=\"SR7_6_1-40\" data-key=\"40\">\n\t\t\t\t\t\t<\/sr7-slide>\n\t\t\t\t\t\t<sr7-slide id=\"SR7_6_1-41\" data-key=\"41\">\n\t\t\t\t\t\t<\/sr7-slide>\n\t\t\t\t\t\t<sr7-slide id=\"SR7_6_1-42\" data-key=\"42\">\n\t\t\t\t\t\t<\/sr7-slide>\n\t\t\t\t\t\t<sr7-slide id=\"SR7_6_1-43\" data-key=\"43\">\n\t\t\t\t\t\t<\/sr7-slide>\n\t\t\t\t\t\t<sr7-slide id=\"SR7_6_1-44\" data-key=\"44\">\n\t\t\t\t\t\t<\/sr7-slide>\n\t\t\t\t\t\t<sr7-slide id=\"SR7_6_1-45\" data-key=\"45\">\n\t\t\t\t\t\t<\/sr7-slide>\n\t\t\t\t\t\t<sr7-slide id=\"SR7_6_1-48\" data-key=\"48\">\n\t\t\t\t\t\t<\/sr7-slide>\n\t\t\t\t\t\t<sr7-slide id=\"SR7_6_1-49\" data-key=\"49\">\n\t\t\t\t\t\t<\/sr7-slide>\n\t\t\t\t\t\t<sr7-slide id=\"SR7_6_1-50\" data-key=\"50\">\n\t\t\t\t\t\t<\/sr7-slide>\n\t\t\t\t\t\t<sr7-slide id=\"SR7_6_1-51\" data-key=\"51\">\n\t\t\t\t\t\t<\/sr7-slide>\n\t\t\t\t\t\t<sr7-slide id=\"SR7_6_1-52\" data-key=\"52\">\n\t\t\t\t\t\t<\/sr7-slide>\n\t\t\t\t\t\t<sr7-slide id=\"SR7_6_1-53\" data-key=\"53\">\n\t\t\t\t\t\t<\/sr7-slide>\n\t\t\t\t\t\t<sr7-slide id=\"SR7_6_1-54\" data-key=\"54\">\n\t\t\t\t\t\t<\/sr7-slide>\n\t\t\t\t\t\t<sr7-slide id=\"SR7_6_1-55\" data-key=\"55\">\n\t\t\t\t\t\t<\/sr7-slide>\n\t\t\t\t\t\t<sr7-slide id=\"SR7_6_1-20\" data-key=\"20\">\n\t\t\t\t\t\t<\/sr7-slide>\n\t\t\t\t\t<\/sr7-content>\n\t\t\t\t\t<image_lists style=\"display:none\">\n\t\t\t\t\t\t<img data-src=\"\/\/epic-elion.213-167-227-117.plesk.page\/wp-content\/uploads\/2025\/06\/L1000760-scaled.jpg\" data-libid=\"1526\" data-lib=\"medialibrary\" width=\"0\" height=\"0\" data-dbsrc=\"Ly9lcGljLWVsaW9uLjIxMy0xNjctMjI3LTExNy5wbGVzay5wYWdlL3dwLWNvbnRlbnQvdXBsb2Fkcy8yMDI1LzA2L0wxMDAwNzYwLXNjYWxlZC5qcGc=\"\/>\n\t\t\t\t\t\t<img data-src=\"\/\/epic-elion.213-167-227-117.plesk.page\/wp-content\/uploads\/2025\/06\/L1000733-scaled.jpg\" data-libid=\"1525\" data-lib=\"medialibrary\" width=\"0\" height=\"0\" data-dbsrc=\"Ly9lcGljLWVsaW9uLjIxMy0xNjctMjI3LTExNy5wbGVzay5wYWdlL3dwLWNvbnRlbnQvdXBsb2Fkcy8yMDI1LzA2L0wxMDAwNzMzLXNjYWxlZC5qcGc=\"\/>\n\t\t\t\t\t\t<img data-src=\"\/\/epic-elion.213-167-227-117.plesk.page\/wp-content\/uploads\/2025\/06\/L1000268-scaled.jpg\" data-libid=\"1524\" data-lib=\"medialibrary\" width=\"0\" height=\"0\" data-dbsrc=\"Ly9lcGljLWVsaW9uLjIxMy0xNjctMjI3LTExNy5wbGVzay5wYWdlL3dwLWNvbnRlbnQvdXBsb2Fkcy8yMDI1LzA2L0wxMDAwMjY4LXNjYWxlZC5qcGc=\"\/>\n\t\t\t\t\t\t<img data-src=\"\/\/epic-elion.213-167-227-117.plesk.page\/wp-content\/uploads\/2025\/06\/L1000216-scaled.jpg\" data-libid=\"1534\" data-lib=\"medialibrary\" width=\"0\" height=\"0\" data-dbsrc=\"Ly9lcGljLWVsaW9uLjIxMy0xNjctMjI3LTExNy5wbGVzay5wYWdlL3dwLWNvbnRlbnQvdXBsb2Fkcy8yMDI1LzA2L0wxMDAwMjE2LXNjYWxlZC5qcGc=\"\/>\n\t\t\t\t\t\t<img data-src=\"\/\/epic-elion.213-167-227-117.plesk.page\/wp-content\/uploads\/2025\/06\/L1000964-scaled.jpg\" data-libid=\"1644\" data-lib=\"medialibrary\" width=\"0\" height=\"0\" data-dbsrc=\"Ly9lcGljLWVsaW9uLjIxMy0xNjctMjI3LTExNy5wbGVzay5wYWdlL3dwLWNvbnRlbnQvdXBsb2Fkcy8yMDI1LzA2L0wxMDAwOTY0LXNjYWxlZC5qcGc=\"\/>\n\t\t\t\t\t\t<img data-src=\"\/\/epic-elion.213-167-227-117.plesk.page\/wp-content\/uploads\/2025\/06\/L1000245-scaled.jpg\" data-libid=\"1536\" data-lib=\"medialibrary\" width=\"0\" height=\"0\" data-dbsrc=\"Ly9lcGljLWVsaW9uLjIxMy0xNjctMjI3LTExNy5wbGVzay5wYWdlL3dwLWNvbnRlbnQvdXBsb2Fkcy8yMDI1LzA2L0wxMDAwMjQ1LXNjYWxlZC5qcGc=\"\/>\n\t\t\t\t\t\t<img data-src=\"\/\/epic-elion.213-167-227-117.plesk.page\/wp-content\/uploads\/2025\/06\/L1000654-scaled.jpg\" data-libid=\"1537\" data-lib=\"medialibrary\" width=\"0\" height=\"0\" data-dbsrc=\"Ly9lcGljLWVsaW9uLjIxMy0xNjctMjI3LTExNy5wbGVzay5wYWdlL3dwLWNvbnRlbnQvdXBsb2Fkcy8yMDI1LzA2L0wxMDAwNjU0LXNjYWxlZC5qcGc=\"\/>\n\t\t\t\t\t\t<img data-src=\"\/\/epic-elion.213-167-227-117.plesk.page\/wp-content\/uploads\/2025\/06\/L1010194-scaled.jpg\" data-libid=\"1538\" data-lib=\"medialibrary\" title=\"L1010194\" width=\"0\" height=\"0\" data-dbsrc=\"Ly9lcGljLWVsaW9uLjIxMy0xNjctMjI3LTExNy5wbGVzay5wYWdlL3dwLWNvbnRlbnQvdXBsb2Fkcy8yMDI1LzA2L0wxMDEwMTk0LXNjYWxlZC5qcGc=\"\/>\n\t\t\t\t\t\t<img data-src=\"\/\/epic-elion.213-167-227-117.plesk.page\/wp-content\/uploads\/2025\/06\/L1000174-scaled.jpg\" data-libid=\"1540\" data-lib=\"medialibrary\" width=\"0\" height=\"0\" data-dbsrc=\"Ly9lcGljLWVsaW9uLjIxMy0xNjctMjI3LTExNy5wbGVzay5wYWdlL3dwLWNvbnRlbnQvdXBsb2Fkcy8yMDI1LzA2L0wxMDAwMTc0LXNjYWxlZC5qcGc=\"\/>\n\t\t\t\t\t\t<img data-src=\"\/\/epic-elion.213-167-227-117.plesk.page\/wp-content\/uploads\/2025\/06\/L1000410-scaled.jpg\" data-libid=\"1541\" data-lib=\"medialibrary\" title=\"L1000410\" width=\"0\" height=\"0\" data-dbsrc=\"Ly9lcGljLWVsaW9uLjIxMy0xNjctMjI3LTExNy5wbGVzay5wYWdlL3dwLWNvbnRlbnQvdXBsb2Fkcy8yMDI1LzA2L0wxMDAwNDEwLXNjYWxlZC5qcGc=\"\/>\n\t\t\t\t\t\t<img data-src=\"\/\/epic-elion.213-167-227-117.plesk.page\/wp-content\/uploads\/2025\/06\/L1000954-scaled.jpg\" data-libid=\"1639\" data-lib=\"medialibrary\" width=\"0\" height=\"0\" data-dbsrc=\"Ly9lcGljLWVsaW9uLjIxMy0xNjctMjI3LTExNy5wbGVzay5wYWdlL3dwLWNvbnRlbnQvdXBsb2Fkcy8yMDI1LzA2L0wxMDAwOTU0LXNjYWxlZC5qcGc=\"\/>\n\t\t\t\t\t\t<img data-src=\"\/\/epic-elion.213-167-227-117.plesk.page\/wp-content\/uploads\/2025\/06\/AC_2613-scaled.jpg\" data-libid=\"1539\" data-lib=\"medialibrary\" width=\"0\" height=\"0\" data-dbsrc=\"Ly9lcGljLWVsaW9uLjIxMy0xNjctMjI3LTExNy5wbGVzay5wYWdlL3dwLWNvbnRlbnQvdXBsb2Fkcy8yMDI1LzA2L0FDXzI2MTMtc2NhbGVkLmpwZw==\"\/>\n\t\t\t\t\t\t<img data-src=\"\/\/epic-elion.213-167-227-117.plesk.page\/wp-content\/uploads\/2025\/06\/L1000943-scaled.jpg\" data-libid=\"1638\" data-lib=\"medialibrary\" title=\"L1000943\" width=\"0\" height=\"0\" data-dbsrc=\"Ly9lcGljLWVsaW9uLjIxMy0xNjctMjI3LTExNy5wbGVzay5wYWdlL3dwLWNvbnRlbnQvdXBsb2Fkcy8yMDI1LzA2L0wxMDAwOTQzLXNjYWxlZC5qcGc=\"\/>\n\t\t\t\t\t\t<img data-src=\"\/\/epic-elion.213-167-227-117.plesk.page\/wp-content\/uploads\/2025\/06\/L1000932-scaled.jpg\" data-libid=\"1637\" data-lib=\"medialibrary\" width=\"0\" height=\"0\" data-dbsrc=\"Ly9lcGljLWVsaW9uLjIxMy0xNjctMjI3LTExNy5wbGVzay5wYWdlL3dwLWNvbnRlbnQvdXBsb2Fkcy8yMDI1LzA2L0wxMDAwOTMyLXNjYWxlZC5qcGc=\"\/>\n\t\t\t\t\t\t<img data-src=\"\/\/epic-elion.213-167-227-117.plesk.page\/wp-content\/uploads\/2025\/06\/L1000925-scaled.jpg\" data-libid=\"1636\" data-lib=\"medialibrary\" width=\"0\" height=\"0\" data-dbsrc=\"Ly9lcGljLWVsaW9uLjIxMy0xNjctMjI3LTExNy5wbGVzay5wYWdlL3dwLWNvbnRlbnQvdXBsb2Fkcy8yMDI1LzA2L0wxMDAwOTI1LXNjYWxlZC5qcGc=\"\/>\n\t\t\t\t\t\t<img data-src=\"\/\/epic-elion.213-167-227-117.plesk.page\/wp-content\/uploads\/2025\/06\/L1000911-scaled.jpg\" data-libid=\"1635\" data-lib=\"medialibrary\" title=\"L1000911\" width=\"0\" height=\"0\" data-dbsrc=\"Ly9lcGljLWVsaW9uLjIxMy0xNjctMjI3LTExNy5wbGVzay5wYWdlL3dwLWNvbnRlbnQvdXBsb2Fkcy8yMDI1LzA2L0wxMDAwOTExLXNjYWxlZC5qcGc=\"\/>\n\t\t\t\t\t\t<img data-src=\"\/\/epic-elion.213-167-227-117.plesk.page\/wp-content\/uploads\/2025\/06\/DSC02752.jpg\" data-libid=\"1640\" data-lib=\"medialibrary\" width=\"0\" height=\"0\" data-dbsrc=\"Ly9lcGljLWVsaW9uLjIxMy0xNjctMjI3LTExNy5wbGVzay5wYWdlL3dwLWNvbnRlbnQvdXBsb2Fkcy8yMDI1LzA2L0RTQzAyNzUyLmpwZw==\"\/>\n\t\t\t\t\t\t<img data-src=\"\/\/epic-elion.213-167-227-117.plesk.page\/wp-content\/uploads\/2025\/06\/L1000655-scaled.jpg\" data-libid=\"1645\" data-lib=\"medialibrary\" width=\"0\" height=\"0\" data-dbsrc=\"Ly9lcGljLWVsaW9uLjIxMy0xNjctMjI3LTExNy5wbGVzay5wYWdlL3dwLWNvbnRlbnQvdXBsb2Fkcy8yMDI1LzA2L0wxMDAwNjU1LXNjYWxlZC5qcGc=\"\/>\n\t\t\t\t\t\t<img data-src=\"\/\/epic-elion.213-167-227-117.plesk.page\/wp-content\/uploads\/2025\/06\/L1000267-scaled.jpg\" data-libid=\"1642\" data-lib=\"medialibrary\" width=\"0\" height=\"0\" data-dbsrc=\"Ly9lcGljLWVsaW9uLjIxMy0xNjctMjI3LTExNy5wbGVzay5wYWdlL3dwLWNvbnRlbnQvdXBsb2Fkcy8yMDI1LzA2L0wxMDAwMjY3LXNjYWxlZC5qcGc=\"\/>\n\t\t\t\t\t\t<img data-src=\"\/\/epic-elion.213-167-227-117.plesk.page\/wp-content\/uploads\/2025\/06\/L1010365-scaled.jpg\" data-libid=\"1643\" data-lib=\"medialibrary\" width=\"0\" height=\"0\" data-dbsrc=\"Ly9lcGljLWVsaW9uLjIxMy0xNjctMjI3LTExNy5wbGVzay5wYWdlL3dwLWNvbnRlbnQvdXBsb2Fkcy8yMDI1LzA2L0wxMDEwMzY1LXNjYWxlZC5qcGc=\"\/>\n\t\t\t\t\t<\/image_lists>\n\t\t\t\t<\/sr7-module>\n\t\t\t\t<script>\n\t\t\t\t\tSR7.PMH ??={}; SR7.PMH[\"SR7_6_1\"] = {cn:100,state:false,fn: function() { if (_tpt!==undefined && _tpt.prepareModuleHeight !== undefined) {  _tpt.prepareModuleHeight({id:\"SR7_6_1\",el:[600,600,600,600,250],type:'standard',shdw:'0',gh:[600,600,600,600,250],gw:[2000,2000,2000,2000,480],vpt:['-100px&#039;,&#039;-100px&#039;,&#039;-100px&#039;,&#039;-100px&#039;,&#039;-100px'],size:{fullWidth:true, fullHeight:false},mh:'0',onh:0,onw:0,bg:{color:'{\"orig\":\"transparent\",\"type\":\"solid\",\"string\":\"transparent\"}'}});   SR7.PMH[\"SR7_6_1\"].state=true;} else if(SR7.PMH[\"SR7_6_1\"].cn-->0)\tsetTimeout( SR7.PMH[\"SR7_6_1\"].fn,19);}};SR7.PMH[\"SR7_6_1\" ].fn();\n\t\t\t\t<\/script>\n[\/vc_column][\/vc_row]<\/p>\n<\/div>","protected":false},"excerpt":{"rendered":"<p>[vc_row css_animation=&#8220;fadeInUp&#8220;][vc_column width=&#8220;2\/3&#8243; css=&#8220;.vc_custom_1742572467967{padding-top: 60px !important;}&#8220;][vc_column_text css=&#8220;&#8220;] Mieten Top ausger\u00fcstet [\/vc_column_text][\/vc_column][vc_column width=&#8220;1\/3&#8243;][\/vc_column][\/vc_row][vc_row css_animation=&#8220;fadeInUp&#8220;][vc_column width=&#8220;1\/3&#8243;][\/vc_column][vc_column width=&#8220;2\/3&#8243;][vc_column_text css=&#8220;&#8220;] Haben Sie spontan Lust auf eine Runde Golf und nicht alles zum Golfspielen dabei, dann k\u00f6nnen wir Ihnen gerne aushelfen. Bei uns bzw. im Pro Shop \u00abThe Golfer&#8217;s\u00bb k\u00f6nnen Sie Trolleys, Carts oder Golfschl\u00e4ger mieten. Ben\u00f6tigen Sie ein neues&hellip;<\/p>\n","protected":false},"author":1,"featured_media":0,"parent":0,"menu_order":0,"comment_status":"closed","ping_status":"closed","template":"","meta":{"_acf_changed":false,"om_disable_all_campaigns":false,"footnotes":""},"class_list":["post-1560","page","type-page","status-publish","hentry","description-off"],"acf":[],"_links":{"self":[{"href":"https:\/\/epic-elion.213-167-227-117.plesk.page\/index.php\/wp-json\/wp\/v2\/pages\/1560","targetHints":{"allow":["GET"]}}],"collection":[{"href":"https:\/\/epic-elion.213-167-227-117.plesk.page\/index.php\/wp-json\/wp\/v2\/pages"}],"about":[{"href":"https:\/\/epic-elion.213-167-227-117.plesk.page\/index.php\/wp-json\/wp\/v2\/types\/page"}],"author":[{"embeddable":true,"href":"https:\/\/epic-elion.213-167-227-117.plesk.page\/index.php\/wp-json\/wp\/v2\/users\/1"}],"replies":[{"embeddable":true,"href":"https:\/\/epic-elion.213-167-227-117.plesk.page\/index.php\/wp-json\/wp\/v2\/comments?post=1560"}],"version-history":[{"count":17,"href":"https:\/\/epic-elion.213-167-227-117.plesk.page\/index.php\/wp-json\/wp\/v2\/pages\/1560\/revisions"}],"predecessor-version":[{"id":2503,"href":"https:\/\/epic-elion.213-167-227-117.plesk.page\/index.php\/wp-json\/wp\/v2\/pages\/1560\/revisions\/2503"}],"wp:attachment":[{"href":"https:\/\/epic-elion.213-167-227-117.plesk.page\/index.php\/wp-json\/wp\/v2\/media?parent=1560"}],"curies":[{"name":"wp","href":"https:\/\/api.w.org\/{rel}","templated":true}]}}