{"id":1182,"date":"2025-05-19T12:41:15","date_gmt":"2025-05-19T12:41:15","guid":{"rendered":"https:\/\/epic-elion.213-167-227-117.plesk.page\/?page_id=1182"},"modified":"2025-07-14T09:51:28","modified_gmt":"2025-07-14T09:51:28","slug":"schnupperkurse","status":"publish","type":"page","link":"https:\/\/epic-elion.213-167-227-117.plesk.page\/index.php\/schnupperkurse\/","title":{"rendered":"Schnupperkurse"},"content":{"rendered":"<div class=\"wpb-content-wrapper\"><p>[vc_row css_animation=&#8220;fadeInUp&#8220;][vc_column width=&#8220;2\/3&#8243; css=&#8220;.vc_custom_1742572467967{padding-top: 60px !important;}&#8220;][vc_column_text css=&#8220;&#8220;]<\/p>\n<h1>Schnupperkurse<\/h1>\n<h2>Der erste Schritt aufs Gr\u00fcn \u2013<br \/>\neinfach ausprobieren.<\/h2>\n<p>[\/vc_column_text][\/vc_column][vc_column width=&#8220;1\/3&#8243;][\/vc_column][\/vc_row][vc_row css_animation=&#8220;fadeInUp&#8220;][vc_column width=&#8220;1\/3&#8243;][\/vc_column][vc_column width=&#8220;2\/3&#8243;][vc_column_text css=&#8220;&#8220;]<\/p>\n<div class=\"csc-header csc-header-n2\">\n<p class=\"bodytext\">Sie verf\u00fcgen \u00fcber\u00a0keinerlei Vorkenntnisse\u00a0oder\u00a0Golferfahrung\u00a0und m\u00f6chten sich einen Einblick in den Golfsport verschaffen?\u00a0Oder einfach einen\u00a0tollen Betriebsausflug\u00a0oder\u00a0Firmenevent\u00a0durchf\u00fchren?\u00a0Dann ist ein Schnupperkurs genau das Richtige. Der Spass ist garantiert!<\/p>\n<p class=\"bodytext\">Der Golf Club Domat\/Ems bietet Firmen, Organisationen und Vereinen vielf\u00e4ltige M\u00f6glichkeiten, mit Ihren Kunden, Mitarbeitenden oder Mitgliedern den Golfsport nachhaltig zu erleben.<\/p>\n<\/div>\n<p>[\/vc_column_text][\/vc_column][\/vc_row][vc_row equal_height=&#8220;yes&#8220; content_placement=&#8220;middle&#8220; bg_type=&#8220;bg_color&#8220; bg_color_value=&#8220;#EFEFEF&#8220; css=&#8220;.vc_custom_1751283455593{margin-top: 0px !important;margin-right: 0px !important;margin-bottom: 0px !important;margin-left: 0px !important;border-top-width: 0px !important;border-right-width: 0px !important;border-bottom-width: 0px !important;border-left-width: 0px !important;padding-top: 0px !important;padding-right: 0px !important;padding-bottom: 0px !important;padding-left: 0px !important;}&#8220;][vc_column width=&#8220;1\/2&#8243; css=&#8220;.vc_custom_1751377786002{margin-top: 0px !important;margin-right: 0px !important;margin-bottom: 0px !important;margin-left: 0px !important;border-top-width: 0px !important;border-right-width: 0px !important;border-bottom-width: 0px !important;border-left-width: 0px !important;padding-top: 0px !important;padding-right: 0px !important;padding-bottom: 0px !important;padding-left: 0px !important;}&#8220; offset=&#8220;vc_hidden-md vc_hidden-sm&#8220;][vc_column_text css=&#8220;.vc_custom_1751282738834{margin-top: 0px !important;margin-right: 0px !important;margin-bottom: 0px !important;margin-left: 0px !important;padding-right: 30px !important;padding-left: 30px !important;}&#8220;]<\/p>\n<div class=\"csc-header csc-header-n4\">\n<h2>Was beinhaltet ein Schnupperkurs?<\/h2>\n<\/div>\n<div class=\"csc-textpic-text\">\n<div class=\"bodytextWrap\">\n<ul>\n<li>Kurze Einf\u00fchrung\u00a0in den Golfsport<\/li>\n<li>Sie \u00fcben die\u00a0Grundschl\u00e4ge\u00a0des Golfsports (kurze und lange Schl\u00e4ge, Putting)<\/li>\n<li>Anhand einer Chipping- und\/oder Putting-Competition\u00a0setzen Sie das Gelernte spielerisch gleich um<\/li>\n<li>von unseren Marshalls oder Golf-Pros geleiteter Kurs<\/li>\n<li>Dauer 90 Minuten<\/li>\n<li>w\u00e4hrend ganzer\u00a0Saison von Mitte M\u00e4rz bis Mitte November\u00a0m\u00f6glich<\/li>\n<li>bei jeder Witterung<\/li>\n<li>bequeme Kleidung (Turnschuhe, bitte keine Blue-Jeans)<\/li>\n<\/ul>\n<p class=\"bodytext\">Kombiniert mit einem kulinarischen Abstecher (Brunch, Lunch, Ap\u00e9ro oder Dinner)\u00a0ins Golfrestaurant ergeben sich aussergew\u00f6hnliche Erlebnisse, passend zu einer Geburtstags- oder Jubil\u00e4umsfeier sowie einem Firmenausflug.<\/p>\n<p class=\"bodytext\">M\u00f6chten Sie mehr zum Schnupperkurs wissen?<br \/>\nRufen Sie uns an +41 81 650 35 00 oder schreiben Sie uns eine E-Mail.<\/p>\n<\/div>\n<\/div>\n<p>[\/vc_column_text][\/vc_column][vc_column width=&#8220;1\/2&#8243; css=&#8220;.vc_custom_1751377790977{margin-top: 0px !important;margin-right: 0px !important;margin-bottom: 0px !important;margin-left: 0px !important;border-top-width: 0px !important;border-right-width: 0px !important;border-bottom-width: 0px !important;border-left-width: 0px !important;padding-top: 0px !important;padding-right: 0px !important;padding-bottom: 0px !important;padding-left: 0px !important;}&#8220; offset=&#8220;vc_hidden-md vc_hidden-sm&#8220;][vc_single_image image=&#8220;1520&#8243; img_size=&#8220;full&#8220; css=&#8220;.vc_custom_1752486695780{margin-top: 0px !important;margin-right: 0px !important;margin-bottom: 0px !important;margin-left: 0px !important;border-top-width: 0px !important;border-right-width: 0px !important;border-bottom-width: 0px !important;border-left-width: 0px !important;padding-top: 0px !important;padding-right: 0px !important;padding-bottom: 0px !important;padding-left: 0px !important;}&#8220;][\/vc_column][\/vc_row][vc_row equal_height=&#8220;yes&#8220; content_placement=&#8220;middle&#8220; ult_hide_row=&#8220;ult_hide_row_value&#8220; ult_hide_row_large_screen=&#8220;large_screen&#8220; ult_hide_row_desktop=&#8220;desktop&#8220; ult_hide_row_mobile=&#8220;mobile&#8220; ult_hide_row_mobile_large=&#8220;xl_mobile&#8220; css=&#8220;.vc_custom_1751377745676{margin-top: 0px !important;margin-right: 0px !important;margin-bottom: 0px !important;margin-left: 0px !important;border-top-width: 0px !important;border-right-width: 0px !important;border-bottom-width: 0px !important;border-left-width: 0px !important;padding-top: 0px !important;padding-right: 0px !important;padding-bottom: 0px !important;padding-left: 0px !important;}&#8220;][vc_column width=&#8220;1\/6&#8243; css=&#8220;.vc_custom_1751377721222{margin-top: 0px !important;margin-right: 0px !important;margin-bottom: 0px !important;margin-left: 0px !important;border-top-width: 0px !important;border-right-width: 0px !important;border-bottom-width: 0px !important;border-left-width: 0px !important;padding-top: 0px !important;padding-right: 0px !important;padding-bottom: 0px !important;padding-left: 0px !important;}&#8220; offset=&#8220;vc_hidden-lg vc_hidden-xs&#8220;][\/vc_column][vc_column width=&#8220;2\/3&#8243; css=&#8220;.vc_custom_1751377755807{margin-top: 0px !important;margin-right: 0px !important;margin-bottom: 0px !important;margin-left: 0px !important;border-top-width: 0px !important;border-right-width: 0px !important;border-bottom-width: 0px !important;border-left-width: 0px !important;padding-top: 20px !important;padding-right: 20px !important;padding-bottom: 20px !important;padding-left: 20px !important;background-color: #EFEFEF !important;}&#8220; offset=&#8220;vc_hidden-lg vc_hidden-xs&#8220;][vc_column_text css=&#8220;.vc_custom_1751282738834{margin-top: 0px !important;margin-right: 0px !important;margin-bottom: 0px !important;margin-left: 0px !important;padding-right: 30px !important;padding-left: 30px !important;}&#8220;]<\/p>\n<div class=\"csc-header csc-header-n4\">\n<h2>Was beinhaltet ein Schnupperkurs?<\/h2>\n<\/div>\n<div class=\"csc-textpic-text\">\n<div class=\"bodytextWrap\">\n<ul>\n<li>Kurze Einf\u00fchrung\u00a0in den Golfsport<\/li>\n<li>Sie \u00fcben die\u00a0Grundschl\u00e4ge\u00a0des Golfsports (kurze und lange Schl\u00e4ge, Putting)<\/li>\n<li>Anhand einer Chipping- und\/oder Putting-Competition\u00a0setzen Sie das Gelernte spielerisch gleich um<\/li>\n<li>von unseren Marshalls oder Golf-Pros geleiteter Kurs<\/li>\n<li>Dauer 90 Minuten<\/li>\n<li>w\u00e4hrend ganzer\u00a0Saison von Mitte M\u00e4rz bis Mitte November\u00a0m\u00f6glich<\/li>\n<li>bei jeder Witterung<\/li>\n<li>bequeme Kleidung (Turnschuhe, bitte keine Blue-Jeans)<\/li>\n<\/ul>\n<p class=\"bodytext\">Kombiniert mit einem kulinarischen Abstecher (Brunch, Lunch, Ap\u00e9ro oder Dinner)\u00a0ins Golfrestaurant ergeben sich aussergew\u00f6hnliche Erlebnisse, passend zu einer Geburtstags- oder Jubil\u00e4umsfeier sowie einem Firmenausflug.<\/p>\n<p class=\"bodytext\">M\u00f6chten Sie mehr zum Schnupperkurs wissen?<br \/>\nRufen Sie uns an +41 81 650 35 00 oder schreiben Sie uns eine E-Mail.<\/p>\n<\/div>\n<\/div>\n<p>[\/vc_column_text][\/vc_column][vc_column width=&#8220;1\/6&#8243;][\/vc_column][\/vc_row][vc_row ult_hide_row=&#8220;ult_hide_row_value&#8220; ult_hide_row_tablet=&#8220;tablet&#8220; ult_hide_row_tablet_small=&#8220;xs_tablet&#8220; ult_hide_row_mobile=&#8220;mobile&#8220; ult_hide_row_mobile_large=&#8220;xl_mobile&#8220; css=&#8220;.vc_custom_1751445361333{margin-top: 50px !important;}&#8220;][vc_column offset=&#8220;vc_hidden-md vc_hidden-sm vc_hidden-xs&#8220;][vc_column_text css=&#8220;&#8220;]\n<table id=\"tablepress-8\" class=\"tablepress tablepress-id-8\">\n<thead>\n<tr class=\"row-1\">\n\t<th class=\"column-1\">Kursart<\/th><th class=\"column-2\">Preise in CHF<\/th>\n<\/tr>\n<\/thead>\n<tbody class=\"row-striping row-hover\">\n<tr class=\"row-2\">\n\t<td class=\"column-1\">Schnupperkurs mit Marshall*<\/td><td class=\"column-2\">40 pro Person<\/td>\n<\/tr>\n<tr class=\"row-3\">\n\t<td class=\"column-1\">Schnupperkurs mit Golf PRO*<\/td><td class=\"column-2\">40 pro Person, mindestens 300 CHF<\/td>\n<\/tr>\n<tr class=\"row-4\">\n\t<td class=\"column-1\">Schnupperkurs f\u00fcr Schulen*<\/td><td class=\"column-2\">auf Anfrage<\/td>\n<\/tr>\n<\/tbody>\n<\/table>\n<!-- #tablepress-8 from cache -->[\/vc_column_text][vc_column_text css=&#8220;.vc_custom_1751445205387{margin-top: 0px !important;padding-top: 0px !important;}&#8220;]* Im Preis sind Driving-Range B\u00e4lle und Leihschl\u00e4ger inbegriffen. Nur f\u00fcr Gruppen buchbar.<br \/>\nAlle Preise sind inkl. Mehrwertsteuer[\/vc_column_text][\/vc_column][\/vc_row][vc_row ult_hide_row=&#8220;ult_hide_row_value&#8220; ult_hide_row_large_screen=&#8220;large_screen&#8220; ult_hide_row_desktop=&#8220;desktop&#8220; css=&#8220;.vc_custom_1751445377157{margin-top: 50px !important;}&#8220;][vc_column offset=&#8220;vc_hidden-lg&#8220;][vc_column_text css=&#8220;&#8220;]\n<table id=\"tablepress-7\" class=\"tablepress tablepress-id-7\">\n<thead>\n<tr class=\"row-1\">\n\t<th class=\"column-1\">Kursart<\/th><th class=\"column-2\">Preise in CHF<\/th>\n<\/tr>\n<\/thead>\n<tbody class=\"row-striping row-hover\">\n<tr class=\"row-2\">\n\t<td class=\"column-1\">Schnupperkurs mit Marshall*<\/td><td class=\"column-2\">40 pro Person<\/td>\n<\/tr>\n<tr class=\"row-3\">\n\t<td class=\"column-1\">Schnupperkurs mit Golf PRO*<\/td><td class=\"column-2\">40 pro Person, mindestens 300 CHF<\/td>\n<\/tr>\n<tr class=\"row-4\">\n\t<td class=\"column-1\">Schnupperkurs f\u00fcr Schulen*<\/td><td class=\"column-2\">auf Anfrage<\/td>\n<\/tr>\n<\/tbody>\n<\/table>\n<!-- #tablepress-7 from cache -->[\/vc_column_text][vc_column_text css=&#8220;.vc_custom_1751445205387{margin-top: 0px !important;padding-top: 0px !important;}&#8220;]* Im Preis sind Driving-Range B\u00e4lle und Leihschl\u00e4ger inbegriffen. Nur f\u00fcr Gruppen buchbar.<br \/>\nAlle Preise sind inkl. Mehrwertsteuer[\/vc_column_text][vc_row_inner][vc_column_inner width=&#8220;1\/6&#8243;][vc_single_image image=&#8220;2346&#8243; img_size=&#8220;full&#8220; css=&#8220;.vc_custom_1751445484272{padding-right: 200px !important;padding-bottom: 200px !important;}&#8220;][\/vc_column_inner][vc_column_inner width=&#8220;1\/6&#8243;][\/vc_column_inner][vc_column_inner width=&#8220;1\/6&#8243;][\/vc_column_inner][vc_column_inner width=&#8220;1\/6&#8243;][\/vc_column_inner][vc_column_inner width=&#8220;1\/6&#8243;][\/vc_column_inner][vc_column_inner width=&#8220;1\/6&#8243;][\/vc_column_inner][\/vc_row_inner][\/vc_column][\/vc_row][vc_row][vc_column css=&#8220;.vc_custom_1742823621486{padding-top: 100px !important;}&#8220;]\n\t\t\t\t<p class=\"rs-p-wp-fix\"><\/p>\n\t\t\t\t<sr7-module data-alias=\"slider-2\" data-id=\"6\" id=\"SR7_6_1\" class=\"rs-ov-hidden\" data-version=\"6.7.29\">\n\t\t\t\t\t<sr7-adjuster><\/sr7-adjuster>\n\t\t\t\t\t<sr7-content>\n\t\t\t\t\t\t<sr7-slide id=\"SR7_6_1-19\" data-key=\"19\">\n\t\t\t\t\t\t<\/sr7-slide>\n\t\t\t\t\t\t<sr7-slide id=\"SR7_6_1-23\" data-key=\"23\">\n\t\t\t\t\t\t<\/sr7-slide>\n\t\t\t\t\t\t<sr7-slide id=\"SR7_6_1-24\" data-key=\"24\">\n\t\t\t\t\t\t<\/sr7-slide>\n\t\t\t\t\t\t<sr7-slide id=\"SR7_6_1-37\" data-key=\"37\">\n\t\t\t\t\t\t<\/sr7-slide>\n\t\t\t\t\t\t<sr7-slide id=\"SR7_6_1-38\" data-key=\"38\">\n\t\t\t\t\t\t<\/sr7-slide>\n\t\t\t\t\t\t<sr7-slide id=\"SR7_6_1-39\" data-key=\"39\">\n\t\t\t\t\t\t<\/sr7-slide>\n\t\t\t\t\t\t<sr7-slide id=\"SR7_6_1-40\" data-key=\"40\">\n\t\t\t\t\t\t<\/sr7-slide>\n\t\t\t\t\t\t<sr7-slide id=\"SR7_6_1-41\" data-key=\"41\">\n\t\t\t\t\t\t<\/sr7-slide>\n\t\t\t\t\t\t<sr7-slide id=\"SR7_6_1-42\" data-key=\"42\">\n\t\t\t\t\t\t<\/sr7-slide>\n\t\t\t\t\t\t<sr7-slide id=\"SR7_6_1-43\" data-key=\"43\">\n\t\t\t\t\t\t<\/sr7-slide>\n\t\t\t\t\t\t<sr7-slide id=\"SR7_6_1-44\" data-key=\"44\">\n\t\t\t\t\t\t<\/sr7-slide>\n\t\t\t\t\t\t<sr7-slide id=\"SR7_6_1-45\" data-key=\"45\">\n\t\t\t\t\t\t<\/sr7-slide>\n\t\t\t\t\t\t<sr7-slide id=\"SR7_6_1-48\" data-key=\"48\">\n\t\t\t\t\t\t<\/sr7-slide>\n\t\t\t\t\t\t<sr7-slide id=\"SR7_6_1-49\" data-key=\"49\">\n\t\t\t\t\t\t<\/sr7-slide>\n\t\t\t\t\t\t<sr7-slide id=\"SR7_6_1-50\" data-key=\"50\">\n\t\t\t\t\t\t<\/sr7-slide>\n\t\t\t\t\t\t<sr7-slide id=\"SR7_6_1-51\" data-key=\"51\">\n\t\t\t\t\t\t<\/sr7-slide>\n\t\t\t\t\t\t<sr7-slide id=\"SR7_6_1-52\" data-key=\"52\">\n\t\t\t\t\t\t<\/sr7-slide>\n\t\t\t\t\t\t<sr7-slide id=\"SR7_6_1-53\" data-key=\"53\">\n\t\t\t\t\t\t<\/sr7-slide>\n\t\t\t\t\t\t<sr7-slide id=\"SR7_6_1-54\" data-key=\"54\">\n\t\t\t\t\t\t<\/sr7-slide>\n\t\t\t\t\t\t<sr7-slide id=\"SR7_6_1-55\" data-key=\"55\">\n\t\t\t\t\t\t<\/sr7-slide>\n\t\t\t\t\t\t<sr7-slide id=\"SR7_6_1-20\" data-key=\"20\">\n\t\t\t\t\t\t<\/sr7-slide>\n\t\t\t\t\t<\/sr7-content>\n\t\t\t\t\t<image_lists style=\"display:none\">\n\t\t\t\t\t\t<img data-src=\"\/\/epic-elion.213-167-227-117.plesk.page\/wp-content\/uploads\/2025\/06\/L1000760-scaled.jpg\" data-libid=\"1526\" data-lib=\"medialibrary\" width=\"0\" height=\"0\" data-dbsrc=\"Ly9lcGljLWVsaW9uLjIxMy0xNjctMjI3LTExNy5wbGVzay5wYWdlL3dwLWNvbnRlbnQvdXBsb2Fkcy8yMDI1LzA2L0wxMDAwNzYwLXNjYWxlZC5qcGc=\"\/>\n\t\t\t\t\t\t<img data-src=\"\/\/epic-elion.213-167-227-117.plesk.page\/wp-content\/uploads\/2025\/06\/L1000733-scaled.jpg\" data-libid=\"1525\" data-lib=\"medialibrary\" width=\"0\" height=\"0\" data-dbsrc=\"Ly9lcGljLWVsaW9uLjIxMy0xNjctMjI3LTExNy5wbGVzay5wYWdlL3dwLWNvbnRlbnQvdXBsb2Fkcy8yMDI1LzA2L0wxMDAwNzMzLXNjYWxlZC5qcGc=\"\/>\n\t\t\t\t\t\t<img data-src=\"\/\/epic-elion.213-167-227-117.plesk.page\/wp-content\/uploads\/2025\/06\/L1000268-scaled.jpg\" data-libid=\"1524\" data-lib=\"medialibrary\" width=\"0\" height=\"0\" data-dbsrc=\"Ly9lcGljLWVsaW9uLjIxMy0xNjctMjI3LTExNy5wbGVzay5wYWdlL3dwLWNvbnRlbnQvdXBsb2Fkcy8yMDI1LzA2L0wxMDAwMjY4LXNjYWxlZC5qcGc=\"\/>\n\t\t\t\t\t\t<img data-src=\"\/\/epic-elion.213-167-227-117.plesk.page\/wp-content\/uploads\/2025\/06\/L1000216-scaled.jpg\" data-libid=\"1534\" data-lib=\"medialibrary\" width=\"0\" height=\"0\" data-dbsrc=\"Ly9lcGljLWVsaW9uLjIxMy0xNjctMjI3LTExNy5wbGVzay5wYWdlL3dwLWNvbnRlbnQvdXBsb2Fkcy8yMDI1LzA2L0wxMDAwMjE2LXNjYWxlZC5qcGc=\"\/>\n\t\t\t\t\t\t<img data-src=\"\/\/epic-elion.213-167-227-117.plesk.page\/wp-content\/uploads\/2025\/06\/L1000964-scaled.jpg\" data-libid=\"1644\" data-lib=\"medialibrary\" width=\"0\" height=\"0\" data-dbsrc=\"Ly9lcGljLWVsaW9uLjIxMy0xNjctMjI3LTExNy5wbGVzay5wYWdlL3dwLWNvbnRlbnQvdXBsb2Fkcy8yMDI1LzA2L0wxMDAwOTY0LXNjYWxlZC5qcGc=\"\/>\n\t\t\t\t\t\t<img data-src=\"\/\/epic-elion.213-167-227-117.plesk.page\/wp-content\/uploads\/2025\/06\/L1000245-scaled.jpg\" data-libid=\"1536\" data-lib=\"medialibrary\" width=\"0\" height=\"0\" data-dbsrc=\"Ly9lcGljLWVsaW9uLjIxMy0xNjctMjI3LTExNy5wbGVzay5wYWdlL3dwLWNvbnRlbnQvdXBsb2Fkcy8yMDI1LzA2L0wxMDAwMjQ1LXNjYWxlZC5qcGc=\"\/>\n\t\t\t\t\t\t<img data-src=\"\/\/epic-elion.213-167-227-117.plesk.page\/wp-content\/uploads\/2025\/06\/L1000654-scaled.jpg\" data-libid=\"1537\" data-lib=\"medialibrary\" width=\"0\" height=\"0\" data-dbsrc=\"Ly9lcGljLWVsaW9uLjIxMy0xNjctMjI3LTExNy5wbGVzay5wYWdlL3dwLWNvbnRlbnQvdXBsb2Fkcy8yMDI1LzA2L0wxMDAwNjU0LXNjYWxlZC5qcGc=\"\/>\n\t\t\t\t\t\t<img data-src=\"\/\/epic-elion.213-167-227-117.plesk.page\/wp-content\/uploads\/2025\/06\/L1010194-scaled.jpg\" data-libid=\"1538\" data-lib=\"medialibrary\" title=\"L1010194\" width=\"0\" height=\"0\" data-dbsrc=\"Ly9lcGljLWVsaW9uLjIxMy0xNjctMjI3LTExNy5wbGVzay5wYWdlL3dwLWNvbnRlbnQvdXBsb2Fkcy8yMDI1LzA2L0wxMDEwMTk0LXNjYWxlZC5qcGc=\"\/>\n\t\t\t\t\t\t<img data-src=\"\/\/epic-elion.213-167-227-117.plesk.page\/wp-content\/uploads\/2025\/06\/L1000174-scaled.jpg\" data-libid=\"1540\" data-lib=\"medialibrary\" width=\"0\" height=\"0\" data-dbsrc=\"Ly9lcGljLWVsaW9uLjIxMy0xNjctMjI3LTExNy5wbGVzay5wYWdlL3dwLWNvbnRlbnQvdXBsb2Fkcy8yMDI1LzA2L0wxMDAwMTc0LXNjYWxlZC5qcGc=\"\/>\n\t\t\t\t\t\t<img data-src=\"\/\/epic-elion.213-167-227-117.plesk.page\/wp-content\/uploads\/2025\/06\/L1000410-scaled.jpg\" data-libid=\"1541\" data-lib=\"medialibrary\" title=\"L1000410\" width=\"0\" height=\"0\" data-dbsrc=\"Ly9lcGljLWVsaW9uLjIxMy0xNjctMjI3LTExNy5wbGVzay5wYWdlL3dwLWNvbnRlbnQvdXBsb2Fkcy8yMDI1LzA2L0wxMDAwNDEwLXNjYWxlZC5qcGc=\"\/>\n\t\t\t\t\t\t<img data-src=\"\/\/epic-elion.213-167-227-117.plesk.page\/wp-content\/uploads\/2025\/06\/L1000954-scaled.jpg\" data-libid=\"1639\" data-lib=\"medialibrary\" width=\"0\" height=\"0\" data-dbsrc=\"Ly9lcGljLWVsaW9uLjIxMy0xNjctMjI3LTExNy5wbGVzay5wYWdlL3dwLWNvbnRlbnQvdXBsb2Fkcy8yMDI1LzA2L0wxMDAwOTU0LXNjYWxlZC5qcGc=\"\/>\n\t\t\t\t\t\t<img data-src=\"\/\/epic-elion.213-167-227-117.plesk.page\/wp-content\/uploads\/2025\/06\/AC_2613-scaled.jpg\" data-libid=\"1539\" data-lib=\"medialibrary\" width=\"0\" height=\"0\" data-dbsrc=\"Ly9lcGljLWVsaW9uLjIxMy0xNjctMjI3LTExNy5wbGVzay5wYWdlL3dwLWNvbnRlbnQvdXBsb2Fkcy8yMDI1LzA2L0FDXzI2MTMtc2NhbGVkLmpwZw==\"\/>\n\t\t\t\t\t\t<img data-src=\"\/\/epic-elion.213-167-227-117.plesk.page\/wp-content\/uploads\/2025\/06\/L1000943-scaled.jpg\" data-libid=\"1638\" data-lib=\"medialibrary\" title=\"L1000943\" width=\"0\" height=\"0\" data-dbsrc=\"Ly9lcGljLWVsaW9uLjIxMy0xNjctMjI3LTExNy5wbGVzay5wYWdlL3dwLWNvbnRlbnQvdXBsb2Fkcy8yMDI1LzA2L0wxMDAwOTQzLXNjYWxlZC5qcGc=\"\/>\n\t\t\t\t\t\t<img data-src=\"\/\/epic-elion.213-167-227-117.plesk.page\/wp-content\/uploads\/2025\/06\/L1000932-scaled.jpg\" data-libid=\"1637\" data-lib=\"medialibrary\" width=\"0\" height=\"0\" data-dbsrc=\"Ly9lcGljLWVsaW9uLjIxMy0xNjctMjI3LTExNy5wbGVzay5wYWdlL3dwLWNvbnRlbnQvdXBsb2Fkcy8yMDI1LzA2L0wxMDAwOTMyLXNjYWxlZC5qcGc=\"\/>\n\t\t\t\t\t\t<img data-src=\"\/\/epic-elion.213-167-227-117.plesk.page\/wp-content\/uploads\/2025\/06\/L1000925-scaled.jpg\" data-libid=\"1636\" data-lib=\"medialibrary\" width=\"0\" height=\"0\" data-dbsrc=\"Ly9lcGljLWVsaW9uLjIxMy0xNjctMjI3LTExNy5wbGVzay5wYWdlL3dwLWNvbnRlbnQvdXBsb2Fkcy8yMDI1LzA2L0wxMDAwOTI1LXNjYWxlZC5qcGc=\"\/>\n\t\t\t\t\t\t<img data-src=\"\/\/epic-elion.213-167-227-117.plesk.page\/wp-content\/uploads\/2025\/06\/L1000911-scaled.jpg\" data-libid=\"1635\" data-lib=\"medialibrary\" title=\"L1000911\" width=\"0\" height=\"0\" data-dbsrc=\"Ly9lcGljLWVsaW9uLjIxMy0xNjctMjI3LTExNy5wbGVzay5wYWdlL3dwLWNvbnRlbnQvdXBsb2Fkcy8yMDI1LzA2L0wxMDAwOTExLXNjYWxlZC5qcGc=\"\/>\n\t\t\t\t\t\t<img data-src=\"\/\/epic-elion.213-167-227-117.plesk.page\/wp-content\/uploads\/2025\/06\/DSC02752.jpg\" data-libid=\"1640\" data-lib=\"medialibrary\" width=\"0\" height=\"0\" data-dbsrc=\"Ly9lcGljLWVsaW9uLjIxMy0xNjctMjI3LTExNy5wbGVzay5wYWdlL3dwLWNvbnRlbnQvdXBsb2Fkcy8yMDI1LzA2L0RTQzAyNzUyLmpwZw==\"\/>\n\t\t\t\t\t\t<img data-src=\"\/\/epic-elion.213-167-227-117.plesk.page\/wp-content\/uploads\/2025\/06\/L1000655-scaled.jpg\" data-libid=\"1645\" data-lib=\"medialibrary\" width=\"0\" height=\"0\" data-dbsrc=\"Ly9lcGljLWVsaW9uLjIxMy0xNjctMjI3LTExNy5wbGVzay5wYWdlL3dwLWNvbnRlbnQvdXBsb2Fkcy8yMDI1LzA2L0wxMDAwNjU1LXNjYWxlZC5qcGc=\"\/>\n\t\t\t\t\t\t<img data-src=\"\/\/epic-elion.213-167-227-117.plesk.page\/wp-content\/uploads\/2025\/06\/L1000267-scaled.jpg\" data-libid=\"1642\" data-lib=\"medialibrary\" width=\"0\" height=\"0\" data-dbsrc=\"Ly9lcGljLWVsaW9uLjIxMy0xNjctMjI3LTExNy5wbGVzay5wYWdlL3dwLWNvbnRlbnQvdXBsb2Fkcy8yMDI1LzA2L0wxMDAwMjY3LXNjYWxlZC5qcGc=\"\/>\n\t\t\t\t\t\t<img data-src=\"\/\/epic-elion.213-167-227-117.plesk.page\/wp-content\/uploads\/2025\/06\/L1010365-scaled.jpg\" data-libid=\"1643\" data-lib=\"medialibrary\" width=\"0\" height=\"0\" data-dbsrc=\"Ly9lcGljLWVsaW9uLjIxMy0xNjctMjI3LTExNy5wbGVzay5wYWdlL3dwLWNvbnRlbnQvdXBsb2Fkcy8yMDI1LzA2L0wxMDEwMzY1LXNjYWxlZC5qcGc=\"\/>\n\t\t\t\t\t<\/image_lists>\n\t\t\t\t<\/sr7-module>\n\t\t\t\t<script>\n\t\t\t\t\tSR7.PMH ??={}; SR7.PMH[\"SR7_6_1\"] = {cn:100,state:false,fn: function() { if (_tpt!==undefined && _tpt.prepareModuleHeight !== undefined) {  _tpt.prepareModuleHeight({id:\"SR7_6_1\",el:[600,600,600,600,250],type:'standard',shdw:'0',gh:[600,600,600,600,250],gw:[2000,2000,2000,2000,480],vpt:['-100px&#039;,&#039;-100px&#039;,&#039;-100px&#039;,&#039;-100px&#039;,&#039;-100px'],size:{fullWidth:true, fullHeight:false},mh:'0',onh:0,onw:0,bg:{color:'{\"orig\":\"transparent\",\"type\":\"solid\",\"string\":\"transparent\"}'}});   SR7.PMH[\"SR7_6_1\"].state=true;} else if(SR7.PMH[\"SR7_6_1\"].cn-->0)\tsetTimeout( SR7.PMH[\"SR7_6_1\"].fn,19);}};SR7.PMH[\"SR7_6_1\" ].fn();\n\t\t\t\t<\/script>\n[\/vc_column][\/vc_row]<\/p>\n<\/div>","protected":false},"excerpt":{"rendered":"<p>[vc_row css_animation=&#8220;fadeInUp&#8220;][vc_column width=&#8220;2\/3&#8243; css=&#8220;.vc_custom_1742572467967{padding-top: 60px !important;}&#8220;][vc_column_text css=&#8220;&#8220;] Schnupperkurse Der erste Schritt aufs Gr\u00fcn \u2013 einfach ausprobieren. [\/vc_column_text][\/vc_column][vc_column width=&#8220;1\/3&#8243;][\/vc_column][\/vc_row][vc_row css_animation=&#8220;fadeInUp&#8220;][vc_column width=&#8220;1\/3&#8243;][\/vc_column][vc_column width=&#8220;2\/3&#8243;][vc_column_text css=&#8220;&#8220;] Sie verf\u00fcgen \u00fcber\u00a0keinerlei Vorkenntnisse\u00a0oder\u00a0Golferfahrung\u00a0und m\u00f6chten sich einen Einblick in den Golfsport verschaffen?\u00a0Oder einfach einen\u00a0tollen Betriebsausflug\u00a0oder\u00a0Firmenevent\u00a0durchf\u00fchren?\u00a0Dann ist ein Schnupperkurs genau das Richtige. Der Spass ist garantiert! Der Golf Club Domat\/Ems bietet Firmen, Organisationen und&hellip;<\/p>\n","protected":false},"author":1,"featured_media":0,"parent":0,"menu_order":0,"comment_status":"closed","ping_status":"closed","template":"","meta":{"_acf_changed":false,"om_disable_all_campaigns":false,"footnotes":""},"class_list":["post-1182","page","type-page","status-publish","hentry","description-off"],"acf":[],"_links":{"self":[{"href":"https:\/\/epic-elion.213-167-227-117.plesk.page\/index.php\/wp-json\/wp\/v2\/pages\/1182","targetHints":{"allow":["GET"]}}],"collection":[{"href":"https:\/\/epic-elion.213-167-227-117.plesk.page\/index.php\/wp-json\/wp\/v2\/pages"}],"about":[{"href":"https:\/\/epic-elion.213-167-227-117.plesk.page\/index.php\/wp-json\/wp\/v2\/types\/page"}],"author":[{"embeddable":true,"href":"https:\/\/epic-elion.213-167-227-117.plesk.page\/index.php\/wp-json\/wp\/v2\/users\/1"}],"replies":[{"embeddable":true,"href":"https:\/\/epic-elion.213-167-227-117.plesk.page\/index.php\/wp-json\/wp\/v2\/comments?post=1182"}],"version-history":[{"count":39,"href":"https:\/\/epic-elion.213-167-227-117.plesk.page\/index.php\/wp-json\/wp\/v2\/pages\/1182\/revisions"}],"predecessor-version":[{"id":2505,"href":"https:\/\/epic-elion.213-167-227-117.plesk.page\/index.php\/wp-json\/wp\/v2\/pages\/1182\/revisions\/2505"}],"wp:attachment":[{"href":"https:\/\/epic-elion.213-167-227-117.plesk.page\/index.php\/wp-json\/wp\/v2\/media?parent=1182"}],"curies":[{"name":"wp","href":"https:\/\/api.w.org\/{rel}","templated":true}]}}