{"id":113,"date":"2025-03-11T15:21:27","date_gmt":"2025-03-11T15:21:27","guid":{"rendered":"https:\/\/epic-elion.213-167-227-117.plesk.page\/?page_id=113"},"modified":"2025-07-16T11:17:15","modified_gmt":"2025-07-16T11:17:15","slug":"kontakt","status":"publish","type":"page","link":"https:\/\/epic-elion.213-167-227-117.plesk.page\/index.php\/kontakt\/","title":{"rendered":"Kontakt"},"content":{"rendered":"<div class=\"wpb-content-wrapper\"><p>[vc_row css_animation=&#8220;fadeInUp&#8220;][vc_column width=&#8220;2\/3&#8243; css=&#8220;.vc_custom_1742572467967{padding-top: 60px !important;}&#8220;][vc_column_text css=&#8220;&#8220;]<\/p>\n<h1>Kontakt<\/h1>\n<h2>So erreichen Sie uns \u2013<br \/>\neinfach und direkt.<\/h2>\n<p>[\/vc_column_text][\/vc_column][vc_column width=&#8220;1\/3&#8243;][\/vc_column][\/vc_row][vc_row css_animation=&#8220;fadeInUp&#8220;][vc_column width=&#8220;1\/3&#8243;][\/vc_column][vc_column width=&#8220;2\/3&#8243;][vc_column_text css=&#8220;&#8220;]<\/p>\n<article class=\"text-token-text-primary w-full\" dir=\"auto\" data-testid=\"conversation-turn-28\" data-scroll-anchor=\"true\">\n<div class=\"text-base my-auto mx-auto py-5 [--thread-content-margin:--spacing(4)] @[37rem]:[--thread-content-margin:--spacing(6)] @[72rem]:[--thread-content-margin:--spacing(16)] px-(--thread-content-margin)\">\n<div class=\"[--thread-content-max-width:32rem] @[34rem]:[--thread-content-max-width:40rem] @[64rem]:[--thread-content-max-width:48rem] mx-auto flex max-w-(--thread-content-max-width) flex-1 text-base gap-4 md:gap-5 lg:gap-6 group\/turn-messages focus-visible:outline-hidden\" tabindex=\"-1\">\n<div class=\"group\/conversation-turn relative flex w-full min-w-0 flex-col agent-turn\">\n<div class=\"relative flex-col gap-1 md:gap-3\">\n<div class=\"flex max-w-full flex-col grow\">\n<div class=\"min-h-8 text-message relative flex w-full flex-col items-end gap-2 text-start break-words whitespace-normal [.text-message+&amp;]:mt-5\" dir=\"auto\" data-message-author-role=\"assistant\" data-message-id=\"9c41f081-7699-4eb4-8d92-8f5dd1012c1a\" data-message-model-slug=\"gpt-4o\">\n<div class=\"flex w-full flex-col gap-1 empty:hidden first:pt-[3px]\">\n<div class=\"markdown prose dark:prose-invert w-full break-words light\">\n<p class=\"\" data-start=\"99\" data-end=\"368\">Sie m\u00f6chten eine Startzeit buchen, haben Fragen zu unseren Angeboten oder w\u00fcnschen weitere Informationen? Hier finden Sie alle wichtigen Informationen zu \u00d6ffnungszeiten und Anfahrt zum Golfclub Domat\/Ems. Wir freuen uns auf Ihre Anfrage!<\/p>\n<\/div>\n<\/div>\n<\/div>\n<\/div>\n<\/div>\n<\/div>\n<\/div>\n<\/div>\n<\/article>\n<div class=\"pointer-events-none h-px w-px\" aria-hidden=\"true\" data-edge=\"true\"><\/div>\n<p>[\/vc_column_text][\/vc_column][\/vc_row][vc_row gap=&#8220;35&#8243; equal_height=&#8220;yes&#8220; content_placement=&#8220;middle&#8220;][vc_column width=&#8220;1\/3&#8243; offset=&#8220;vc_hidden-md vc_hidden-sm&#8220;][\/vc_column][vc_column width=&#8220;1\/3&#8243;][vc_column_text css=&#8220;&#8220;]<\/p>\n<article class=\"text-token-text-primary w-full\" dir=\"auto\" data-testid=\"conversation-turn-28\" data-scroll-anchor=\"true\">\n<div class=\"text-base my-auto mx-auto py-5 [--thread-content-margin:--spacing(4)] @[37rem]:[--thread-content-margin:--spacing(6)] @[72rem]:[--thread-content-margin:--spacing(16)] px-(--thread-content-margin)\">\n<div class=\"[--thread-content-max-width:32rem] @[34rem]:[--thread-content-max-width:40rem] @[64rem]:[--thread-content-max-width:48rem] mx-auto flex max-w-(--thread-content-max-width) flex-1 text-base gap-4 md:gap-5 lg:gap-6 group\/turn-messages focus-visible:outline-hidden\" tabindex=\"-1\">\n<div class=\"group\/conversation-turn relative flex w-full min-w-0 flex-col agent-turn\">\n<div class=\"relative flex-col gap-1 md:gap-3\">\n<div class=\"flex max-w-full flex-col grow\">\n<div class=\"min-h-8 text-message relative flex w-full flex-col items-end gap-2 text-start break-words whitespace-normal [.text-message+&amp;]:mt-5\" dir=\"auto\" data-message-author-role=\"assistant\" data-message-id=\"9c41f081-7699-4eb4-8d92-8f5dd1012c1a\" data-message-model-slug=\"gpt-4o\">\n<div class=\"flex w-full flex-col gap-1 empty:hidden first:pt-[3px]\">\n<div class=\"markdown prose dark:prose-invert w-full break-words light\">\n<h3 data-start=\"99\" data-end=\"368\"><span style=\"color: #494949;\">Kontaktdaten<\/span><\/h3>\n<p class=\"bodytext\"><span style=\"color: #494949;\">Golf Club Domat\/Ems<\/span><br \/>\n<span style=\"color: #494949;\">Vogelsang \/ Postfach 107<\/span><br \/>\n<span style=\"color: #494949;\">7013 Domat\/Ems<\/span><\/p>\n<p class=\"bodytext\"><span style=\"color: #494949;\">Tel. <a href=\"telto:+41 81 650 35 00\">+41 81 650 35 00<\/a><\/span><br \/>\n<span style=\"color: #494949;\"><a style=\"color: #494949;\" title=\"E-Mail\" href=\"mailto:info@golfdomatems.ch\">E-Mail<\/a><\/span><\/p>\n<\/div>\n<\/div>\n<\/div>\n<\/div>\n<\/div>\n<\/div>\n<\/div>\n<\/div>\n<\/article>\n<p>[\/vc_column_text][vc_column_text css=&#8220;.vc_custom_1747732081017{padding-top: 20px !important;}&#8220;]<\/p>\n<article class=\"text-token-text-primary w-full\" dir=\"auto\" data-testid=\"conversation-turn-28\" data-scroll-anchor=\"true\">\n<div class=\"text-base my-auto mx-auto py-5 [--thread-content-margin:--spacing(4)] @[37rem]:[--thread-content-margin:--spacing(6)] @[72rem]:[--thread-content-margin:--spacing(16)] px-(--thread-content-margin)\">\n<div class=\"[--thread-content-max-width:32rem] @[34rem]:[--thread-content-max-width:40rem] @[64rem]:[--thread-content-max-width:48rem] mx-auto flex max-w-(--thread-content-max-width) flex-1 text-base gap-4 md:gap-5 lg:gap-6 group\/turn-messages focus-visible:outline-hidden\" tabindex=\"-1\">\n<div class=\"group\/conversation-turn relative flex w-full min-w-0 flex-col agent-turn\">\n<div class=\"relative flex-col gap-1 md:gap-3\">\n<div class=\"flex max-w-full flex-col grow\">\n<div class=\"min-h-8 text-message relative flex w-full flex-col items-end gap-2 text-start break-words whitespace-normal [.text-message+&amp;]:mt-5\" dir=\"auto\" data-message-author-role=\"assistant\" data-message-id=\"9c41f081-7699-4eb4-8d92-8f5dd1012c1a\" data-message-model-slug=\"gpt-4o\">\n<div class=\"flex w-full flex-col gap-1 empty:hidden first:pt-[3px]\">\n<div class=\"markdown prose dark:prose-invert w-full break-words light\">\n<h3 data-start=\"99\" data-end=\"368\">\u00d6ffnungszeiten Sekretariat<\/h3>\n<p class=\"bodytext\">01.03.2025 bis 29.03.2025<br \/>\nvon 09.00 bis 17.00 Uhr<br \/>\n30.03.2025 bis 25.10.2025<br \/>\nvon 08.00 bis 18.00 Uhr<br \/>\n26.10.2025 bis 30.11.2025<br \/>\nvon 09.00 bis 17.00 Uhr<\/p>\n<\/div>\n<\/div>\n<\/div>\n<\/div>\n<\/div>\n<\/div>\n<\/div>\n<\/div>\n<\/article>\n<div class=\"pointer-events-none h-px w-px\" aria-hidden=\"true\" data-edge=\"true\"><\/div>\n<p>[\/vc_column_text][\/vc_column][vc_column width=&#8220;1\/3&#8243;][vc_column_text css=&#8220;.vc_custom_1747732223961{margin-bottom: 15px !important;}&#8220;]<\/p>\n<h3>Jetzt Kontakt aufnehmen<\/h3>\n<p>[\/vc_column_text]\n<div class=\"wpcf7 no-js\" id=\"wpcf7-f10-o1\" lang=\"de-DE\" dir=\"ltr\" data-wpcf7-id=\"10\">\n<div class=\"screen-reader-response\"><p role=\"status\" aria-live=\"polite\" aria-atomic=\"true\"><\/p> <ul><\/ul><\/div>\n<form action=\"\/index.php\/wp-json\/wp\/v2\/pages\/113#wpcf7-f10-o1\" method=\"post\" class=\"wpcf7-form init\" aria-label=\"Kontaktformular\" novalidate=\"novalidate\" data-status=\"init\">\n<fieldset class=\"hidden-fields-container\"><input type=\"hidden\" name=\"_wpcf7\" value=\"10\" \/><input type=\"hidden\" name=\"_wpcf7_version\" value=\"6.1\" \/><input type=\"hidden\" name=\"_wpcf7_locale\" value=\"de_DE\" \/><input type=\"hidden\" name=\"_wpcf7_unit_tag\" value=\"wpcf7-f10-o1\" \/><input type=\"hidden\" name=\"_wpcf7_container_post\" value=\"0\" \/><input type=\"hidden\" name=\"_wpcf7_posted_data_hash\" value=\"\" \/>\n<\/fieldset>\n<div class=\"uacf7-form-10  \"><span class=\"wpcf7-form-control-wrap\" data-name=\"your-name\"><input size=\"40\" maxlength=\"400\" class=\"wpcf7-form-control wpcf7-text wpcf7-validates-as-required\" aria-required=\"true\" aria-invalid=\"false\" placeholder=\"Name\" value=\"\" type=\"text\" name=\"your-name\" \/><\/span>\n\n<span class=\"wpcf7-form-control-wrap\" data-name=\"your-company\"><input size=\"40\" maxlength=\"400\" class=\"wpcf7-form-control wpcf7-text\" aria-invalid=\"false\" placeholder=\"Firma\" value=\"\" type=\"text\" name=\"your-company\" \/><\/span>\n\n<span class=\"wpcf7-form-control-wrap\" data-name=\"your-email\"><input size=\"40\" maxlength=\"400\" class=\"wpcf7-form-control wpcf7-email wpcf7-validates-as-required wpcf7-text wpcf7-validates-as-email\" aria-required=\"true\" aria-invalid=\"false\" placeholder=\"E-Mail Adresse\" value=\"\" type=\"email\" name=\"your-email\" \/><\/span>\n\n<span class=\"wpcf7-form-control-wrap\" data-name=\"your-place\"><input size=\"40\" maxlength=\"400\" class=\"wpcf7-form-control wpcf7-text\" aria-invalid=\"false\" placeholder=\"PLZ und Ort\" value=\"\" type=\"text\" name=\"your-place\" \/><\/span>\n\n<span class=\"wpcf7-form-control-wrap\" data-name=\"your-message\"><textarea cols=\"40\" rows=\"10\" maxlength=\"2000\" class=\"wpcf7-form-control wpcf7-textarea wpcf7-validates-as-required\" aria-required=\"true\" aria-invalid=\"false\" placeholder=\"Mitteilung\" name=\"your-message\"><\/textarea><\/span>\n\n<input class=\"wpcf7-form-control wpcf7-submit has-spinner senden\" type=\"submit\" value=\"Senden\" \/><\/div><input type='hidden' class='wpcf7-pum' value='{\"closepopup\":false,\"closedelay\":0,\"openpopup\":false,\"openpopup_id\":0}' \/><div class=\"wpcf7-response-output\" aria-hidden=\"true\"><\/div>\n<\/form>\n<\/div>\n[\/vc_column][\/vc_row][vc_row][vc_column][vc_column_text css=&#8220;&#8220;]<iframe style=\"border: 0;\" data-src=\"https:\/\/www.google.com\/maps\/embed?pb=!1m18!1m12!1m3!1d10919.612422469618!2d9.418558487158204!3d46.82590909999999!2m3!1f0!2f0!3f0!3m2!1i1024!2i768!4f13.1!3m3!1m2!1s0x4784c1556313c293%3A0xfc922657f2381594!2sGolf%20Club%20Domat%2FEms!5e0!3m2!1sde!2sch!4v1752664387815!5m2!1sde!2sch\" width=\"100%\" height=\"450\" allowfullscreen=\"allowfullscreen\" src=\"data:image\/svg+xml;base64,PHN2ZyB3aWR0aD0iMSIgaGVpZ2h0PSIxIiB4bWxucz0iaHR0cDovL3d3dy53My5vcmcvMjAwMC9zdmciPjwvc3ZnPg==\" class=\"lazyload\" data-load-mode=\"1\"><\/iframe>[\/vc_column_text][\/vc_column][\/vc_row][vc_row gap=&#8220;35&#8243; equal_height=&#8220;yes&#8220; content_placement=&#8220;middle&#8220;][vc_column][vc_accordion active_tab=&#8220;1456&#8243; collapsible=&#8220;yes&#8220; title_size=&#8220;h4&#8243; style=&#8220;3&#8243;][vc_accordion_tab title=&#8220;Anreise mit dem Auto&#8220;][vc_column_text css=&#8220;&#8220;]Der Golf Club Domat\/Ems liegt idyllisch am Vogelsang in Domat\/Ems und ist bequem mit dem Auto erreichbar. \u00dcber die A13 f\u00e4hrt man bis zur Ausfahrt Flims \/ Laax und folgt anschliessend den Wegweisern Richtung Domat\/Ems. Beim Kreisel beim Ems-Chemie-Werk geht es geradeaus weiter Richtung Vogelsang, wo sich der Golfclub befindet. Direkt beim Club stehen zahlreiche Parkpl\u00e4tze zur Verf\u00fcgung, teilweise auch mit Ladestationen f\u00fcr Elektroautos.[\/vc_column_text][\/vc_accordion_tab][vc_accordion_tab title=&#8220;Anreise mit \u00f6ffentlichen Verkehrsmittel&#8220;][vc_column_text css=&#8220;&#8220;]Auch mit dem \u00d6V ist der Golf Club Domat\/Ems gut zu erreichen. Am besten f\u00e4hrt man mit der Bahn bis zum Bahnhof Domat\/Ems, der an der Linie Landquart\u2013Thusis liegt und regelm\u00e4ssig von S-Bahn- und Regionalz\u00fcgen bedient wird. Vom Bahnhof aus kann man ein Taxi nehmen oder die rund drei Kilometer mit dem Velo zur\u00fccklegen. Alternativ reist man \u00fcber Chur an und nimmt dort den Stadtbus Linie 1, der in etwa 20 Minuten bis ins Zentrum von Domat\/Ems f\u00e4hrt. Von der Bushaltestelle ist es nur noch ein kurzer Spaziergang bis zum Golfplatz.[\/vc_column_text][\/vc_accordion_tab][\/vc_accordion][\/vc_column][\/vc_row][vc_row][vc_column css=&#8220;.vc_custom_1742823621486{padding-top: 100px !important;}&#8220;]\n\t\t\t\t<p class=\"rs-p-wp-fix\"><\/p>\n\t\t\t\t<sr7-module data-alias=\"slider-2\" data-id=\"6\" id=\"SR7_6_1\" class=\"rs-ov-hidden\" data-version=\"6.7.29\">\n\t\t\t\t\t<sr7-adjuster><\/sr7-adjuster>\n\t\t\t\t\t<sr7-content>\n\t\t\t\t\t\t<sr7-slide id=\"SR7_6_1-19\" data-key=\"19\">\n\t\t\t\t\t\t<\/sr7-slide>\n\t\t\t\t\t\t<sr7-slide id=\"SR7_6_1-23\" data-key=\"23\">\n\t\t\t\t\t\t<\/sr7-slide>\n\t\t\t\t\t\t<sr7-slide id=\"SR7_6_1-24\" data-key=\"24\">\n\t\t\t\t\t\t<\/sr7-slide>\n\t\t\t\t\t\t<sr7-slide id=\"SR7_6_1-37\" data-key=\"37\">\n\t\t\t\t\t\t<\/sr7-slide>\n\t\t\t\t\t\t<sr7-slide id=\"SR7_6_1-38\" data-key=\"38\">\n\t\t\t\t\t\t<\/sr7-slide>\n\t\t\t\t\t\t<sr7-slide id=\"SR7_6_1-39\" data-key=\"39\">\n\t\t\t\t\t\t<\/sr7-slide>\n\t\t\t\t\t\t<sr7-slide id=\"SR7_6_1-40\" data-key=\"40\">\n\t\t\t\t\t\t<\/sr7-slide>\n\t\t\t\t\t\t<sr7-slide id=\"SR7_6_1-41\" data-key=\"41\">\n\t\t\t\t\t\t<\/sr7-slide>\n\t\t\t\t\t\t<sr7-slide id=\"SR7_6_1-42\" data-key=\"42\">\n\t\t\t\t\t\t<\/sr7-slide>\n\t\t\t\t\t\t<sr7-slide id=\"SR7_6_1-43\" data-key=\"43\">\n\t\t\t\t\t\t<\/sr7-slide>\n\t\t\t\t\t\t<sr7-slide id=\"SR7_6_1-44\" data-key=\"44\">\n\t\t\t\t\t\t<\/sr7-slide>\n\t\t\t\t\t\t<sr7-slide id=\"SR7_6_1-45\" data-key=\"45\">\n\t\t\t\t\t\t<\/sr7-slide>\n\t\t\t\t\t\t<sr7-slide id=\"SR7_6_1-48\" data-key=\"48\">\n\t\t\t\t\t\t<\/sr7-slide>\n\t\t\t\t\t\t<sr7-slide id=\"SR7_6_1-49\" data-key=\"49\">\n\t\t\t\t\t\t<\/sr7-slide>\n\t\t\t\t\t\t<sr7-slide id=\"SR7_6_1-50\" data-key=\"50\">\n\t\t\t\t\t\t<\/sr7-slide>\n\t\t\t\t\t\t<sr7-slide id=\"SR7_6_1-51\" data-key=\"51\">\n\t\t\t\t\t\t<\/sr7-slide>\n\t\t\t\t\t\t<sr7-slide id=\"SR7_6_1-52\" data-key=\"52\">\n\t\t\t\t\t\t<\/sr7-slide>\n\t\t\t\t\t\t<sr7-slide id=\"SR7_6_1-53\" data-key=\"53\">\n\t\t\t\t\t\t<\/sr7-slide>\n\t\t\t\t\t\t<sr7-slide id=\"SR7_6_1-54\" data-key=\"54\">\n\t\t\t\t\t\t<\/sr7-slide>\n\t\t\t\t\t\t<sr7-slide id=\"SR7_6_1-55\" data-key=\"55\">\n\t\t\t\t\t\t<\/sr7-slide>\n\t\t\t\t\t\t<sr7-slide id=\"SR7_6_1-20\" data-key=\"20\">\n\t\t\t\t\t\t<\/sr7-slide>\n\t\t\t\t\t<\/sr7-content>\n\t\t\t\t\t<image_lists style=\"display:none\">\n\t\t\t\t\t\t<img data-src=\"\/\/epic-elion.213-167-227-117.plesk.page\/wp-content\/uploads\/2025\/06\/L1000760-scaled.jpg\" data-libid=\"1526\" data-lib=\"medialibrary\" width=\"0\" height=\"0\" data-dbsrc=\"Ly9lcGljLWVsaW9uLjIxMy0xNjctMjI3LTExNy5wbGVzay5wYWdlL3dwLWNvbnRlbnQvdXBsb2Fkcy8yMDI1LzA2L0wxMDAwNzYwLXNjYWxlZC5qcGc=\"\/>\n\t\t\t\t\t\t<img data-src=\"\/\/epic-elion.213-167-227-117.plesk.page\/wp-content\/uploads\/2025\/06\/L1000733-scaled.jpg\" data-libid=\"1525\" data-lib=\"medialibrary\" width=\"0\" height=\"0\" data-dbsrc=\"Ly9lcGljLWVsaW9uLjIxMy0xNjctMjI3LTExNy5wbGVzay5wYWdlL3dwLWNvbnRlbnQvdXBsb2Fkcy8yMDI1LzA2L0wxMDAwNzMzLXNjYWxlZC5qcGc=\"\/>\n\t\t\t\t\t\t<img data-src=\"\/\/epic-elion.213-167-227-117.plesk.page\/wp-content\/uploads\/2025\/06\/L1000268-scaled.jpg\" data-libid=\"1524\" data-lib=\"medialibrary\" width=\"0\" height=\"0\" data-dbsrc=\"Ly9lcGljLWVsaW9uLjIxMy0xNjctMjI3LTExNy5wbGVzay5wYWdlL3dwLWNvbnRlbnQvdXBsb2Fkcy8yMDI1LzA2L0wxMDAwMjY4LXNjYWxlZC5qcGc=\"\/>\n\t\t\t\t\t\t<img data-src=\"\/\/epic-elion.213-167-227-117.plesk.page\/wp-content\/uploads\/2025\/06\/L1000216-scaled.jpg\" data-libid=\"1534\" data-lib=\"medialibrary\" width=\"0\" height=\"0\" data-dbsrc=\"Ly9lcGljLWVsaW9uLjIxMy0xNjctMjI3LTExNy5wbGVzay5wYWdlL3dwLWNvbnRlbnQvdXBsb2Fkcy8yMDI1LzA2L0wxMDAwMjE2LXNjYWxlZC5qcGc=\"\/>\n\t\t\t\t\t\t<img data-src=\"\/\/epic-elion.213-167-227-117.plesk.page\/wp-content\/uploads\/2025\/06\/L1000964-scaled.jpg\" data-libid=\"1644\" data-lib=\"medialibrary\" width=\"0\" height=\"0\" data-dbsrc=\"Ly9lcGljLWVsaW9uLjIxMy0xNjctMjI3LTExNy5wbGVzay5wYWdlL3dwLWNvbnRlbnQvdXBsb2Fkcy8yMDI1LzA2L0wxMDAwOTY0LXNjYWxlZC5qcGc=\"\/>\n\t\t\t\t\t\t<img data-src=\"\/\/epic-elion.213-167-227-117.plesk.page\/wp-content\/uploads\/2025\/06\/L1000245-scaled.jpg\" data-libid=\"1536\" data-lib=\"medialibrary\" width=\"0\" height=\"0\" data-dbsrc=\"Ly9lcGljLWVsaW9uLjIxMy0xNjctMjI3LTExNy5wbGVzay5wYWdlL3dwLWNvbnRlbnQvdXBsb2Fkcy8yMDI1LzA2L0wxMDAwMjQ1LXNjYWxlZC5qcGc=\"\/>\n\t\t\t\t\t\t<img data-src=\"\/\/epic-elion.213-167-227-117.plesk.page\/wp-content\/uploads\/2025\/06\/L1000654-scaled.jpg\" data-libid=\"1537\" data-lib=\"medialibrary\" width=\"0\" height=\"0\" data-dbsrc=\"Ly9lcGljLWVsaW9uLjIxMy0xNjctMjI3LTExNy5wbGVzay5wYWdlL3dwLWNvbnRlbnQvdXBsb2Fkcy8yMDI1LzA2L0wxMDAwNjU0LXNjYWxlZC5qcGc=\"\/>\n\t\t\t\t\t\t<img data-src=\"\/\/epic-elion.213-167-227-117.plesk.page\/wp-content\/uploads\/2025\/06\/L1010194-scaled.jpg\" data-libid=\"1538\" data-lib=\"medialibrary\" title=\"L1010194\" width=\"0\" height=\"0\" data-dbsrc=\"Ly9lcGljLWVsaW9uLjIxMy0xNjctMjI3LTExNy5wbGVzay5wYWdlL3dwLWNvbnRlbnQvdXBsb2Fkcy8yMDI1LzA2L0wxMDEwMTk0LXNjYWxlZC5qcGc=\"\/>\n\t\t\t\t\t\t<img data-src=\"\/\/epic-elion.213-167-227-117.plesk.page\/wp-content\/uploads\/2025\/06\/L1000174-scaled.jpg\" data-libid=\"1540\" data-lib=\"medialibrary\" width=\"0\" height=\"0\" data-dbsrc=\"Ly9lcGljLWVsaW9uLjIxMy0xNjctMjI3LTExNy5wbGVzay5wYWdlL3dwLWNvbnRlbnQvdXBsb2Fkcy8yMDI1LzA2L0wxMDAwMTc0LXNjYWxlZC5qcGc=\"\/>\n\t\t\t\t\t\t<img data-src=\"\/\/epic-elion.213-167-227-117.plesk.page\/wp-content\/uploads\/2025\/06\/L1000410-scaled.jpg\" data-libid=\"1541\" data-lib=\"medialibrary\" title=\"L1000410\" width=\"0\" height=\"0\" data-dbsrc=\"Ly9lcGljLWVsaW9uLjIxMy0xNjctMjI3LTExNy5wbGVzay5wYWdlL3dwLWNvbnRlbnQvdXBsb2Fkcy8yMDI1LzA2L0wxMDAwNDEwLXNjYWxlZC5qcGc=\"\/>\n\t\t\t\t\t\t<img data-src=\"\/\/epic-elion.213-167-227-117.plesk.page\/wp-content\/uploads\/2025\/06\/L1000954-scaled.jpg\" data-libid=\"1639\" data-lib=\"medialibrary\" width=\"0\" height=\"0\" data-dbsrc=\"Ly9lcGljLWVsaW9uLjIxMy0xNjctMjI3LTExNy5wbGVzay5wYWdlL3dwLWNvbnRlbnQvdXBsb2Fkcy8yMDI1LzA2L0wxMDAwOTU0LXNjYWxlZC5qcGc=\"\/>\n\t\t\t\t\t\t<img data-src=\"\/\/epic-elion.213-167-227-117.plesk.page\/wp-content\/uploads\/2025\/06\/AC_2613-scaled.jpg\" data-libid=\"1539\" data-lib=\"medialibrary\" width=\"0\" height=\"0\" data-dbsrc=\"Ly9lcGljLWVsaW9uLjIxMy0xNjctMjI3LTExNy5wbGVzay5wYWdlL3dwLWNvbnRlbnQvdXBsb2Fkcy8yMDI1LzA2L0FDXzI2MTMtc2NhbGVkLmpwZw==\"\/>\n\t\t\t\t\t\t<img data-src=\"\/\/epic-elion.213-167-227-117.plesk.page\/wp-content\/uploads\/2025\/06\/L1000943-scaled.jpg\" data-libid=\"1638\" data-lib=\"medialibrary\" title=\"L1000943\" width=\"0\" height=\"0\" data-dbsrc=\"Ly9lcGljLWVsaW9uLjIxMy0xNjctMjI3LTExNy5wbGVzay5wYWdlL3dwLWNvbnRlbnQvdXBsb2Fkcy8yMDI1LzA2L0wxMDAwOTQzLXNjYWxlZC5qcGc=\"\/>\n\t\t\t\t\t\t<img data-src=\"\/\/epic-elion.213-167-227-117.plesk.page\/wp-content\/uploads\/2025\/06\/L1000932-scaled.jpg\" data-libid=\"1637\" data-lib=\"medialibrary\" width=\"0\" height=\"0\" data-dbsrc=\"Ly9lcGljLWVsaW9uLjIxMy0xNjctMjI3LTExNy5wbGVzay5wYWdlL3dwLWNvbnRlbnQvdXBsb2Fkcy8yMDI1LzA2L0wxMDAwOTMyLXNjYWxlZC5qcGc=\"\/>\n\t\t\t\t\t\t<img data-src=\"\/\/epic-elion.213-167-227-117.plesk.page\/wp-content\/uploads\/2025\/06\/L1000925-scaled.jpg\" data-libid=\"1636\" data-lib=\"medialibrary\" width=\"0\" height=\"0\" data-dbsrc=\"Ly9lcGljLWVsaW9uLjIxMy0xNjctMjI3LTExNy5wbGVzay5wYWdlL3dwLWNvbnRlbnQvdXBsb2Fkcy8yMDI1LzA2L0wxMDAwOTI1LXNjYWxlZC5qcGc=\"\/>\n\t\t\t\t\t\t<img data-src=\"\/\/epic-elion.213-167-227-117.plesk.page\/wp-content\/uploads\/2025\/06\/L1000911-scaled.jpg\" data-libid=\"1635\" data-lib=\"medialibrary\" title=\"L1000911\" width=\"0\" height=\"0\" data-dbsrc=\"Ly9lcGljLWVsaW9uLjIxMy0xNjctMjI3LTExNy5wbGVzay5wYWdlL3dwLWNvbnRlbnQvdXBsb2Fkcy8yMDI1LzA2L0wxMDAwOTExLXNjYWxlZC5qcGc=\"\/>\n\t\t\t\t\t\t<img data-src=\"\/\/epic-elion.213-167-227-117.plesk.page\/wp-content\/uploads\/2025\/06\/DSC02752.jpg\" data-libid=\"1640\" data-lib=\"medialibrary\" width=\"0\" height=\"0\" data-dbsrc=\"Ly9lcGljLWVsaW9uLjIxMy0xNjctMjI3LTExNy5wbGVzay5wYWdlL3dwLWNvbnRlbnQvdXBsb2Fkcy8yMDI1LzA2L0RTQzAyNzUyLmpwZw==\"\/>\n\t\t\t\t\t\t<img data-src=\"\/\/epic-elion.213-167-227-117.plesk.page\/wp-content\/uploads\/2025\/06\/L1000655-scaled.jpg\" data-libid=\"1645\" data-lib=\"medialibrary\" width=\"0\" height=\"0\" data-dbsrc=\"Ly9lcGljLWVsaW9uLjIxMy0xNjctMjI3LTExNy5wbGVzay5wYWdlL3dwLWNvbnRlbnQvdXBsb2Fkcy8yMDI1LzA2L0wxMDAwNjU1LXNjYWxlZC5qcGc=\"\/>\n\t\t\t\t\t\t<img data-src=\"\/\/epic-elion.213-167-227-117.plesk.page\/wp-content\/uploads\/2025\/06\/L1000267-scaled.jpg\" data-libid=\"1642\" data-lib=\"medialibrary\" width=\"0\" height=\"0\" data-dbsrc=\"Ly9lcGljLWVsaW9uLjIxMy0xNjctMjI3LTExNy5wbGVzay5wYWdlL3dwLWNvbnRlbnQvdXBsb2Fkcy8yMDI1LzA2L0wxMDAwMjY3LXNjYWxlZC5qcGc=\"\/>\n\t\t\t\t\t\t<img data-src=\"\/\/epic-elion.213-167-227-117.plesk.page\/wp-content\/uploads\/2025\/06\/L1010365-scaled.jpg\" data-libid=\"1643\" data-lib=\"medialibrary\" width=\"0\" height=\"0\" data-dbsrc=\"Ly9lcGljLWVsaW9uLjIxMy0xNjctMjI3LTExNy5wbGVzay5wYWdlL3dwLWNvbnRlbnQvdXBsb2Fkcy8yMDI1LzA2L0wxMDEwMzY1LXNjYWxlZC5qcGc=\"\/>\n\t\t\t\t\t<\/image_lists>\n\t\t\t\t<\/sr7-module>\n\t\t\t\t<script>\n\t\t\t\t\tSR7.PMH ??={}; SR7.PMH[\"SR7_6_1\"] = {cn:100,state:false,fn: function() { if (_tpt!==undefined && _tpt.prepareModuleHeight !== undefined) {  _tpt.prepareModuleHeight({id:\"SR7_6_1\",el:[600,600,600,600,250],type:'standard',shdw:'0',gh:[600,600,600,600,250],gw:[2000,2000,2000,2000,480],vpt:['-100px&#039;,&#039;-100px&#039;,&#039;-100px&#039;,&#039;-100px&#039;,&#039;-100px'],size:{fullWidth:true, fullHeight:false},mh:'0',onh:0,onw:0,bg:{color:'{\"orig\":\"transparent\",\"type\":\"solid\",\"string\":\"transparent\"}'}});   SR7.PMH[\"SR7_6_1\"].state=true;} else if(SR7.PMH[\"SR7_6_1\"].cn-->0)\tsetTimeout( SR7.PMH[\"SR7_6_1\"].fn,19);}};SR7.PMH[\"SR7_6_1\" ].fn();\n\t\t\t\t<\/script>\n[\/vc_column][\/vc_row]<\/p>\n<\/div>","protected":false},"excerpt":{"rendered":"<p>[vc_row css_animation=&#8220;fadeInUp&#8220;][vc_column width=&#8220;2\/3&#8243; css=&#8220;.vc_custom_1742572467967{padding-top: 60px !important;}&#8220;][vc_column_text css=&#8220;&#8220;] Kontakt So erreichen Sie uns \u2013 einfach und direkt. [\/vc_column_text][\/vc_column][vc_column width=&#8220;1\/3&#8243;][\/vc_column][\/vc_row][vc_row css_animation=&#8220;fadeInUp&#8220;][vc_column width=&#8220;1\/3&#8243;][\/vc_column][vc_column width=&#8220;2\/3&#8243;][vc_column_text css=&#8220;&#8220;] Sie m\u00f6chten eine Startzeit buchen, haben Fragen zu unseren Angeboten oder w\u00fcnschen weitere Informationen? Hier finden Sie alle wichtigen Informationen zu \u00d6ffnungszeiten und Anfahrt zum Golfclub Domat\/Ems. Wir freuen uns auf Ihre Anfrage!&hellip;<\/p>\n","protected":false},"author":1,"featured_media":0,"parent":0,"menu_order":0,"comment_status":"closed","ping_status":"closed","template":"","meta":{"_acf_changed":false,"om_disable_all_campaigns":false,"footnotes":""},"class_list":["post-113","page","type-page","status-publish","hentry","description-off"],"acf":[],"_links":{"self":[{"href":"https:\/\/epic-elion.213-167-227-117.plesk.page\/index.php\/wp-json\/wp\/v2\/pages\/113","targetHints":{"allow":["GET"]}}],"collection":[{"href":"https:\/\/epic-elion.213-167-227-117.plesk.page\/index.php\/wp-json\/wp\/v2\/pages"}],"about":[{"href":"https:\/\/epic-elion.213-167-227-117.plesk.page\/index.php\/wp-json\/wp\/v2\/types\/page"}],"author":[{"embeddable":true,"href":"https:\/\/epic-elion.213-167-227-117.plesk.page\/index.php\/wp-json\/wp\/v2\/users\/1"}],"replies":[{"embeddable":true,"href":"https:\/\/epic-elion.213-167-227-117.plesk.page\/index.php\/wp-json\/wp\/v2\/comments?post=113"}],"version-history":[{"count":68,"href":"https:\/\/epic-elion.213-167-227-117.plesk.page\/index.php\/wp-json\/wp\/v2\/pages\/113\/revisions"}],"predecessor-version":[{"id":2628,"href":"https:\/\/epic-elion.213-167-227-117.plesk.page\/index.php\/wp-json\/wp\/v2\/pages\/113\/revisions\/2628"}],"wp:attachment":[{"href":"https:\/\/epic-elion.213-167-227-117.plesk.page\/index.php\/wp-json\/wp\/v2\/media?parent=113"}],"curies":[{"name":"wp","href":"https:\/\/api.w.org\/{rel}","templated":true}]}}