{"id":1096,"date":"2025-05-15T11:57:45","date_gmt":"2025-05-15T11:57:45","guid":{"rendered":"https:\/\/epic-elion.213-167-227-117.plesk.page\/?page_id=1096"},"modified":"2025-07-14T09:21:12","modified_gmt":"2025-07-14T09:21:12","slug":"turniere","status":"publish","type":"page","link":"https:\/\/epic-elion.213-167-227-117.plesk.page\/index.php\/turniere\/","title":{"rendered":"Turniere"},"content":{"rendered":"<div class=\"wpb-content-wrapper\"><p>[vc_row css_animation=&#8220;fadeInUp&#8220;][vc_column width=&#8220;2\/3&#8243; css=&#8220;.vc_custom_1742572467967{padding-top: 60px !important;}&#8220;][vc_column_text css=&#8220;&#8220;]<\/p>\n<h1>Turniere<\/h1>\n<h2>Freude am Wettbewerb<\/h2>\n<p>[\/vc_column_text][\/vc_column][vc_column width=&#8220;1\/3&#8243;][\/vc_column][\/vc_row][vc_row css_animation=&#8220;fadeInUp&#8220;][vc_column width=&#8220;1\/3&#8243;][\/vc_column][vc_column width=&#8220;2\/3&#8243;][vc_column_text css=&#8220;&#8220;]<\/p>\n<div class=\"csc-header csc-header-n2\">\n<p>Verbessern Sie Ihr Handicap und geniessen Sie die gesellige Atmosph\u00e4re bei unseren Clubturnieren. Ob sportlicher Wettkampf oder unbeschwertes Plauschturnier \u2013 unsere Turniere bieten f\u00fcr alle Spielst\u00e4rken die perfekte Gelegenheit, Spass zu haben und gemeinsam sch\u00f6ne Stunden zu verbringen.<\/p>\n<p>Alle Informationen zu unseren Turnieren finden Sie in unseren Ausschreibungen im Clubhaus und auf unserer Website. <strong>Anmeldeschluss ist jeweils zwei Tage vor dem Turnier um 12 Uhr.<\/strong><\/p>\n<\/div>\n<p>[\/vc_column_text][\/vc_column][\/vc_row][vc_row][vc_column][vc_column_text css=&#8220;&#8220;]<iframe style=\"border: 0;\" data-src=\"https:\/\/www.pccaddie.net\/clubs\/0410042\/app.php?cat=ts_calendar\" width=\"100%\" height=\"800\" src=\"data:image\/svg+xml;base64,PHN2ZyB3aWR0aD0iMSIgaGVpZ2h0PSIxIiB4bWxucz0iaHR0cDovL3d3dy53My5vcmcvMjAwMC9zdmciPjwvc3ZnPg==\" class=\"lazyload\" data-load-mode=\"1\"><\/iframe><br \/>\n[\/vc_column_text][\/vc_column][\/vc_row][vc_row gap=&#8220;10&#8243; content_placement=&#8220;middle&#8220; bg_type=&#8220;bg_color&#8220; css=&#8220;.vc_custom_1751271589000{margin-bottom: 50px !important;padding-top: 30px !important;padding-bottom: 30px !important;}&#8220; bg_color_value=&#8220;#3D91CB&#8220;][vc_column width=&#8220;1\/3&#8243; css=&#8220;.vc_custom_1751271654776{padding-top: 20px !important;padding-right: 20px !important;padding-bottom: 20px !important;padding-left: 20px !important;}&#8220;][vc_row_inner content_placement=&#8220;middle&#8220;][vc_column_inner width=&#8220;1\/4&#8243; css=&#8220;.vc_custom_1751271524184{margin-right: 0px !important;padding-right: 0px !important;}&#8220;][vc_single_image image=&#8220;2135&#8243; img_size=&#8220;50&#215;50&#8243; css=&#8220;&#8220;][\/vc_column_inner][vc_column_inner width=&#8220;3\/4&#8243; css=&#8220;.vc_custom_1751271518431{margin-left: 0px !important;padding-left: 0px !important;}&#8220;][vc_column_text css=&#8220;&#8220;]<span style=\"color: #ffffff;\"><strong>blau<\/strong><\/span>[\/vc_column_text][\/vc_column_inner][\/vc_row_inner][vc_column_text css=&#8220;.vc_custom_1751271411116{margin-top: 0px !important;margin-bottom: 0px !important;padding-top: 0px !important;}&#8220;]<span style=\"color: #ffffff;\">Turnier intern\/offen<\/span><br \/>\n<span style=\"color: #ffffff;\">f\u00fcr Mitglieder GCDE und geladene G\u00e4ste<\/span>[\/vc_column_text][\/vc_column][vc_column width=&#8220;1\/3&#8243; css=&#8220;.vc_custom_1751271665656{padding-top: 20px !important;padding-right: 20px !important;padding-bottom: 20px !important;padding-left: 20px !important;}&#8220;][vc_row_inner content_placement=&#8220;middle&#8220;][vc_column_inner width=&#8220;1\/4&#8243; css=&#8220;.vc_custom_1751271528985{margin-right: 0px !important;padding-right: 0px !important;}&#8220;][vc_single_image image=&#8220;1724&#8243; img_size=&#8220;50&#215;50&#8243; css=&#8220;&#8220;][\/vc_column_inner][vc_column_inner width=&#8220;3\/4&#8243; css=&#8220;.vc_custom_1751271534819{margin-left: 0px !important;padding-left: 0px !important;}&#8220;][vc_column_text css=&#8220;&#8220;]<span style=\"color: #ffffff;\"><strong>gr\u00fcn<\/strong><\/span>[\/vc_column_text][\/vc_column_inner][\/vc_row_inner][vc_column_text css=&#8220;.vc_custom_1751271404846{margin-top: 0px !important;margin-bottom: 0px !important;padding-top: 0px !important;}&#8220;]<span style=\"color: #ffffff;\">Turnier offen<\/span><br \/>\n<span style=\"color: #ffffff;\">f\u00fcr Mitglieder GCDE und alle G\u00e4ste<\/span>[\/vc_column_text][\/vc_column][vc_column width=&#8220;1\/3&#8243; css=&#8220;.vc_custom_1751271676644{padding-top: 20px !important;padding-right: 20px !important;padding-bottom: 20px !important;padding-left: 20px !important;}&#8220;][vc_row_inner content_placement=&#8220;middle&#8220;][vc_column_inner width=&#8220;1\/4&#8243; css=&#8220;.vc_custom_1751271540273{margin-right: 0px !important;padding-right: 0px !important;}&#8220;][vc_single_image image=&#8220;1730&#8243; img_size=&#8220;50&#215;50&#8243; css=&#8220;&#8220;][\/vc_column_inner][vc_column_inner width=&#8220;3\/4&#8243; css=&#8220;.vc_custom_1751271545759{margin-left: 0px !important;padding-left: 0px !important;}&#8220;][vc_column_text css=&#8220;&#8220;]<span style=\"color: #ffffff;\"><strong>rot<\/strong><\/span>[\/vc_column_text][\/vc_column_inner][\/vc_row_inner][vc_column_text css=&#8220;.vc_custom_1751271399558{margin-top: 0px !important;margin-bottom: 0px !important;padding-top: 0px !important;}&#8220;]<span style=\"color: #ffffff;\">Turnier intern<\/span><br \/>\n<span style=\"color: #ffffff;\">f\u00fcr Mitglieder GCDE<\/span>[\/vc_column_text][\/vc_column][\/vc_row][vc_row css=&#8220;.vc_custom_1750943650545{margin-bottom: 60px !important;}&#8220;][vc_column][vc_column_text css=&#8220;.vc_custom_1750862880534{margin-top: 30px !important;}&#8220;]Startlisten werden am\u00a0<strong>Vortag ab 12.00 Uhr<\/strong>\u00a0auf unserer Website publiziert.<br \/>\nWenn Sie uns Ihre\u00a0Handy-Nummer<strong>\u00a0<\/strong>\u00fcberlassen, \u00fcbermitteln wir Ihnen Ihre Startzeit per\u00a0SMS.<\/p>\n<p>Die Rangverk\u00fcndigung findet normalerweise im Anschluss an ein Turnier statt.[\/vc_column_text][\/vc_column][\/vc_row]<\/p>\n<\/div>","protected":false},"excerpt":{"rendered":"<p>[vc_row css_animation=&#8220;fadeInUp&#8220;][vc_column width=&#8220;2\/3&#8243; css=&#8220;.vc_custom_1742572467967{padding-top: 60px !important;}&#8220;][vc_column_text css=&#8220;&#8220;] Turniere Freude am Wettbewerb [\/vc_column_text][\/vc_column][vc_column width=&#8220;1\/3&#8243;][\/vc_column][\/vc_row][vc_row css_animation=&#8220;fadeInUp&#8220;][vc_column width=&#8220;1\/3&#8243;][\/vc_column][vc_column width=&#8220;2\/3&#8243;][vc_column_text css=&#8220;&#8220;] Verbessern Sie Ihr Handicap und geniessen Sie die gesellige Atmosph\u00e4re bei unseren Clubturnieren. Ob sportlicher Wettkampf oder unbeschwertes Plauschturnier \u2013 unsere Turniere bieten f\u00fcr alle Spielst\u00e4rken die perfekte Gelegenheit, Spass zu haben und gemeinsam sch\u00f6ne Stunden zu verbringen.&hellip;<\/p>\n","protected":false},"author":1,"featured_media":0,"parent":0,"menu_order":0,"comment_status":"closed","ping_status":"closed","template":"","meta":{"_acf_changed":false,"om_disable_all_campaigns":false,"footnotes":""},"class_list":["post-1096","page","type-page","status-publish","hentry","description-off"],"acf":[],"_links":{"self":[{"href":"https:\/\/epic-elion.213-167-227-117.plesk.page\/index.php\/wp-json\/wp\/v2\/pages\/1096","targetHints":{"allow":["GET"]}}],"collection":[{"href":"https:\/\/epic-elion.213-167-227-117.plesk.page\/index.php\/wp-json\/wp\/v2\/pages"}],"about":[{"href":"https:\/\/epic-elion.213-167-227-117.plesk.page\/index.php\/wp-json\/wp\/v2\/types\/page"}],"author":[{"embeddable":true,"href":"https:\/\/epic-elion.213-167-227-117.plesk.page\/index.php\/wp-json\/wp\/v2\/users\/1"}],"replies":[{"embeddable":true,"href":"https:\/\/epic-elion.213-167-227-117.plesk.page\/index.php\/wp-json\/wp\/v2\/comments?post=1096"}],"version-history":[{"count":27,"href":"https:\/\/epic-elion.213-167-227-117.plesk.page\/index.php\/wp-json\/wp\/v2\/pages\/1096\/revisions"}],"predecessor-version":[{"id":2488,"href":"https:\/\/epic-elion.213-167-227-117.plesk.page\/index.php\/wp-json\/wp\/v2\/pages\/1096\/revisions\/2488"}],"wp:attachment":[{"href":"https:\/\/epic-elion.213-167-227-117.plesk.page\/index.php\/wp-json\/wp\/v2\/media?parent=1096"}],"curies":[{"name":"wp","href":"https:\/\/api.w.org\/{rel}","templated":true}]}}